{"id":11329,"date":"2020-09-27T15:03:58","date_gmt":"2020-09-27T14:03:58","guid":{"rendered":"https:\/\/www.aircomsystem.com\/aircom\/"},"modified":"2025-09-25T14:09:47","modified_gmt":"2025-09-25T13:09:47","slug":"aircom","status":"publish","type":"page","link":"https:\/\/www.aircomsystem.com\/de\/aircom\/","title":{"rendered":"Aircom"},"content":{"rendered":"<p>[et_pb_section fb_built=&#8220;1&#8243; _builder_version=&#8220;4.16&#8243; background_color=&#8220;#444444&#8243; custom_padding=&#8220;57px|0|49px|0px|false|false&#8220; global_colors_info=&#8220;{}&#8220;][et_pb_row column_structure=&#8220;1_2,1_2&#8243; use_custom_gutter=&#8220;on&#8220; gutter_width=&#8220;2&#8243; module_class=&#8220;btn-inline &#8220; _builder_version=&#8220;4.16&#8243; custom_margin=&#8220;||60px&#8220; use_custom_width=&#8220;on&#8220; custom_width_px=&#8220;1400px&#8220; global_colors_info=&#8220;{}&#8220;][et_pb_column type=&#8220;1_2&#8243; _builder_version=&#8220;4.16&#8243; custom_padding=&#8220;|||&#8220; global_colors_info=&#8220;{}&#8220; custom_padding__hover=&#8220;|||&#8220;][et_pb_text ul_item_indent=&#8220;19px&#8220; _builder_version=&#8220;4.16&#8243; text_font=&#8220;Open Sans||||||||&#8220; text_font_size=&#8220;16px&#8220; ul_font_size=&#8220;16px&#8220; ul_line_height=&#8220;1.7em&#8220; header_font=&#8220;Rajdhani|500|||||||&#8220; header_text_align=&#8220;left&#8220; header_text_color=&#8220;#86c2eb&#8220; header_2_font=&#8220;Rajdhani|600|||||||&#8220; header_2_text_color=&#8220;#86c2eb&#8220; header_2_font_size=&#8220;50px&#8220; header_2_line_height=&#8220;1.1em&#8220; header_6_font=&#8220;Open Sans|600|||||||&#8220; header_6_text_color=&#8220;#86c2eb&#8220; header_6_font_size=&#8220;19px&#8220; header_6_line_height=&#8220;1.5em&#8220; module_alignment=&#8220;left&#8220; custom_margin_last_edited=&#8220;off|desktop&#8220; custom_padding_tablet=&#8220;&#8220; custom_padding_phone=&#8220;|||&#8220; custom_padding_last_edited=&#8220;on|desktop&#8220; animation_style=&#8220;fade&#8220; animation_delay=&#8220;400ms&#8220; z_index_tablet=&#8220;500&#8243; global_colors_info=&#8220;{}&#8220; custom_css_main_element__hover_enabled=&#8220;on&#8220;]<\/p>\n<h2 style=\"text-align: left;\">\u00dcber Uns<\/h2>\n<h6>AIRCOM ist ein italienisches Unternehmen, das sich auf die Entwicklung und Herstellung von leistungsstarken und technologisch fortschrittlichen Rohrleitungen und Verbindern f\u00fcr Druckluftanlagen und Medien unter Druck spezialisiert hat.<\/h6>\n<p><span>Dank der betriebsinternen Entwicklung und des weitreichenden technischen Know-hows stellt der Supportservice f\u00fcr unsere Partner\u00a0<\/span><strong>einen Bezugspunkt f\u00fcr die gesamte Branche auf internationalem Niveau dar.<\/strong><\/p>\n<p>[\/et_pb_text][et_pb_button button_url=&#8220;@ET-DC@eyJkeW5hbWljIjp0cnVlLCJjb250ZW50IjoicG9zdF9saW5rX3VybF9wYWdlIiwic2V0dGluZ3MiOnsicG9zdF9pZCI6IjEwNzczIn19@&#8220; button_text=&#8220;SYSTEME&#8220; _builder_version=&#8220;4.16&#8243; _dynamic_attributes=&#8220;button_url&#8220; custom_button=&#8220;on&#8220; button_text_size=&#8220;14px&#8220; button_text_color=&#8220;#86c2eb&#8220; button_bg_color=&#8220;#444444&#8243; button_border_width=&#8220;2px&#8220; button_border_color=&#8220;#86c2eb&#8220; button_letter_spacing=&#8220;1px&#8220; button_font=&#8220;Rajdhani|700||on|||||&#8220; button_use_icon=&#8220;off&#8220; custom_margin=&#8220;||20px&#8220; custom_padding=&#8220;|40px||40px&#8220; animation_style=&#8220;fade&#8220; animation_delay=&#8220;800ms&#8220; global_colors_info=&#8220;{}&#8220; button_border_radius__hover_enabled=&#8220;on&#8220; button_bg_color__hover_enabled=&#8220;on&#8220; button_bg_color__hover=&#8220;#86c2eb&#8220; button_border_width__hover_enabled=&#8220;on&#8220; button_border_width__hover=&#8220;2px&#8220; button_text_color__hover_enabled=&#8220;on&#8220; button_text_color__hover=&#8220;#292929&#8243; button_border_color__hover_enabled=&#8220;on&#8220; button_border_color__hover=&#8220;#86c2eb&#8220;][\/et_pb_button][\/et_pb_column][et_pb_column type=&#8220;1_2&#8243; _builder_version=&#8220;4.16&#8243; custom_padding=&#8220;|||&#8220; global_colors_info=&#8220;{}&#8220; custom_padding__hover=&#8220;|||&#8220;][et_pb_image src=&#8220;https:\/\/www.aircomsystem.com\/wp-content\/uploads\/2020\/10\/chi_siamo_01.jpg&#8220; title_text=&#8220;chi_siamo_01&#8243; align_tablet=&#8220;center&#8220; align_phone=&#8220;&#8220; align_last_edited=&#8220;on|desktop&#8220; _builder_version=&#8220;4.16&#8243; animation_style=&#8220;fade&#8220; animation_delay=&#8220;1000ms&#8220; global_colors_info=&#8220;{}&#8220;][\/et_pb_image][\/et_pb_column][\/et_pb_row][et_pb_row column_structure=&#8220;1_5,3_5,1_5&#8243; use_custom_gutter=&#8220;on&#8220; gutter_width=&#8220;2&#8243; module_id=&#8220;la-storia&#8220; module_class=&#8220;btn-inline &#8220; _builder_version=&#8220;4.16&#8243; max_width=&#8220;90%&#8220; use_custom_width=&#8220;on&#8220; width_unit=&#8220;off&#8220; custom_width_percent=&#8220;90%&#8220; global_colors_info=&#8220;{}&#8220;][et_pb_column type=&#8220;1_5&#8243; _builder_version=&#8220;4.16&#8243; custom_padding=&#8220;|||&#8220; global_colors_info=&#8220;{}&#8220; custom_padding__hover=&#8220;|||&#8220;][\/et_pb_column][et_pb_column type=&#8220;3_5&#8243; _builder_version=&#8220;4.16&#8243; custom_padding=&#8220;|||&#8220; global_colors_info=&#8220;{}&#8220; custom_padding__hover=&#8220;|||&#8220;][et_pb_text ul_item_indent=&#8220;19px&#8220; _builder_version=&#8220;4.16&#8243; text_font=&#8220;Open Sans||||||||&#8220; text_font_size=&#8220;16px&#8220; ul_font=&#8220;||||||||&#8220; ul_font_size=&#8220;16px&#8220; ul_line_height=&#8220;1.7em&#8220; header_font=&#8220;Rajdhani|500|||||||&#8220; header_text_align=&#8220;left&#8220; header_text_color=&#8220;#86c2eb&#8220; header_2_font=&#8220;Rajdhani|600|||||||&#8220; header_2_text_color=&#8220;#86c2eb&#8220; header_2_font_size=&#8220;50px&#8220; header_2_line_height=&#8220;1.1em&#8220; header_6_font=&#8220;Open Sans|600|||||||&#8220; header_6_text_color=&#8220;#86c2eb&#8220; header_6_font_size=&#8220;19px&#8220; header_6_line_height=&#8220;1.5em&#8220; module_alignment=&#8220;left&#8220; custom_margin_last_edited=&#8220;off|desktop&#8220; custom_padding_tablet=&#8220;&#8220; custom_padding_phone=&#8220;|||&#8220; custom_padding_last_edited=&#8220;on|desktop&#8220; animation_style=&#8220;fade&#8220; animation_delay=&#8220;400ms&#8220; global_colors_info=&#8220;{}&#8220; custom_css_main_element__hover_enabled=&#8220;on&#8220;]<\/p>\n<h2 style=\"text-align: left;\">Die Geschichte<\/h2>\n<h6>AIRCOM wurde 1996 von Stefano Di Liberto gegr\u00fcndet und ist die zweite Generation in der Entwicklung und Herstellung von Rohren, Verbindern und Zubeh\u00f6r aus Technopolymeren und Verbundwerkstoffen f\u00fcr gasf\u00f6rmige Medien unter Druck.<\/h6>\n<p>Marco, father of Stefano, founded FIP in 1953, the first company in Europe to develop fittings and valves made of <strong>polymers for pressurized fluids<\/strong>, both with mechanical junction and cold welding. All the currently existing fittings for \u2018Blue pipes\u2019 come from the fittings designed and developed at the end of the 60s by Plasson in Israel and by FIP in Italy.<\/p>\n<p><strong>1953 gr\u00fcndete Marco, der Vater von Stefano, FIP, das erste Unternehmen Europas, das Verbinder und Ventile aus Polymeren<\/strong><span>\u00a0<\/span>f\u00fcr gasf\u00f6rmige Medien unter Druck sowohl mit mechanischen Verbindungen als auch f\u00fcr Kaltverschwei\u00dfungen entwickelte. S\u00e4mtliche der heutzutage existierenden \u201eBlue pipe\u201c-Verbindern lassen sich auf die Ende der 60er Jahre von Plasson in Israel und von FIP in Italien entworfenen und entwickelten Verbindern zur\u00fcckf\u00fchren.<\/p>\n<p>Seit 1996 entwickelt AIRCOM eine Reihe an Komplettsortimenten zur Verteilung von Druckluft und anderen Fl\u00fcssigkeiten unter Druck entwickelt: von der<span>\u00a0<\/span><strong>Classic Line<\/strong><span>\u00a0<\/span>aus hochschlagfestem duktilem Technopolymer mit Kaltverschwei\u00dfungstechnik bis hin zur<span>\u00a0<\/span><strong>Quick Line aus Aluminiumrohren und Verbindern aus Aluminium oder HIP (High Impact) Polymeren<\/strong>.<\/p>\n<p>Im Jahr 2005 wird Aircom im Auftrag von Atlas Copco zum Designer und Hersteller der AIRnet-Linie. Aufgrund des gro\u00dfen Erfolgs beschloss Atlas 2012, diese Produklinie eigenst\u00e4ndig zu fertigen. S\u00e4mtliche neuen Technologien, die Aircom in den vergangenen 20 Jahren konzipiert und entwickelt hat, haben es unseren Kunden erm\u00f6glicht, die Qualit\u00e4t ihrer Systeme zu verbessern, die Kosten f\u00fcr Installationen und k\u00fcnftige Erweiterungen erheblich zu reduzieren und nicht zuletzt sowohl die Energiekosten zur Erzeugung von Druckluft als auch die Investitionskosten eindeutig zu verringern, wodurch sowohl wirtschaftliche als auch \u00f6kologische Vorteile entstehen.<\/p>\n<p>Heute konzentriert sich AIRCOM auf die fortlaufende Weiterentwicklung und Erweiterung der Produktpalette, um den Bed\u00fcrfnissen von Installateuren gerecht zu werden, sowie auf die Entwicklung von Berechnungs- und Designsoftware, um die Unterst\u00fctzung w\u00e4hrend der Planung von Anlagen weiterhin zu verbessern und die Vorteile f\u00fcr unsere Partner zu erh\u00f6hen.<\/p>\n<p>Zuk\u00fcnftig wird es einen fortlaufenden Prozess zur Erweiterung der Produktpaletten sowie eine unglaubliche Entwicklung s\u00e4mtlicher Anlagenkonzepte und Steuerungssysteme geben, um die Vorteile f\u00fcr unsere Partner weiterhin zu erh\u00f6hen. Ein starker Fokus auf Energieersparnis, Verringerung der installierten Leistung anhand der Optimierung der Druckluftverteilungsleitungen wird im Mittelpunkt all unserer Bem\u00fchungen stehen.<\/p>\n<p>[\/et_pb_text][\/et_pb_column][et_pb_column type=&#8220;1_5&#8243; _builder_version=&#8220;4.16&#8243; custom_padding=&#8220;|||&#8220; global_colors_info=&#8220;{}&#8220; custom_padding__hover=&#8220;|||&#8220;][\/et_pb_column][\/et_pb_row][et_pb_row column_structure=&#8220;1_2,1_2&#8243; use_custom_gutter=&#8220;on&#8220; gutter_width=&#8220;2&#8243; module_id=&#8220;la-storia&#8220; module_class=&#8220;btn-inline &#8220; _builder_version=&#8220;4.16&#8243; use_custom_width=&#8220;on&#8220; global_colors_info=&#8220;{}&#8220;][et_pb_column type=&#8220;1_2&#8243; _builder_version=&#8220;4.16&#8243; custom_padding=&#8220;|||&#8220; global_colors_info=&#8220;{}&#8220; custom_padding__hover=&#8220;|||&#8220;][et_pb_image src=&#8220;https:\/\/www.aircomsystem.com\/wp-content\/uploads\/2020\/10\/chi_siamo_logo_aircom_vecchio.png&#8220; title_text=&#8220;chi_siamo_logo_aircom_vecchio&#8220; align_tablet=&#8220;center&#8220; align_phone=&#8220;&#8220; align_last_edited=&#8220;on|desktop&#8220; _builder_version=&#8220;4.16&#8243; global_colors_info=&#8220;{}&#8220;][\/et_pb_image][et_pb_text ul_item_indent=&#8220;19px&#8220; _builder_version=&#8220;4.16&#8243; text_font=&#8220;Open Sans||||||||&#8220; text_font_size=&#8220;16px&#8220; ul_font=&#8220;||||||||&#8220; ul_font_size=&#8220;16px&#8220; ul_line_height=&#8220;1.7em&#8220; header_font=&#8220;Rajdhani|500|||||||&#8220; header_text_align=&#8220;center&#8220; header_text_color=&#8220;#86c2eb&#8220; header_2_font=&#8220;Rajdhani|600|||||||&#8220; header_2_text_color=&#8220;#86c2eb&#8220; header_2_font_size=&#8220;50px&#8220; header_2_line_height=&#8220;1.1em&#8220; header_3_font=&#8220;Rajdhani|700||on|||||&#8220; header_3_text_align=&#8220;center&#8220; header_3_text_color=&#8220;#86c2eb&#8220; header_3_font_size=&#8220;25px&#8220; header_6_font=&#8220;Open Sans|600|||||||&#8220; header_6_text_color=&#8220;#86c2eb&#8220; header_6_font_size=&#8220;19px&#8220; header_6_line_height=&#8220;1.5em&#8220; module_alignment=&#8220;left&#8220; custom_margin_last_edited=&#8220;off|desktop&#8220; custom_padding_tablet=&#8220;&#8220; custom_padding_phone=&#8220;|||&#8220; custom_padding_last_edited=&#8220;on|desktop&#8220; animation_style=&#8220;fade&#8220; animation_delay=&#8220;400ms&#8220; global_colors_info=&#8220;{}&#8220; custom_css_main_element__hover_enabled=&#8220;on&#8220;]<\/p>\n<h3>AIRCOM AM ANFANG<\/h3>\n<p>[\/et_pb_text][\/et_pb_column][et_pb_column type=&#8220;1_2&#8243; _builder_version=&#8220;4.16&#8243; custom_padding=&#8220;|||&#8220; global_colors_info=&#8220;{}&#8220; custom_padding__hover=&#8220;|||&#8220;][et_pb_image src=&#8220;https:\/\/www.aircomsystem.com\/wp-content\/uploads\/2020\/10\/chi_siamo_logo_aircom_attuale.png&#8220; title_text=&#8220;chi_siamo_logo_aircom_attuale&#8220; align_tablet=&#8220;center&#8220; align_phone=&#8220;&#8220; align_last_edited=&#8220;on|desktop&#8220; _builder_version=&#8220;4.16&#8243; global_colors_info=&#8220;{}&#8220;][\/et_pb_image][et_pb_text ul_item_indent=&#8220;19px&#8220; _builder_version=&#8220;4.16&#8243; text_font=&#8220;Open Sans||||||||&#8220; text_font_size=&#8220;16px&#8220; ul_font=&#8220;||||||||&#8220; ul_font_size=&#8220;16px&#8220; ul_line_height=&#8220;1.7em&#8220; header_font=&#8220;Rajdhani|500|||||||&#8220; header_text_align=&#8220;center&#8220; header_text_color=&#8220;#86c2eb&#8220; header_2_font=&#8220;Rajdhani|600|||||||&#8220; header_2_text_color=&#8220;#86c2eb&#8220; header_2_font_size=&#8220;50px&#8220; header_2_line_height=&#8220;1.1em&#8220; header_3_font=&#8220;Rajdhani|700||on|||||&#8220; header_3_text_align=&#8220;center&#8220; header_3_text_color=&#8220;#86c2eb&#8220; header_3_font_size=&#8220;25px&#8220; header_6_font=&#8220;Open Sans|600|||||||&#8220; header_6_text_color=&#8220;#86c2eb&#8220; header_6_font_size=&#8220;19px&#8220; header_6_line_height=&#8220;1.5em&#8220; module_alignment=&#8220;left&#8220; custom_margin_last_edited=&#8220;off|desktop&#8220; custom_padding_tablet=&#8220;&#8220; custom_padding_phone=&#8220;|||&#8220; custom_padding_last_edited=&#8220;on|desktop&#8220; animation_style=&#8220;fade&#8220; animation_delay=&#8220;400ms&#8220; global_colors_info=&#8220;{}&#8220; custom_css_main_element__hover_enabled=&#8220;on&#8220;]<\/p>\n<h3>AIRCOM HEUTE<\/h3>\n<p>[\/et_pb_text][\/et_pb_column][\/et_pb_row][\/et_pb_section]<\/p>\n","protected":false},"excerpt":{"rendered":"<p>\u00dcber Uns AIRCOM ist ein italienisches Unternehmen, das sich auf die Entwicklung und Herstellung von leistungsstarken und technologisch fortschrittlichen Rohrleitungen und Verbindern f\u00fcr Druckluftanlagen und Medien unter Druck spezialisiert hat. Dank der betriebsinternen Entwicklung und des weitreichenden technischen Know-hows stellt der Supportservice f\u00fcr unsere Partner\u00a0einen Bezugspunkt f\u00fcr die gesamte Branche auf internationalem Niveau dar.Die Geschichte [&hellip;]<\/p>\n","protected":false},"author":1,"featured_media":0,"parent":0,"menu_order":0,"comment_status":"closed","ping_status":"closed","template":"","meta":{"_et_pb_use_builder":"on","_et_pb_old_content":"","_et_gb_content_width":"","footnotes":""},"class_list":["post-11329","page","type-page","status-publish","hentry"],"yoast_head":"<!-- This site is optimized with the Yoast SEO plugin v27.5 - https:\/\/yoast.com\/product\/yoast-seo-wordpress\/ -->\n<title>Aircom - AIRCOM<\/title>\n<meta name=\"description\" content=\"Dank unserer Eigenentwicklung und des tiefen technischen Know-hows stellen unsere Partner Support Services einen internationalen Ma\u00dfstab f\u00fcr die gesamte Branche dar.\" \/>\n<meta name=\"robots\" content=\"index, follow, max-snippet:-1, max-image-preview:large, max-video-preview:-1\" \/>\n<link rel=\"canonical\" href=\"https:\/\/www.aircomsystem.com\/en\/aircom\/\" \/>\n<meta property=\"og:locale\" content=\"de_DE\" \/>\n<meta property=\"og:type\" content=\"article\" \/>\n<meta property=\"og:title\" content=\"Aircom - AIRCOM\" \/>\n<meta property=\"og:description\" content=\"Dank unserer Eigenentwicklung und des tiefen technischen Know-hows stellen unsere Partner Support Services einen internationalen Ma\u00dfstab f\u00fcr die gesamte Branche dar.\" \/>\n<meta property=\"og:url\" content=\"https:\/\/www.aircomsystem.com\/en\/aircom\/\" \/>\n<meta property=\"og:site_name\" content=\"AIRCOM\" \/>\n<meta property=\"article:modified_time\" content=\"2025-09-25T13:09:47+00:00\" \/>\n<meta name=\"twitter:card\" content=\"summary_large_image\" \/>\n<meta name=\"twitter:label1\" content=\"Gesch\u00e4tzte Lesezeit\" \/>\n\t<meta name=\"twitter:data1\" content=\"7\u00a0Minuten\" \/>\n<script type=\"application\/ld+json\" class=\"yoast-schema-graph\">{\"@context\":\"https:\\\/\\\/schema.org\",\"@graph\":[{\"@type\":\"WebPage\",\"@id\":\"https:\\\/\\\/www.aircomsystem.com\\\/en\\\/aircom\\\/\",\"url\":\"https:\\\/\\\/www.aircomsystem.com\\\/en\\\/aircom\\\/\",\"name\":\"Aircom - AIRCOM\",\"isPartOf\":{\"@id\":\"https:\\\/\\\/www.aircomsystem.com\\\/en\\\/#website\"},\"datePublished\":\"2020-09-27T14:03:58+00:00\",\"dateModified\":\"2025-09-25T13:09:47+00:00\",\"description\":\"Dank unserer Eigenentwicklung und des tiefen technischen Know-hows stellen unsere Partner Support Services einen internationalen Ma\u00dfstab f\u00fcr die gesamte Branche dar.\",\"inLanguage\":\"de\",\"potentialAction\":[{\"@type\":\"ReadAction\",\"target\":[\"https:\\\/\\\/www.aircomsystem.com\\\/en\\\/aircom\\\/\"]}]},{\"@type\":\"WebSite\",\"@id\":\"https:\\\/\\\/www.aircomsystem.com\\\/en\\\/#website\",\"url\":\"https:\\\/\\\/www.aircomsystem.com\\\/en\\\/\",\"name\":\"AIRCOM\",\"description\":\"\",\"publisher\":{\"@id\":\"https:\\\/\\\/www.aircomsystem.com\\\/en\\\/#organization\"},\"potentialAction\":[{\"@type\":\"SearchAction\",\"target\":{\"@type\":\"EntryPoint\",\"urlTemplate\":\"https:\\\/\\\/www.aircomsystem.com\\\/en\\\/?s={search_term_string}\"},\"query-input\":{\"@type\":\"PropertyValueSpecification\",\"valueRequired\":true,\"valueName\":\"search_term_string\"}}],\"inLanguage\":\"de\"},{\"@type\":\"Organization\",\"@id\":\"https:\\\/\\\/www.aircomsystem.com\\\/en\\\/#organization\",\"name\":\"AIRCOM\",\"url\":\"https:\\\/\\\/www.aircomsystem.com\\\/en\\\/\",\"logo\":{\"@type\":\"ImageObject\",\"inLanguage\":\"de\",\"@id\":\"https:\\\/\\\/www.aircomsystem.com\\\/en\\\/#\\\/schema\\\/logo\\\/image\\\/\",\"url\":\"https:\\\/\\\/www.aircomsystem.com\\\/wp-content\\\/uploads\\\/2020\\\/10\\\/chi_siamo_logo_aircom_attuale.png\",\"contentUrl\":\"https:\\\/\\\/www.aircomsystem.com\\\/wp-content\\\/uploads\\\/2020\\\/10\\\/chi_siamo_logo_aircom_attuale.png\",\"width\":600,\"height\":395,\"caption\":\"AIRCOM\"},\"image\":{\"@id\":\"https:\\\/\\\/www.aircomsystem.com\\\/en\\\/#\\\/schema\\\/logo\\\/image\\\/\"}}]}<\/script>\n<!-- \/ Yoast SEO plugin. -->","yoast_head_json":{"title":"Aircom - AIRCOM","description":"Dank unserer Eigenentwicklung und des tiefen technischen Know-hows stellen unsere Partner Support Services einen internationalen Ma\u00dfstab f\u00fcr die gesamte Branche dar.","robots":{"index":"index","follow":"follow","max-snippet":"max-snippet:-1","max-image-preview":"max-image-preview:large","max-video-preview":"max-video-preview:-1"},"canonical":"https:\/\/www.aircomsystem.com\/en\/aircom\/","og_locale":"de_DE","og_type":"article","og_title":"Aircom - AIRCOM","og_description":"Dank unserer Eigenentwicklung und des tiefen technischen Know-hows stellen unsere Partner Support Services einen internationalen Ma\u00dfstab f\u00fcr die gesamte Branche dar.","og_url":"https:\/\/www.aircomsystem.com\/en\/aircom\/","og_site_name":"AIRCOM","article_modified_time":"2025-09-25T13:09:47+00:00","twitter_card":"summary_large_image","twitter_misc":{"Gesch\u00e4tzte Lesezeit":"7\u00a0Minuten"},"schema":{"@context":"https:\/\/schema.org","@graph":[{"@type":"WebPage","@id":"https:\/\/www.aircomsystem.com\/en\/aircom\/","url":"https:\/\/www.aircomsystem.com\/en\/aircom\/","name":"Aircom - AIRCOM","isPartOf":{"@id":"https:\/\/www.aircomsystem.com\/en\/#website"},"datePublished":"2020-09-27T14:03:58+00:00","dateModified":"2025-09-25T13:09:47+00:00","description":"Dank unserer Eigenentwicklung und des tiefen technischen Know-hows stellen unsere Partner Support Services einen internationalen Ma\u00dfstab f\u00fcr die gesamte Branche dar.","inLanguage":"de","potentialAction":[{"@type":"ReadAction","target":["https:\/\/www.aircomsystem.com\/en\/aircom\/"]}]},{"@type":"WebSite","@id":"https:\/\/www.aircomsystem.com\/en\/#website","url":"https:\/\/www.aircomsystem.com\/en\/","name":"AIRCOM","description":"","publisher":{"@id":"https:\/\/www.aircomsystem.com\/en\/#organization"},"potentialAction":[{"@type":"SearchAction","target":{"@type":"EntryPoint","urlTemplate":"https:\/\/www.aircomsystem.com\/en\/?s={search_term_string}"},"query-input":{"@type":"PropertyValueSpecification","valueRequired":true,"valueName":"search_term_string"}}],"inLanguage":"de"},{"@type":"Organization","@id":"https:\/\/www.aircomsystem.com\/en\/#organization","name":"AIRCOM","url":"https:\/\/www.aircomsystem.com\/en\/","logo":{"@type":"ImageObject","inLanguage":"de","@id":"https:\/\/www.aircomsystem.com\/en\/#\/schema\/logo\/image\/","url":"https:\/\/www.aircomsystem.com\/wp-content\/uploads\/2020\/10\/chi_siamo_logo_aircom_attuale.png","contentUrl":"https:\/\/www.aircomsystem.com\/wp-content\/uploads\/2020\/10\/chi_siamo_logo_aircom_attuale.png","width":600,"height":395,"caption":"AIRCOM"},"image":{"@id":"https:\/\/www.aircomsystem.com\/en\/#\/schema\/logo\/image\/"}}]}},"jetpack_sharing_enabled":true,"_links":{"self":[{"href":"https:\/\/www.aircomsystem.com\/de\/wp-json\/wp\/v2\/pages\/11329","targetHints":{"allow":["GET"]}}],"collection":[{"href":"https:\/\/www.aircomsystem.com\/de\/wp-json\/wp\/v2\/pages"}],"about":[{"href":"https:\/\/www.aircomsystem.com\/de\/wp-json\/wp\/v2\/types\/page"}],"author":[{"embeddable":true,"href":"https:\/\/www.aircomsystem.com\/de\/wp-json\/wp\/v2\/users\/1"}],"replies":[{"embeddable":true,"href":"https:\/\/www.aircomsystem.com\/de\/wp-json\/wp\/v2\/comments?post=11329"}],"version-history":[{"count":1,"href":"https:\/\/www.aircomsystem.com\/de\/wp-json\/wp\/v2\/pages\/11329\/revisions"}],"predecessor-version":[{"id":16520,"href":"https:\/\/www.aircomsystem.com\/de\/wp-json\/wp\/v2\/pages\/11329\/revisions\/16520"}],"wp:attachment":[{"href":"https:\/\/www.aircomsystem.com\/de\/wp-json\/wp\/v2\/media?parent=11329"}],"curies":[{"name":"wp","href":"https:\/\/api.w.org\/{rel}","templated":true}]}}