{"id":11334,"date":"2020-09-27T14:45:15","date_gmt":"2020-09-27T13:45:15","guid":{"rendered":"https:\/\/www.aircomsystem.com\/certifications\/"},"modified":"2024-01-17T16:57:43","modified_gmt":"2024-01-17T15:57:43","slug":"zertifizierungen","status":"publish","type":"page","link":"https:\/\/www.aircomsystem.com\/de\/zertifizierungen\/","title":{"rendered":"Zertifizierungen"},"content":{"rendered":"<p>[et_pb_section fb_built=&#8220;1&#8243; _builder_version=&#8220;4.16&#8243; background_color=&#8220;#444444&#8243; custom_padding=&#8220;57px|0|49px|0px|false|false&#8220; global_colors_info=&#8220;{}&#8220;][et_pb_row column_structure=&#8220;1_5,3_5,1_5&#8243; use_custom_gutter=&#8220;on&#8220; gutter_width=&#8220;2&#8243; module_class=&#8220;btn-inline &#8220; _builder_version=&#8220;4.16&#8243; width=&#8220;88%&#8220; max_width=&#8220;88%&#8220; module_alignment=&#8220;center&#8220; custom_margin=&#8220;||60px&#8220; use_custom_width=&#8220;on&#8220; width_unit=&#8220;off&#8220; custom_width_percent=&#8220;88%&#8220; global_colors_info=&#8220;{}&#8220;][et_pb_column type=&#8220;1_5&#8243; _builder_version=&#8220;4.16&#8243; custom_padding=&#8220;|||&#8220; global_colors_info=&#8220;{}&#8220; custom_padding__hover=&#8220;|||&#8220;][\/et_pb_column][et_pb_column type=&#8220;3_5&#8243; _builder_version=&#8220;4.16&#8243; custom_padding=&#8220;|||&#8220; global_colors_info=&#8220;{}&#8220; custom_padding__hover=&#8220;|||&#8220;][et_pb_text ul_item_indent=&#8220;19px&#8220; _builder_version=&#8220;4.16&#8243; text_font=&#8220;Open Sans||||||||&#8220; text_font_size=&#8220;16px&#8220; ul_font_size=&#8220;16px&#8220; ul_line_height=&#8220;1.7em&#8220; header_font=&#8220;Rajdhani|500|||||||&#8220; header_text_align=&#8220;left&#8220; header_text_color=&#8220;#86c2eb&#8220; header_2_font=&#8220;Rajdhani|600|||||||&#8220; header_2_text_color=&#8220;#86c2eb&#8220; header_2_font_size=&#8220;50px&#8220; header_2_line_height=&#8220;1.1em&#8220; header_6_font=&#8220;Open Sans|600|||||||&#8220; header_6_text_color=&#8220;#86c2eb&#8220; header_6_font_size=&#8220;19px&#8220; header_6_line_height=&#8220;1.5em&#8220; max_width=&#8220;85%&#8220; module_alignment=&#8220;left&#8220; custom_margin_last_edited=&#8220;off|desktop&#8220; custom_padding_tablet=&#8220;&#8220; custom_padding_phone=&#8220;|||&#8220; custom_padding_last_edited=&#8220;on|desktop&#8220; animation_style=&#8220;fade&#8220; animation_delay=&#8220;400ms&#8220; global_colors_info=&#8220;{}&#8220; custom_css_main_element__hover_enabled=&#8220;on&#8220;]<\/p>\n<h2>Zertifizierungen<\/h2>\n<h6><span>Da unsere Qualit\u00e4tskontrolle betriebsintern stattfindet, fu\u0308hren wir w\u00e4hrend der gesamten Entwicklungs- und Produktionsphasen unserer Produkte bis hin zur After Sales Kundenbetreuung konstante Pru\u0308fungen und Abnahmen.<\/span><\/h6>\n<p>AIRCOM regelt die technische, industrielle und gewerbliche T\u00e4tigkeit gem\u00e4\u00df der<span>\u00a0<\/span><strong>Qualit\u00e4tsnorm fu\u0308r Unternehmen UNI EN ISO 9001, die vom T\u00dcV zertifiziert wird<\/strong>.<\/p>\n<p>Daru\u0308ber hinaus erhielt das<span>\u00a0<\/span><strong>Quick Line System<\/strong><span>\u00a0<\/span>die Zertifizierung<span>\u00a0<\/span><strong>T.S.S.A. (Technical Standards &amp; Safety Authority)<\/strong>.<\/p>\n<p>Unter den zahlreichen Zertifizierungen unserer Produkte verdient der<span>\u00a0<\/span><strong>Rapporto di Classificazione di Reazione al Fuoco\u201c (Klassifizierungsbericht zum Brandverhalten)<\/strong><span>\u00a0<\/span>der<span>\u00a0<\/span><strong>RINA Pru\u0308fanstalt<\/strong><span>\u00a0<\/span>fu\u0308r die Systeme<span>\u00a0<\/span><strong>Quick Line<\/strong><span>\u00a0<\/span>besondere Beachtung.<\/p>\n<p>[\/et_pb_text][\/et_pb_column][et_pb_column type=&#8220;1_5&#8243; _builder_version=&#8220;4.16&#8243; custom_padding=&#8220;|||&#8220; global_colors_info=&#8220;{}&#8220; custom_padding__hover=&#8220;|||&#8220;][\/et_pb_column][\/et_pb_row][et_pb_row column_structure=&#8220;1_6,1_6,1_6,1_6,1_6,1_6&#8243; use_custom_gutter=&#8220;on&#8220; gutter_width=&#8220;2&#8243; module_class=&#8220;btn-inline &#8220; _builder_version=&#8220;4.23.3&#8243; background_color=&#8220;#ffffff&#8220; width=&#8220;88%&#8220; max_width=&#8220;88%&#8220; module_alignment=&#8220;center&#8220; custom_margin=&#8220;||60px&#8220; animation_style=&#8220;fade&#8220; hover_enabled=&#8220;0&#8243; border_radii=&#8220;on|6px|6px|6px|6px&#8220; use_custom_width=&#8220;on&#8220; width_unit=&#8220;off&#8220; custom_width_percent=&#8220;88%&#8220; global_colors_info=&#8220;{}&#8220; sticky_enabled=&#8220;0&#8243; locked=&#8220;off&#8220;][et_pb_column type=&#8220;1_6&#8243; _builder_version=&#8220;4.23.3&#8243; custom_padding=&#8220;|||&#8220; hover_enabled=&#8220;0&#8243; global_colors_info=&#8220;{}&#8220; custom_padding__hover=&#8220;|||&#8220; sticky_enabled=&#8220;0&#8243; disabled_on=&#8220;on|on|off&#8220;][\/et_pb_column][et_pb_column type=&#8220;1_6&#8243; _builder_version=&#8220;4.16&#8243; custom_padding=&#8220;|||&#8220; global_colors_info=&#8220;{}&#8220; custom_padding__hover=&#8220;|||&#8220;][et_pb_image src=&#8220;https:\/\/www.aircomsystem.com\/wp-content\/uploads\/2020\/10\/Logo_certificazione_01_RINA.png&#8220; title_text=&#8220;Logo_certificazione_01_RINA&#8220; url_new_window=&#8220;on&#8220; align_tablet=&#8220;center&#8220; align_phone=&#8220;&#8220; align_last_edited=&#8220;on|desktop&#8220; _builder_version=&#8220;4.16&#8243; custom_margin=&#8220;||&#8220; animation_style=&#8220;fade&#8220; animation_delay=&#8220;1000ms&#8220; global_colors_info=&#8220;{}&#8220;][\/et_pb_image][et_pb_image src=&#8220;https:\/\/www.aircomsystem.com\/wp-content\/uploads\/2020\/10\/Logo_certificazione_03_TSSA.png&#8220; title_text=&#8220;Logo_certificazione_03_TSSA&#8220; align_tablet=&#8220;center&#8220; align_phone=&#8220;&#8220; align_last_edited=&#8220;on|desktop&#8220; _builder_version=&#8220;4.23.3&#8243; custom_margin=&#8220;||&#8220; animation_style=&#8220;fade&#8220; animation_delay=&#8220;1000ms&#8220; global_colors_info=&#8220;{}&#8220;][\/et_pb_image][\/et_pb_column][et_pb_column type=&#8220;1_6&#8243; _builder_version=&#8220;4.16&#8243; custom_padding=&#8220;|||&#8220; global_colors_info=&#8220;{}&#8220; custom_padding__hover=&#8220;|||&#8220;][et_pb_image src=&#8220;https:\/\/www.aircomsystem.com\/wp-content\/uploads\/2020\/10\/Logo_certificazione_02_TUV.png&#8220; title_text=&#8220;Logo_certificazione_02_TUV&#8220; url=&#8220;https:\/\/www.dropbox.com\/s\/5y8d8fgyngag5wk\/TUV.pdf?dl=0&#8243; url_new_window=&#8220;on&#8220; align_tablet=&#8220;center&#8220; align_phone=&#8220;&#8220; align_last_edited=&#8220;on|desktop&#8220; _builder_version=&#8220;4.16&#8243; custom_margin=&#8220;||&#8220; animation_style=&#8220;fade&#8220; animation_delay=&#8220;1000ms&#8220; global_colors_info=&#8220;{}&#8220;][\/et_pb_image][et_pb_image src=&#8220;https:\/\/www.aircomsystem.com\/wp-content\/uploads\/2020\/10\/Logo_certificazione_04_ASME.png&#8220; title_text=&#8220;Logo_certificazione_04_ASME&#8220; align_tablet=&#8220;center&#8220; align_phone=&#8220;&#8220; align_last_edited=&#8220;on|desktop&#8220; _builder_version=&#8220;4.16&#8243; custom_margin=&#8220;||&#8220; animation_style=&#8220;fade&#8220; animation_delay=&#8220;1000ms&#8220; global_colors_info=&#8220;{}&#8220;][\/et_pb_image][\/et_pb_column][et_pb_column type=&#8220;1_6&#8243; _builder_version=&#8220;4.16&#8243; custom_padding=&#8220;|||&#8220; global_colors_info=&#8220;{}&#8220; custom_padding__hover=&#8220;|||&#8220;][et_pb_image src=&#8220;https:\/\/www.aircomsystem.com\/wp-content\/uploads\/2021\/06\/Logo_certificazione_02_TUV_bis.png&#8220; title_text=&#8220;Logo_certificazione_02_TUV_bis&#8220; url=&#8220;https:\/\/www.dropbox.com\/s\/69i1rw06kxnscyw\/TUV45001.pdf?dl=0&#8243; url_new_window=&#8220;on&#8220; align_tablet=&#8220;center&#8220; align_phone=&#8220;&#8220; align_last_edited=&#8220;on|desktop&#8220; _builder_version=&#8220;4.16&#8243; custom_margin=&#8220;||&#8220; animation_style=&#8220;fade&#8220; animation_delay=&#8220;1000ms&#8220; hover_enabled=&#8220;0&#8243; global_colors_info=&#8220;{}&#8220; sticky_enabled=&#8220;0&#8243;][\/et_pb_image][et_pb_image src=&#8220;https:\/\/www.aircomsystem.com\/wp-content\/uploads\/2020\/10\/Logo_certificazione_05_ISO.png&#8220; title_text=&#8220;Logo_certificazione_05_ISO&#8220; align_tablet=&#8220;center&#8220; align_phone=&#8220;&#8220; align_last_edited=&#8220;on|desktop&#8220; _builder_version=&#8220;4.16&#8243; custom_margin=&#8220;||&#8220; animation_style=&#8220;fade&#8220; animation_delay=&#8220;1000ms&#8220; global_colors_info=&#8220;{}&#8220;][\/et_pb_image][\/et_pb_column][et_pb_column type=&#8220;1_6&#8243; _builder_version=&#8220;4.16&#8243; custom_padding=&#8220;|||&#8220; global_colors_info=&#8220;{}&#8220; custom_padding__hover=&#8220;|||&#8220;][et_pb_image src=&#8220;https:\/\/www.aircomsystem.com\/wp-content\/uploads\/2024\/01\/Logo_certificazione_02_TUV_140001.png&#8220; title_text=&#8220;Logo_certificazione_02_TUV_140001&#8243; url=&#8220;https:\/\/www.dropbox.com\/scl\/fi\/tbrl2rl1mucmzr71d718b\/TUV-14001.pdf?rlkey=5u5dufrmbzlag0ndlptbivocv&#038;dl=0&#8243; url_new_window=&#8220;on&#8220; align_tablet=&#8220;center&#8220; align_phone=&#8220;&#8220; align_last_edited=&#8220;on|desktop&#8220; _builder_version=&#8220;4.23.3&#8243; custom_margin=&#8220;||&#8220; animation_style=&#8220;fade&#8220; animation_delay=&#8220;1000ms&#8220; hover_enabled=&#8220;0&#8243; global_colors_info=&#8220;{}&#8220; sticky_enabled=&#8220;0&#8243;][\/et_pb_image][et_pb_image src=&#8220;https:\/\/www.aircomsystem.com\/wp-content\/uploads\/2020\/10\/Logo_certificazione_06_CE.png&#8220; title_text=&#8220;Logo_certificazione_06_CE&#8220; align_tablet=&#8220;center&#8220; align_phone=&#8220;&#8220; align_last_edited=&#8220;on|desktop&#8220; _builder_version=&#8220;4.16&#8243; custom_margin=&#8220;||&#8220; animation_style=&#8220;fade&#8220; animation_delay=&#8220;1000ms&#8220; global_colors_info=&#8220;{}&#8220;][\/et_pb_image][\/et_pb_column][et_pb_column type=&#8220;1_6&#8243; _builder_version=&#8220;4.23.3&#8243; custom_padding=&#8220;|||&#8220; hover_enabled=&#8220;0&#8243; global_colors_info=&#8220;{}&#8220; custom_padding__hover=&#8220;|||&#8220; disabled_on=&#8220;on|on|off&#8220; sticky_enabled=&#8220;0&#8243;][\/et_pb_column][\/et_pb_row][\/et_pb_section]<\/p>\n","protected":false},"excerpt":{"rendered":"<p>Zertifizierungen Da unsere Qualit\u00e4tskontrolle betriebsintern stattfindet, fu\u0308hren wir w\u00e4hrend der gesamten Entwicklungs- und Produktionsphasen unserer Produkte bis hin zur After Sales Kundenbetreuung konstante Pru\u0308fungen und Abnahmen. AIRCOM regelt die technische, industrielle und gewerbliche T\u00e4tigkeit gem\u00e4\u00df der\u00a0Qualit\u00e4tsnorm fu\u0308r Unternehmen UNI EN ISO 9001, die vom T\u00dcV zertifiziert wird. Daru\u0308ber hinaus erhielt das\u00a0Quick Line System\u00a0die Zertifizierung\u00a0T.S.S.A. (Technical [&hellip;]<\/p>\n","protected":false},"author":1,"featured_media":0,"parent":0,"menu_order":0,"comment_status":"closed","ping_status":"closed","template":"","meta":{"_et_pb_use_builder":"on","_et_pb_old_content":"","_et_gb_content_width":"","footnotes":""},"class_list":["post-11334","page","type-page","status-publish","hentry"],"yoast_head":"<!-- This site is optimized with the Yoast SEO plugin v27.4 - https:\/\/yoast.com\/product\/yoast-seo-wordpress\/ -->\n<title>Zertifizierungen - AIRCOM<\/title>\n<meta name=\"description\" content=\"Dank unserer hauseigenen Qualit\u00e4tskontrollfunktion pr\u00fcfen, pr\u00fcfen und verifizieren wir kontinuierlich in jeder Phase der Konstruktion und Produktion unserer Komponenten, einschlie\u00dflich Kundendienst.\" \/>\n<meta name=\"robots\" content=\"index, follow, max-snippet:-1, max-image-preview:large, max-video-preview:-1\" \/>\n<link rel=\"canonical\" href=\"https:\/\/www.aircomsystem.com\/en\/certifications\/\" \/>\n<meta property=\"og:locale\" content=\"de_DE\" \/>\n<meta property=\"og:type\" content=\"article\" \/>\n<meta property=\"og:title\" content=\"Zertifizierungen - AIRCOM\" \/>\n<meta property=\"og:description\" content=\"Dank unserer hauseigenen Qualit\u00e4tskontrollfunktion pr\u00fcfen, pr\u00fcfen und verifizieren wir kontinuierlich in jeder Phase der Konstruktion und Produktion unserer Komponenten, einschlie\u00dflich Kundendienst.\" \/>\n<meta property=\"og:url\" content=\"https:\/\/www.aircomsystem.com\/en\/certifications\/\" \/>\n<meta property=\"og:site_name\" content=\"AIRCOM\" \/>\n<meta property=\"article:modified_time\" content=\"2024-01-17T15:57:43+00:00\" \/>\n<meta name=\"twitter:card\" content=\"summary_large_image\" \/>\n<meta name=\"twitter:label1\" content=\"Gesch\u00e4tzte Lesezeit\" \/>\n\t<meta name=\"twitter:data1\" content=\"5\u00a0Minuten\" \/>\n<script type=\"application\/ld+json\" class=\"yoast-schema-graph\">{\"@context\":\"https:\\\/\\\/schema.org\",\"@graph\":[{\"@type\":\"WebPage\",\"@id\":\"https:\\\/\\\/www.aircomsystem.com\\\/en\\\/certifications\\\/\",\"url\":\"https:\\\/\\\/www.aircomsystem.com\\\/en\\\/certifications\\\/\",\"name\":\"Zertifizierungen - AIRCOM\",\"isPartOf\":{\"@id\":\"https:\\\/\\\/www.aircomsystem.com\\\/en\\\/#website\"},\"datePublished\":\"2020-09-27T13:45:15+00:00\",\"dateModified\":\"2024-01-17T15:57:43+00:00\",\"description\":\"Dank unserer hauseigenen Qualit\u00e4tskontrollfunktion pr\u00fcfen, pr\u00fcfen und verifizieren wir kontinuierlich in jeder Phase der Konstruktion und Produktion unserer Komponenten, einschlie\u00dflich Kundendienst.\",\"inLanguage\":\"de\",\"potentialAction\":[{\"@type\":\"ReadAction\",\"target\":[\"https:\\\/\\\/www.aircomsystem.com\\\/en\\\/certifications\\\/\"]}]},{\"@type\":\"WebSite\",\"@id\":\"https:\\\/\\\/www.aircomsystem.com\\\/en\\\/#website\",\"url\":\"https:\\\/\\\/www.aircomsystem.com\\\/en\\\/\",\"name\":\"AIRCOM\",\"description\":\"\",\"publisher\":{\"@id\":\"https:\\\/\\\/www.aircomsystem.com\\\/en\\\/#organization\"},\"potentialAction\":[{\"@type\":\"SearchAction\",\"target\":{\"@type\":\"EntryPoint\",\"urlTemplate\":\"https:\\\/\\\/www.aircomsystem.com\\\/en\\\/?s={search_term_string}\"},\"query-input\":{\"@type\":\"PropertyValueSpecification\",\"valueRequired\":true,\"valueName\":\"search_term_string\"}}],\"inLanguage\":\"de\"},{\"@type\":\"Organization\",\"@id\":\"https:\\\/\\\/www.aircomsystem.com\\\/en\\\/#organization\",\"name\":\"AIRCOM\",\"url\":\"https:\\\/\\\/www.aircomsystem.com\\\/en\\\/\",\"logo\":{\"@type\":\"ImageObject\",\"inLanguage\":\"de\",\"@id\":\"https:\\\/\\\/www.aircomsystem.com\\\/en\\\/#\\\/schema\\\/logo\\\/image\\\/\",\"url\":\"https:\\\/\\\/www.aircomsystem.com\\\/wp-content\\\/uploads\\\/2020\\\/10\\\/chi_siamo_logo_aircom_attuale.png\",\"contentUrl\":\"https:\\\/\\\/www.aircomsystem.com\\\/wp-content\\\/uploads\\\/2020\\\/10\\\/chi_siamo_logo_aircom_attuale.png\",\"width\":600,\"height\":395,\"caption\":\"AIRCOM\"},\"image\":{\"@id\":\"https:\\\/\\\/www.aircomsystem.com\\\/en\\\/#\\\/schema\\\/logo\\\/image\\\/\"}}]}<\/script>\n<!-- \/ Yoast SEO plugin. -->","yoast_head_json":{"title":"Zertifizierungen - AIRCOM","description":"Dank unserer hauseigenen Qualit\u00e4tskontrollfunktion pr\u00fcfen, pr\u00fcfen und verifizieren wir kontinuierlich in jeder Phase der Konstruktion und Produktion unserer Komponenten, einschlie\u00dflich Kundendienst.","robots":{"index":"index","follow":"follow","max-snippet":"max-snippet:-1","max-image-preview":"max-image-preview:large","max-video-preview":"max-video-preview:-1"},"canonical":"https:\/\/www.aircomsystem.com\/en\/certifications\/","og_locale":"de_DE","og_type":"article","og_title":"Zertifizierungen - AIRCOM","og_description":"Dank unserer hauseigenen Qualit\u00e4tskontrollfunktion pr\u00fcfen, pr\u00fcfen und verifizieren wir kontinuierlich in jeder Phase der Konstruktion und Produktion unserer Komponenten, einschlie\u00dflich Kundendienst.","og_url":"https:\/\/www.aircomsystem.com\/en\/certifications\/","og_site_name":"AIRCOM","article_modified_time":"2024-01-17T15:57:43+00:00","twitter_card":"summary_large_image","twitter_misc":{"Gesch\u00e4tzte Lesezeit":"5\u00a0Minuten"},"schema":{"@context":"https:\/\/schema.org","@graph":[{"@type":"WebPage","@id":"https:\/\/www.aircomsystem.com\/en\/certifications\/","url":"https:\/\/www.aircomsystem.com\/en\/certifications\/","name":"Zertifizierungen - AIRCOM","isPartOf":{"@id":"https:\/\/www.aircomsystem.com\/en\/#website"},"datePublished":"2020-09-27T13:45:15+00:00","dateModified":"2024-01-17T15:57:43+00:00","description":"Dank unserer hauseigenen Qualit\u00e4tskontrollfunktion pr\u00fcfen, pr\u00fcfen und verifizieren wir kontinuierlich in jeder Phase der Konstruktion und Produktion unserer Komponenten, einschlie\u00dflich Kundendienst.","inLanguage":"de","potentialAction":[{"@type":"ReadAction","target":["https:\/\/www.aircomsystem.com\/en\/certifications\/"]}]},{"@type":"WebSite","@id":"https:\/\/www.aircomsystem.com\/en\/#website","url":"https:\/\/www.aircomsystem.com\/en\/","name":"AIRCOM","description":"","publisher":{"@id":"https:\/\/www.aircomsystem.com\/en\/#organization"},"potentialAction":[{"@type":"SearchAction","target":{"@type":"EntryPoint","urlTemplate":"https:\/\/www.aircomsystem.com\/en\/?s={search_term_string}"},"query-input":{"@type":"PropertyValueSpecification","valueRequired":true,"valueName":"search_term_string"}}],"inLanguage":"de"},{"@type":"Organization","@id":"https:\/\/www.aircomsystem.com\/en\/#organization","name":"AIRCOM","url":"https:\/\/www.aircomsystem.com\/en\/","logo":{"@type":"ImageObject","inLanguage":"de","@id":"https:\/\/www.aircomsystem.com\/en\/#\/schema\/logo\/image\/","url":"https:\/\/www.aircomsystem.com\/wp-content\/uploads\/2020\/10\/chi_siamo_logo_aircom_attuale.png","contentUrl":"https:\/\/www.aircomsystem.com\/wp-content\/uploads\/2020\/10\/chi_siamo_logo_aircom_attuale.png","width":600,"height":395,"caption":"AIRCOM"},"image":{"@id":"https:\/\/www.aircomsystem.com\/en\/#\/schema\/logo\/image\/"}}]}},"jetpack_sharing_enabled":true,"_links":{"self":[{"href":"https:\/\/www.aircomsystem.com\/de\/wp-json\/wp\/v2\/pages\/11334","targetHints":{"allow":["GET"]}}],"collection":[{"href":"https:\/\/www.aircomsystem.com\/de\/wp-json\/wp\/v2\/pages"}],"about":[{"href":"https:\/\/www.aircomsystem.com\/de\/wp-json\/wp\/v2\/types\/page"}],"author":[{"embeddable":true,"href":"https:\/\/www.aircomsystem.com\/de\/wp-json\/wp\/v2\/users\/1"}],"replies":[{"embeddable":true,"href":"https:\/\/www.aircomsystem.com\/de\/wp-json\/wp\/v2\/comments?post=11334"}],"version-history":[{"count":1,"href":"https:\/\/www.aircomsystem.com\/de\/wp-json\/wp\/v2\/pages\/11334\/revisions"}],"predecessor-version":[{"id":16310,"href":"https:\/\/www.aircomsystem.com\/de\/wp-json\/wp\/v2\/pages\/11334\/revisions\/16310"}],"wp:attachment":[{"href":"https:\/\/www.aircomsystem.com\/de\/wp-json\/wp\/v2\/media?parent=11334"}],"curies":[{"name":"wp","href":"https:\/\/api.w.org\/{rel}","templated":true}]}}