{"id":11343,"date":"2020-09-27T15:00:38","date_gmt":"2020-09-27T14:00:38","guid":{"rendered":"https:\/\/www.aircomsystem.com\/services\/"},"modified":"2020-10-14T15:12:41","modified_gmt":"2020-10-14T14:12:41","slug":"dienstleistungen","status":"publish","type":"page","link":"https:\/\/www.aircomsystem.com\/de\/dienstleistungen\/","title":{"rendered":"Dienstleistungen"},"content":{"rendered":"\n[et_pb_section fb_built=&#8220;1&#8243; _builder_version=&#8220;3.22&#8243; background_color=&#8220;#444444&#8243; custom_padding=&#8220;0|10px|49.9062px|0px|false|false&#8220;][et_pb_row _builder_version=&#8220;3.25&#8243; background_size=&#8220;initial&#8220; background_position=&#8220;top_left&#8220; background_repeat=&#8220;repeat&#8220; custom_margin=&#8220;100px||&#8220; custom_margin_tablet=&#8220;100px|||&#8220; custom_margin_phone=&#8220;1px|||&#8220; custom_margin_last_edited=&#8220;off|desktop&#8220; custom_padding=&#8220;0px|0px|0|0px|false|false&#8220; hover_enabled=&#8220;0&#8243; sticky_enabled=&#8220;0&#8243;][et_pb_column type=&#8220;4_4&#8243; _builder_version=&#8220;3.25&#8243; custom_padding=&#8220;|||&#8220; custom_padding__hover=&#8220;|||&#8220;][et_pb_text ul_item_indent=&#8220;19px&#8220; _builder_version=&#8220;4.6.5&#8243; text_font=&#8220;Open Sans||||||||&#8220; text_font_size=&#8220;16px&#8220; ul_font_size=&#8220;16px&#8220; ul_line_height=&#8220;1.7em&#8220; header_font=&#8220;Rajdhani|500|||||||&#8220; header_text_align=&#8220;center&#8220; header_text_color=&#8220;#86c2eb&#8220; header_2_font=&#8220;Rajdhani|600|||||||&#8220; header_2_text_align=&#8220;center&#8220; header_2_text_color=&#8220;#86c2eb&#8220; header_2_font_size=&#8220;50px&#8220; header_2_line_height=&#8220;1.1em&#8220; header_6_font=&#8220;Open Sans|600|||||||&#8220; header_6_text_align=&#8220;center&#8220; header_6_text_color=&#8220;#86c2eb&#8220; header_6_font_size=&#8220;19px&#8220; header_6_line_height=&#8220;1.5em&#8220; text_orientation=&#8220;center&#8220; module_alignment=&#8220;left&#8220; custom_margin_last_edited=&#8220;off|desktop&#8220; custom_padding_tablet=&#8220;&#8220; custom_padding_phone=&#8220;|||&#8220; custom_padding_last_edited=&#8220;on|desktop&#8220; animation_style=&#8220;fade&#8220; animation_delay=&#8220;400ms&#8220; hover_enabled=&#8220;0&#8243; custom_css_main_element__hover_enabled=&#8220;on&#8220; sticky_enabled=&#8220;0&#8243;]<h2>Unser Service<\/h2>\n<p><span>AIRCOMs Serviceleistungen begleiten unsere Partner u\u0308ber den gesamten Lebenszyklus der Anlage:<\/span><br \/><span>von der Erstberatung bis zur Unterstu\u0308tzung w\u00e4hrend der Planungsphase.<\/span><\/p>\n[\/et_pb_text][\/et_pb_column][\/et_pb_row][et_pb_row column_structure=&#8220;1_4,3_4&#8243; use_custom_gutter=&#8220;on&#8220; gutter_width=&#8220;1&#8243; _builder_version=&#8220;3.25&#8243; max_width=&#8220;800px&#8220; custom_margin=&#8220;||&#8220; animation_style=&#8220;fade&#8220; use_custom_width=&#8220;on&#8220; custom_width_px=&#8220;800px&#8220;][et_pb_column type=&#8220;1_4&#8243; _builder_version=&#8220;3.25&#8243; custom_padding=&#8220;15px||10px|&#8220; custom_padding__hover=&#8220;|||&#8220;][et_pb_text ul_item_indent=&#8220;19px&#8220; _builder_version=&#8220;4.6.5&#8243; text_font=&#8220;Open Sans||||||||&#8220; text_font_size=&#8220;16px&#8220; ul_font_size=&#8220;16px&#8220; ul_line_height=&#8220;1.7em&#8220; header_font=&#8220;Rajdhani|700|||||||&#8220; header_text_align=&#8220;center&#8220; header_text_color=&#8220;#ffffff&#8220; header_font_size=&#8220;75px&#8220; header_line_height=&#8220;0em&#8220; header_2_font=&#8220;Rajdhani|600|||||||&#8220; header_2_text_color=&#8220;#86c2eb&#8220; header_2_font_size=&#8220;50px&#8220; header_2_line_height=&#8220;1.1em&#8220; header_3_font=&#8220;Rajdhani|700||on|||||&#8220; header_3_text_align=&#8220;left&#8220; header_3_text_color=&#8220;#86c2eb&#8220; header_3_font_size=&#8220;25px&#8220; header_4_font=&#8220;Rajdhani|700|||||||&#8220; header_4_text_align=&#8220;center&#8220; header_4_font_size=&#8220;69px&#8220; header_6_font=&#8220;Open Sans|600|||||||&#8220; header_6_text_color=&#8220;#86c2eb&#8220; header_6_font_size=&#8220;19px&#8220; header_6_line_height=&#8220;1.5em&#8220; text_orientation=&#8220;center&#8220; module_alignment=&#8220;left&#8220; custom_margin_last_edited=&#8220;off|desktop&#8220; custom_padding=&#8220;||&#8220; custom_padding_phone=&#8220;|||&#8220; custom_padding_last_edited=&#8220;off|desktop&#8220; hover_enabled=&#8220;0&#8243; custom_css_main_element__hover_enabled=&#8220;on&#8220; custom_padding__hover_enabled=&#8220;on&#8220; border_color_all__hover_enabled=&#8220;on&#8220; border_color_all__hover=&#8220;#86c2eb&#8220; sticky_enabled=&#8220;0&#8243;]<i class=\"icone-servizi fas fa-users\"><\/i>[\/et_pb_text][\/et_pb_column][et_pb_column type=&#8220;3_4&#8243; _builder_version=&#8220;3.25&#8243; custom_padding=&#8220;15px|20px|15px|20px&#8220; custom_padding__hover=&#8220;|||&#8220;][et_pb_text ul_item_indent=&#8220;19px&#8220; _builder_version=&#8220;4.6.5&#8243; text_font=&#8220;Open Sans||||||||&#8220; text_text_color=&#8220;#ffffff&#8220; text_font_size=&#8220;16px&#8220; ul_font_size=&#8220;16px&#8220; ul_line_height=&#8220;1.7em&#8220; header_font=&#8220;Rajdhani|600|||||||&#8220; header_text_align=&#8220;center&#8220; header_text_color=&#8220;#ffffff&#8220; header_font_size=&#8220;71px&#8220; header_2_font=&#8220;Rajdhani|600|||||||&#8220; header_2_text_color=&#8220;#86c2eb&#8220; header_2_font_size=&#8220;50px&#8220; header_2_line_height=&#8220;1.1em&#8220; header_3_font=&#8220;Rajdhani|700||on|||||&#8220; header_3_text_align=&#8220;left&#8220; header_3_text_color=&#8220;#86c2eb&#8220; header_3_font_size=&#8220;25px&#8220; header_4_font=&#8220;Rajdhani|600|||||||&#8220; header_4_text_align=&#8220;center&#8220; header_4_font_size=&#8220;66px&#8220; header_6_font=&#8220;Open Sans|600|||||||&#8220; header_6_text_color=&#8220;#86c2eb&#8220; header_6_font_size=&#8220;19px&#8220; header_6_line_height=&#8220;1.5em&#8220; module_alignment=&#8220;left&#8220; custom_margin_last_edited=&#8220;off|desktop&#8220; custom_padding=&#8220;||&#8220; custom_padding_phone=&#8220;|||&#8220; custom_padding_last_edited=&#8220;off|desktop&#8220; hover_enabled=&#8220;0&#8243; custom_css_main_element__hover_enabled=&#8220;on&#8220; custom_padding__hover_enabled=&#8220;on&#8220; border_color_all__hover_enabled=&#8220;on&#8220; border_color_all__hover=&#8220;#86c2eb&#8220; sticky_enabled=&#8220;0&#8243;]<h3>AUSBILDUNG DER TECHNIKER<\/h3>\n<p><span>Wir veranstalten regelm\u00e4\u00dfige\u00a0<\/span><strong>Weiterbildungs-und Refresher-Kurse<\/strong><span>\u00a0fu\u0308r das technische Personal unserer Partner (Planer, Installateure, H\u00e4ndler).<\/span><\/p>\n[\/et_pb_text][\/et_pb_column][\/et_pb_row][et_pb_row column_structure=&#8220;1_4,3_4&#8243; use_custom_gutter=&#8220;on&#8220; gutter_width=&#8220;1&#8243; _builder_version=&#8220;3.25&#8243; max_width=&#8220;800px&#8220; custom_margin=&#8220;||&#8220; animation_style=&#8220;fade&#8220; use_custom_width=&#8220;on&#8220; custom_width_px=&#8220;800px&#8220;][et_pb_column type=&#8220;1_4&#8243; _builder_version=&#8220;3.25&#8243; custom_padding=&#8220;15px||10px|&#8220; custom_padding__hover=&#8220;|||&#8220;][et_pb_text ul_item_indent=&#8220;19px&#8220; _builder_version=&#8220;4.6.5&#8243; text_font=&#8220;Open Sans||||||||&#8220; text_font_size=&#8220;16px&#8220; ul_font_size=&#8220;16px&#8220; ul_line_height=&#8220;1.7em&#8220; header_font=&#8220;Rajdhani|700|||||||&#8220; header_text_align=&#8220;center&#8220; header_text_color=&#8220;#ffffff&#8220; header_font_size=&#8220;75px&#8220; header_line_height=&#8220;0em&#8220; header_2_font=&#8220;Rajdhani|600|||||||&#8220; header_2_text_color=&#8220;#86c2eb&#8220; header_2_font_size=&#8220;50px&#8220; header_2_line_height=&#8220;1.1em&#8220; header_3_font=&#8220;Rajdhani|700||on|||||&#8220; header_3_text_align=&#8220;left&#8220; header_3_text_color=&#8220;#86c2eb&#8220; header_3_font_size=&#8220;25px&#8220; header_4_font=&#8220;Rajdhani|700|||||||&#8220; header_4_text_align=&#8220;center&#8220; header_4_font_size=&#8220;69px&#8220; header_6_font=&#8220;Open Sans|600|||||||&#8220; header_6_text_color=&#8220;#86c2eb&#8220; header_6_font_size=&#8220;19px&#8220; header_6_line_height=&#8220;1.5em&#8220; text_orientation=&#8220;center&#8220; module_alignment=&#8220;left&#8220; custom_margin_last_edited=&#8220;off|desktop&#8220; custom_padding=&#8220;||&#8220; custom_padding_phone=&#8220;|||&#8220; custom_padding_last_edited=&#8220;off|desktop&#8220; custom_css_main_element__hover_enabled=&#8220;on&#8220; custom_padding__hover_enabled=&#8220;on&#8220; border_color_all__hover_enabled=&#8220;on&#8220; border_color_all__hover=&#8220;#86c2eb&#8220;]<i class=\"icone-servizi fas fa-comments\"><\/i>[\/et_pb_text][\/et_pb_column][et_pb_column type=&#8220;3_4&#8243; _builder_version=&#8220;3.25&#8243; custom_padding=&#8220;15px|20px|15px|20px&#8220; custom_padding__hover=&#8220;|||&#8220;][et_pb_text ul_item_indent=&#8220;19px&#8220; _builder_version=&#8220;4.6.5&#8243; text_font=&#8220;Open Sans||||||||&#8220; text_text_color=&#8220;#ffffff&#8220; text_font_size=&#8220;16px&#8220; ul_font_size=&#8220;16px&#8220; ul_line_height=&#8220;1.7em&#8220; header_font=&#8220;Rajdhani|600|||||||&#8220; header_text_align=&#8220;center&#8220; header_text_color=&#8220;#ffffff&#8220; header_font_size=&#8220;71px&#8220; header_2_font=&#8220;Rajdhani|600|||||||&#8220; header_2_text_color=&#8220;#86c2eb&#8220; header_2_font_size=&#8220;50px&#8220; header_2_line_height=&#8220;1.1em&#8220; header_3_font=&#8220;Rajdhani|700||on|||||&#8220; header_3_text_align=&#8220;left&#8220; header_3_text_color=&#8220;#86c2eb&#8220; header_3_font_size=&#8220;25px&#8220; header_4_font=&#8220;Rajdhani|600|||||||&#8220; header_4_text_align=&#8220;center&#8220; header_4_font_size=&#8220;66px&#8220; header_6_font=&#8220;Open Sans|600|||||||&#8220; header_6_text_color=&#8220;#86c2eb&#8220; header_6_font_size=&#8220;19px&#8220; header_6_line_height=&#8220;1.5em&#8220; module_alignment=&#8220;left&#8220; custom_margin_last_edited=&#8220;off|desktop&#8220; custom_padding=&#8220;||&#8220; custom_padding_phone=&#8220;|||&#8220; custom_padding_last_edited=&#8220;off|desktop&#8220; hover_enabled=&#8220;0&#8243; custom_css_main_element__hover_enabled=&#8220;on&#8220; custom_padding__hover_enabled=&#8220;on&#8220; border_color_all__hover_enabled=&#8220;on&#8220; border_color_all__hover=&#8220;#86c2eb&#8220; sticky_enabled=&#8220;0&#8243;]<h3>SUPPORT F\u00dcR PLANER<\/h3>\n<p><span>Wir unterstu\u0308tzen unsere Partner bei jedem Eingriff; von den einfachsten bis zu den komplexesten Anlagen bieten wir\u00a0<\/span><strong>Hilfe bei der Neuplanung<\/strong><span>\u00a0sowie auch bei der\u00a0<\/span><strong>Modernisierung<\/strong><span>\u00a0bereits bestehender Strukturen.<\/span><\/p>\n[\/et_pb_text][\/et_pb_column][\/et_pb_row][et_pb_row column_structure=&#8220;1_4,3_4&#8243; use_custom_gutter=&#8220;on&#8220; gutter_width=&#8220;1&#8243; _builder_version=&#8220;3.25&#8243; max_width=&#8220;800px&#8220; custom_margin=&#8220;||&#8220; animation_style=&#8220;fade&#8220; use_custom_width=&#8220;on&#8220; custom_width_px=&#8220;800px&#8220;][et_pb_column type=&#8220;1_4&#8243; _builder_version=&#8220;3.25&#8243; custom_padding=&#8220;15px||10px|&#8220; custom_padding__hover=&#8220;|||&#8220;][et_pb_text ul_item_indent=&#8220;19px&#8220; _builder_version=&#8220;4.6.5&#8243; text_font=&#8220;Open Sans||||||||&#8220; text_font_size=&#8220;16px&#8220; ul_font_size=&#8220;16px&#8220; ul_line_height=&#8220;1.7em&#8220; header_font=&#8220;Rajdhani|700|||||||&#8220; header_text_align=&#8220;center&#8220; header_text_color=&#8220;#ffffff&#8220; header_font_size=&#8220;75px&#8220; header_line_height=&#8220;0em&#8220; header_2_font=&#8220;Rajdhani|600|||||||&#8220; header_2_text_color=&#8220;#86c2eb&#8220; header_2_font_size=&#8220;50px&#8220; header_2_line_height=&#8220;1.1em&#8220; header_3_font=&#8220;Rajdhani|700||on|||||&#8220; header_3_text_align=&#8220;left&#8220; header_3_text_color=&#8220;#86c2eb&#8220; header_3_font_size=&#8220;25px&#8220; header_4_font=&#8220;Rajdhani|700|||||||&#8220; header_4_text_align=&#8220;center&#8220; header_4_font_size=&#8220;69px&#8220; header_6_font=&#8220;Open Sans|600|||||||&#8220; header_6_text_color=&#8220;#86c2eb&#8220; header_6_font_size=&#8220;19px&#8220; header_6_line_height=&#8220;1.5em&#8220; text_orientation=&#8220;center&#8220; module_alignment=&#8220;left&#8220; custom_margin_last_edited=&#8220;off|desktop&#8220; custom_padding=&#8220;||&#8220; custom_padding_phone=&#8220;|||&#8220; custom_padding_last_edited=&#8220;off|desktop&#8220; custom_css_main_element__hover_enabled=&#8220;on&#8220; custom_padding__hover_enabled=&#8220;on&#8220; border_color_all__hover_enabled=&#8220;on&#8220; border_color_all__hover=&#8220;#86c2eb&#8220;]<i class=\"icone-servizi fas fa-leaf\"><\/i>[\/et_pb_text][\/et_pb_column][et_pb_column type=&#8220;3_4&#8243; _builder_version=&#8220;3.25&#8243; custom_padding=&#8220;15px|20px|15px|20px&#8220; custom_padding__hover=&#8220;|||&#8220;][et_pb_text ul_item_indent=&#8220;19px&#8220; _builder_version=&#8220;4.6.5&#8243; text_font=&#8220;Open Sans||||||||&#8220; text_text_color=&#8220;#ffffff&#8220; text_font_size=&#8220;16px&#8220; ul_font_size=&#8220;16px&#8220; ul_line_height=&#8220;1.7em&#8220; header_font=&#8220;Rajdhani|600|||||||&#8220; header_text_align=&#8220;center&#8220; header_text_color=&#8220;#ffffff&#8220; header_font_size=&#8220;71px&#8220; header_2_font=&#8220;Rajdhani|600|||||||&#8220; header_2_text_color=&#8220;#86c2eb&#8220; header_2_font_size=&#8220;50px&#8220; header_2_line_height=&#8220;1.1em&#8220; header_3_font=&#8220;Rajdhani|700||on|||||&#8220; header_3_text_align=&#8220;left&#8220; header_3_text_color=&#8220;#86c2eb&#8220; header_3_font_size=&#8220;25px&#8220; header_4_font=&#8220;Rajdhani|600|||||||&#8220; header_4_text_align=&#8220;center&#8220; header_4_font_size=&#8220;66px&#8220; header_6_font=&#8220;Open Sans|600|||||||&#8220; header_6_text_color=&#8220;#86c2eb&#8220; header_6_font_size=&#8220;19px&#8220; header_6_line_height=&#8220;1.5em&#8220; module_alignment=&#8220;left&#8220; custom_margin_last_edited=&#8220;off|desktop&#8220; custom_padding=&#8220;||&#8220; custom_padding_phone=&#8220;|||&#8220; custom_padding_last_edited=&#8220;off|desktop&#8220; hover_enabled=&#8220;0&#8243; custom_css_main_element__hover_enabled=&#8220;on&#8220; custom_padding__hover_enabled=&#8220;on&#8220; border_color_all__hover_enabled=&#8220;on&#8220; border_color_all__hover=&#8220;#86c2eb&#8220; sticky_enabled=&#8220;0&#8243;]<h3><span>RATIONALISIERUNG DES ENERGIEVERBRAUCHS<\/span><\/h3>\n<p><span>Dank der gro\u00dfen Auswahl an Komponenten, der Anpassungsf\u00e4higkeit des Systems sowie der Computersimulationen erlauben unsere Anlagen eine dauerhafte\u00a0<\/span><strong>Senkung der Energiekosten<\/strong><span>\u00a0auf das niedrigste Niveau.<\/span><br \/><span>So amortisiert sich das System von selbst.<\/span><\/p>\n[\/et_pb_text][\/et_pb_column][\/et_pb_row][et_pb_row column_structure=&#8220;1_4,3_4&#8243; use_custom_gutter=&#8220;on&#8220; gutter_width=&#8220;1&#8243; _builder_version=&#8220;3.25&#8243; max_width=&#8220;800px&#8220; custom_margin=&#8220;||&#8220; animation_style=&#8220;fade&#8220; use_custom_width=&#8220;on&#8220; custom_width_px=&#8220;800px&#8220;][et_pb_column type=&#8220;1_4&#8243; _builder_version=&#8220;3.25&#8243; custom_padding=&#8220;15px||10px|&#8220; custom_padding__hover=&#8220;|||&#8220;][et_pb_text ul_item_indent=&#8220;19px&#8220; _builder_version=&#8220;4.6.5&#8243; text_font=&#8220;Open Sans||||||||&#8220; text_font_size=&#8220;16px&#8220; ul_font_size=&#8220;16px&#8220; ul_line_height=&#8220;1.7em&#8220; header_font=&#8220;Rajdhani|700|||||||&#8220; header_text_align=&#8220;center&#8220; header_text_color=&#8220;#ffffff&#8220; header_font_size=&#8220;75px&#8220; header_line_height=&#8220;0em&#8220; header_2_font=&#8220;Rajdhani|600|||||||&#8220; header_2_text_color=&#8220;#86c2eb&#8220; header_2_font_size=&#8220;50px&#8220; header_2_line_height=&#8220;1.1em&#8220; header_3_font=&#8220;Rajdhani|700||on|||||&#8220; header_3_text_align=&#8220;left&#8220; header_3_text_color=&#8220;#86c2eb&#8220; header_3_font_size=&#8220;25px&#8220; header_4_font=&#8220;Rajdhani|700|||||||&#8220; header_4_text_align=&#8220;center&#8220; header_4_font_size=&#8220;69px&#8220; header_6_font=&#8220;Open Sans|600|||||||&#8220; header_6_text_color=&#8220;#86c2eb&#8220; header_6_font_size=&#8220;19px&#8220; header_6_line_height=&#8220;1.5em&#8220; text_orientation=&#8220;center&#8220; module_alignment=&#8220;left&#8220; custom_margin_last_edited=&#8220;off|desktop&#8220; custom_padding=&#8220;||&#8220; custom_padding_phone=&#8220;|||&#8220; custom_padding_last_edited=&#8220;off|desktop&#8220; custom_css_main_element__hover_enabled=&#8220;on&#8220; custom_padding__hover_enabled=&#8220;on&#8220; border_color_all__hover_enabled=&#8220;on&#8220; border_color_all__hover=&#8220;#86c2eb&#8220;]<i class=\"icone-servizi fab fa-apple\"> <\/i> <i class=\"icone-servizi fab fa-windows\"><\/i>[\/et_pb_text][\/et_pb_column][et_pb_column type=&#8220;3_4&#8243; _builder_version=&#8220;3.25&#8243; custom_padding=&#8220;15px|20px|15px|20px&#8220; custom_padding__hover=&#8220;|||&#8220;][et_pb_text ul_item_indent=&#8220;19px&#8220; _builder_version=&#8220;4.6.5&#8243; text_font=&#8220;Open Sans||||||||&#8220; text_text_color=&#8220;#ffffff&#8220; text_font_size=&#8220;16px&#8220; ul_font_size=&#8220;16px&#8220; ul_line_height=&#8220;1.7em&#8220; header_font=&#8220;Rajdhani|600|||||||&#8220; header_text_align=&#8220;center&#8220; header_text_color=&#8220;#ffffff&#8220; header_font_size=&#8220;71px&#8220; header_2_font=&#8220;Rajdhani|600|||||||&#8220; header_2_text_color=&#8220;#86c2eb&#8220; header_2_font_size=&#8220;50px&#8220; header_2_line_height=&#8220;1.1em&#8220; header_3_font=&#8220;Rajdhani|700||on|||||&#8220; header_3_text_align=&#8220;left&#8220; header_3_text_color=&#8220;#86c2eb&#8220; header_3_font_size=&#8220;25px&#8220; header_4_font=&#8220;Rajdhani|600|||||||&#8220; header_4_text_align=&#8220;center&#8220; header_4_font_size=&#8220;66px&#8220; header_6_font=&#8220;Open Sans|600|||||||&#8220; header_6_text_color=&#8220;#86c2eb&#8220; header_6_font_size=&#8220;19px&#8220; header_6_line_height=&#8220;1.5em&#8220; module_alignment=&#8220;left&#8220; custom_margin_last_edited=&#8220;off|desktop&#8220; custom_padding=&#8220;||&#8220; custom_padding_phone=&#8220;|||&#8220; custom_padding_last_edited=&#8220;off|desktop&#8220; hover_enabled=&#8220;0&#8243; custom_css_main_element__hover_enabled=&#8220;on&#8220; custom_padding__hover_enabled=&#8220;on&#8220; border_color_all__hover_enabled=&#8220;on&#8220; border_color_all__hover=&#8220;#86c2eb&#8220; sticky_enabled=&#8220;0&#8243;]<h3>FORTSCHRITTLICHE SOFTWARE<\/h3>\n<p><span>Wir haben\u00a0<\/span><strong>propriet\u00e4re Software<\/strong><span>\u00a0entwickelt, womit die Bemessung der Anlage und die Planung vor Ort unterstu\u0308tzt werden. Dank dieser Software sind unsere Partner in der Lage, dem Endkunden einen effizienten und individuellen Rundumservice zu bieten..<\/span><\/p>\n[\/et_pb_text][\/et_pb_column][\/et_pb_row][\/et_pb_section]\n","protected":false},"excerpt":{"rendered":"<p>Unser Service AIRCOMs Serviceleistungen begleiten unsere Partner u\u0308ber den gesamten Lebenszyklus der Anlage:von der Erstberatung bis zur Unterstu\u0308tzung w\u00e4hrend der Planungsphase. AUSBILDUNG DER TECHNIKER Wir veranstalten regelm\u00e4\u00dfige\u00a0Weiterbildungs-und Refresher-Kurse\u00a0fu\u0308r das technische Personal unserer Partner (Planer, Installateure, H\u00e4ndler). SUPPORT F\u00dcR PLANER Wir unterstu\u0308tzen unsere Partner bei jedem Eingriff; von den einfachsten bis zu den komplexesten Anlagen bieten [&hellip;]<\/p>\n","protected":false},"author":1,"featured_media":0,"parent":0,"menu_order":0,"comment_status":"closed","ping_status":"closed","template":"","meta":{"_et_pb_use_builder":"on","_et_pb_old_content":"","_et_gb_content_width":"","footnotes":""},"class_list":["post-11343","page","type-page","status-publish","hentry"],"yoast_head":"<!-- This site is optimized with the Yoast SEO plugin v27.3 - https:\/\/yoast.com\/product\/yoast-seo-wordpress\/ -->\n<title>Dienstleistungen - AIRCOM<\/title>\n<meta name=\"description\" content=\"AIRCOM Serviceleistungen begleiten unsere Partner u\u0308ber den gesamten Lebenszyklus der Anlage: von der Erstberatung bis zur Unterstu\u0308tzung w\u00e4hrend der Planungsphase.\" \/>\n<meta name=\"robots\" content=\"index, follow, max-snippet:-1, max-image-preview:large, max-video-preview:-1\" \/>\n<link rel=\"canonical\" href=\"https:\/\/www.aircomsystem.com\/de\/dienstleistungen\/\" \/>\n<meta property=\"og:locale\" content=\"de_DE\" \/>\n<meta property=\"og:type\" content=\"article\" \/>\n<meta property=\"og:title\" content=\"Dienstleistungen - AIRCOM\" \/>\n<meta property=\"og:description\" content=\"AIRCOM Serviceleistungen begleiten unsere Partner u\u0308ber den gesamten Lebenszyklus der Anlage: von der Erstberatung bis zur Unterstu\u0308tzung w\u00e4hrend der Planungsphase.\" \/>\n<meta property=\"og:url\" content=\"https:\/\/www.aircomsystem.com\/de\/dienstleistungen\/\" \/>\n<meta property=\"og:site_name\" content=\"AIRCOM\" \/>\n<meta property=\"article:modified_time\" content=\"2020-10-14T14:12:41+00:00\" \/>\n<meta name=\"twitter:card\" content=\"summary_large_image\" \/>\n<meta name=\"twitter:label1\" content=\"Gesch\u00e4tzte Lesezeit\" \/>\n\t<meta name=\"twitter:data1\" content=\"9\u00a0Minuten\" \/>\n<script type=\"application\/ld+json\" class=\"yoast-schema-graph\">{\"@context\":\"https:\\\/\\\/schema.org\",\"@graph\":[{\"@type\":\"WebPage\",\"@id\":\"https:\\\/\\\/www.aircomsystem.com\\\/de\\\/dienstleistungen\\\/\",\"url\":\"https:\\\/\\\/www.aircomsystem.com\\\/de\\\/dienstleistungen\\\/\",\"name\":\"Dienstleistungen - AIRCOM\",\"isPartOf\":{\"@id\":\"https:\\\/\\\/www.aircomsystem.com\\\/en\\\/#website\"},\"datePublished\":\"2020-09-27T14:00:38+00:00\",\"dateModified\":\"2020-10-14T14:12:41+00:00\",\"description\":\"AIRCOM Serviceleistungen begleiten unsere Partner u\u0308ber den gesamten Lebenszyklus der Anlage: von der Erstberatung bis zur Unterstu\u0308tzung w\u00e4hrend der Planungsphase.\",\"inLanguage\":\"de\",\"potentialAction\":[{\"@type\":\"ReadAction\",\"target\":[\"https:\\\/\\\/www.aircomsystem.com\\\/de\\\/dienstleistungen\\\/\"]}]},{\"@type\":\"WebSite\",\"@id\":\"https:\\\/\\\/www.aircomsystem.com\\\/en\\\/#website\",\"url\":\"https:\\\/\\\/www.aircomsystem.com\\\/en\\\/\",\"name\":\"AIRCOM\",\"description\":\"\",\"publisher\":{\"@id\":\"https:\\\/\\\/www.aircomsystem.com\\\/en\\\/#organization\"},\"potentialAction\":[{\"@type\":\"SearchAction\",\"target\":{\"@type\":\"EntryPoint\",\"urlTemplate\":\"https:\\\/\\\/www.aircomsystem.com\\\/en\\\/?s={search_term_string}\"},\"query-input\":{\"@type\":\"PropertyValueSpecification\",\"valueRequired\":true,\"valueName\":\"search_term_string\"}}],\"inLanguage\":\"de\"},{\"@type\":\"Organization\",\"@id\":\"https:\\\/\\\/www.aircomsystem.com\\\/en\\\/#organization\",\"name\":\"AIRCOM\",\"url\":\"https:\\\/\\\/www.aircomsystem.com\\\/en\\\/\",\"logo\":{\"@type\":\"ImageObject\",\"inLanguage\":\"de\",\"@id\":\"https:\\\/\\\/www.aircomsystem.com\\\/en\\\/#\\\/schema\\\/logo\\\/image\\\/\",\"url\":\"https:\\\/\\\/www.aircomsystem.com\\\/wp-content\\\/uploads\\\/2020\\\/10\\\/chi_siamo_logo_aircom_attuale.png\",\"contentUrl\":\"https:\\\/\\\/www.aircomsystem.com\\\/wp-content\\\/uploads\\\/2020\\\/10\\\/chi_siamo_logo_aircom_attuale.png\",\"width\":600,\"height\":395,\"caption\":\"AIRCOM\"},\"image\":{\"@id\":\"https:\\\/\\\/www.aircomsystem.com\\\/en\\\/#\\\/schema\\\/logo\\\/image\\\/\"}}]}<\/script>\n<!-- \/ Yoast SEO plugin. -->","yoast_head_json":{"title":"Dienstleistungen - AIRCOM","description":"AIRCOM Serviceleistungen begleiten unsere Partner u\u0308ber den gesamten Lebenszyklus der Anlage: von der Erstberatung bis zur Unterstu\u0308tzung w\u00e4hrend der Planungsphase.","robots":{"index":"index","follow":"follow","max-snippet":"max-snippet:-1","max-image-preview":"max-image-preview:large","max-video-preview":"max-video-preview:-1"},"canonical":"https:\/\/www.aircomsystem.com\/de\/dienstleistungen\/","og_locale":"de_DE","og_type":"article","og_title":"Dienstleistungen - AIRCOM","og_description":"AIRCOM Serviceleistungen begleiten unsere Partner u\u0308ber den gesamten Lebenszyklus der Anlage: von der Erstberatung bis zur Unterstu\u0308tzung w\u00e4hrend der Planungsphase.","og_url":"https:\/\/www.aircomsystem.com\/de\/dienstleistungen\/","og_site_name":"AIRCOM","article_modified_time":"2020-10-14T14:12:41+00:00","twitter_card":"summary_large_image","twitter_misc":{"Gesch\u00e4tzte Lesezeit":"9\u00a0Minuten"},"schema":{"@context":"https:\/\/schema.org","@graph":[{"@type":"WebPage","@id":"https:\/\/www.aircomsystem.com\/de\/dienstleistungen\/","url":"https:\/\/www.aircomsystem.com\/de\/dienstleistungen\/","name":"Dienstleistungen - AIRCOM","isPartOf":{"@id":"https:\/\/www.aircomsystem.com\/en\/#website"},"datePublished":"2020-09-27T14:00:38+00:00","dateModified":"2020-10-14T14:12:41+00:00","description":"AIRCOM Serviceleistungen begleiten unsere Partner u\u0308ber den gesamten Lebenszyklus der Anlage: von der Erstberatung bis zur Unterstu\u0308tzung w\u00e4hrend der Planungsphase.","inLanguage":"de","potentialAction":[{"@type":"ReadAction","target":["https:\/\/www.aircomsystem.com\/de\/dienstleistungen\/"]}]},{"@type":"WebSite","@id":"https:\/\/www.aircomsystem.com\/en\/#website","url":"https:\/\/www.aircomsystem.com\/en\/","name":"AIRCOM","description":"","publisher":{"@id":"https:\/\/www.aircomsystem.com\/en\/#organization"},"potentialAction":[{"@type":"SearchAction","target":{"@type":"EntryPoint","urlTemplate":"https:\/\/www.aircomsystem.com\/en\/?s={search_term_string}"},"query-input":{"@type":"PropertyValueSpecification","valueRequired":true,"valueName":"search_term_string"}}],"inLanguage":"de"},{"@type":"Organization","@id":"https:\/\/www.aircomsystem.com\/en\/#organization","name":"AIRCOM","url":"https:\/\/www.aircomsystem.com\/en\/","logo":{"@type":"ImageObject","inLanguage":"de","@id":"https:\/\/www.aircomsystem.com\/en\/#\/schema\/logo\/image\/","url":"https:\/\/www.aircomsystem.com\/wp-content\/uploads\/2020\/10\/chi_siamo_logo_aircom_attuale.png","contentUrl":"https:\/\/www.aircomsystem.com\/wp-content\/uploads\/2020\/10\/chi_siamo_logo_aircom_attuale.png","width":600,"height":395,"caption":"AIRCOM"},"image":{"@id":"https:\/\/www.aircomsystem.com\/en\/#\/schema\/logo\/image\/"}}]}},"jetpack_sharing_enabled":true,"_links":{"self":[{"href":"https:\/\/www.aircomsystem.com\/de\/wp-json\/wp\/v2\/pages\/11343","targetHints":{"allow":["GET"]}}],"collection":[{"href":"https:\/\/www.aircomsystem.com\/de\/wp-json\/wp\/v2\/pages"}],"about":[{"href":"https:\/\/www.aircomsystem.com\/de\/wp-json\/wp\/v2\/types\/page"}],"author":[{"embeddable":true,"href":"https:\/\/www.aircomsystem.com\/de\/wp-json\/wp\/v2\/users\/1"}],"replies":[{"embeddable":true,"href":"https:\/\/www.aircomsystem.com\/de\/wp-json\/wp\/v2\/comments?post=11343"}],"version-history":[{"count":0,"href":"https:\/\/www.aircomsystem.com\/de\/wp-json\/wp\/v2\/pages\/11343\/revisions"}],"wp:attachment":[{"href":"https:\/\/www.aircomsystem.com\/de\/wp-json\/wp\/v2\/media?parent=11343"}],"curies":[{"name":"wp","href":"https:\/\/api.w.org\/{rel}","templated":true}]}}