{"id":11353,"date":"2020-09-27T18:03:28","date_gmt":"2020-09-27T17:03:28","guid":{"rendered":"https:\/\/www.aircomsystem.com\/systems\/accessories\/"},"modified":"2025-04-16T15:02:37","modified_gmt":"2025-04-16T14:02:37","slug":"zubehoer-und-werkzeuge","status":"publish","type":"page","link":"https:\/\/www.aircomsystem.com\/de\/systeme\/zubehoer-und-werkzeuge\/","title":{"rendered":"Zubeh\u00f6r und Werkzeuge"},"content":{"rendered":"<p>[et_pb_section fb_built=&#8220;1&#8243; _builder_version=&#8220;4.16&#8243; background_color=&#8220;#444444&#8243; custom_padding=&#8220;0|0|0|0px|false|false&#8220; global_colors_info=&#8220;{}&#8220;][et_pb_row _builder_version=&#8220;4.16&#8243; custom_padding=&#8220;0|0px|0|0px|false|false&#8220; global_colors_info=&#8220;{}&#8220;][et_pb_column type=&#8220;4_4&#8243; _builder_version=&#8220;4.16&#8243; custom_padding=&#8220;|||&#8220; global_colors_info=&#8220;{}&#8220; custom_padding__hover=&#8220;|||&#8220;][et_pb_text ul_item_indent=&#8220;19px&#8220; _builder_version=&#8220;4.16&#8243; text_font=&#8220;Open Sans||||||||&#8220; text_text_color=&#8220;#ffffff&#8220; text_font_size=&#8220;16px&#8220; ul_font=&#8220;||||||||&#8220; ul_font_size=&#8220;16px&#8220; ul_line_height=&#8220;1.7em&#8220; header_font=&#8220;Rajdhani|500|||||||&#8220; header_text_align=&#8220;left&#8220; header_text_color=&#8220;#86c2eb&#8220; header_2_font=&#8220;Rajdhani|500|||||||&#8220; header_2_text_align=&#8220;left&#8220; header_2_text_color=&#8220;#86c2eb&#8220; header_2_font_size=&#8220;50px&#8220; header_2_line_height=&#8220;1.1em&#8220; header_6_font=&#8220;Open Sans|600|||||||&#8220; header_6_text_align=&#8220;left&#8220; header_6_text_color=&#8220;#86c2eb&#8220; header_6_font_size=&#8220;19px&#8220; header_6_line_height=&#8220;1.5em&#8220; text_orientation=&#8220;center&#8220; max_width=&#8220;93%&#8220; module_alignment=&#8220;left&#8220; custom_margin=&#8220;||&#8220; custom_margin_last_edited=&#8220;off|desktop&#8220; custom_padding=&#8220;40px|0px|0px|45px&#8220; custom_padding_tablet=&#8220;&#8220; custom_padding_phone=&#8220;|3px||15px&#8220; custom_padding_last_edited=&#8220;on|desktop&#8220; global_colors_info=&#8220;{}&#8220; custom_css_main_element__hover_enabled=&#8220;on&#8220;][\/et_pb_text][et_pb_text ul_item_indent=&#8220;19px&#8220; _builder_version=&#8220;4.27.4&#8243; text_font=&#8220;Open Sans||||||||&#8220; text_font_size=&#8220;16px&#8220; ul_font=&#8220;||||||||&#8220; ul_font_size=&#8220;16px&#8220; ul_line_height=&#8220;1.7em&#8220; header_font=&#8220;Rajdhani|600|||||||&#8220; header_text_align=&#8220;center&#8220; header_text_color=&#8220;#86c2eb&#8220; header_font_size=&#8220;57px&#8220; header_2_font=&#8220;Rajdhani|500|||||||&#8220; header_2_text_align=&#8220;center&#8220; header_2_text_color=&#8220;#86c2eb&#8220; header_2_font_size=&#8220;50px&#8220; header_2_line_height=&#8220;1.1em&#8220; header_6_font=&#8220;Open Sans|600|||||||&#8220; header_6_text_align=&#8220;center&#8220; header_6_text_color=&#8220;#86c2eb&#8220; header_6_font_size=&#8220;19px&#8220; text_orientation=&#8220;center&#8220; max_width=&#8220;93%&#8220; module_alignment=&#8220;left&#8220; custom_margin=&#8220;||&#8220; custom_margin_last_edited=&#8220;off|desktop&#8220; custom_padding=&#8220;0px|0px|0px|45px&#8220; custom_padding_tablet=&#8220;&#8220; custom_padding_phone=&#8220;|3px||15px&#8220; custom_padding_last_edited=&#8220;on|desktop&#8220; hover_enabled=&#8220;0&#8243; global_colors_info=&#8220;{}&#8220; custom_css_main_element__hover_enabled=&#8220;on&#8220; sticky_enabled=&#8220;0&#8243;]<\/p>\n<h1>Zubeh\u00f6r und Werkzeuge<\/h1>\n<h6>Ein komplettes Sortiment f\u00fcr alle Installationsanforderungen.<\/h6>\n<p>[\/et_pb_text][\/et_pb_column][\/et_pb_row][et_pb_row use_custom_gutter=&#8220;on&#8220; gutter_width=&#8220;1&#8243; _builder_version=&#8220;4.16&#8243; background_color=&#8220;#ffffff&#8220; background_size=&#8220;contain&#8220; background_position=&#8220;top_left&#8220; max_width=&#8220;90%&#8220; custom_margin=&#8220;60px||0px|&#8220; custom_padding=&#8220;0px|0px|0px|0px|false|false&#8220; animation_style=&#8220;flip&#8220; border_radii=&#8220;|16px|16px||&#8220; use_custom_width=&#8220;on&#8220; width_unit=&#8220;off&#8220; custom_width_percent=&#8220;90%&#8220; locked=&#8220;off&#8220; global_colors_info=&#8220;{}&#8220; border_color_all__hover=&#8220;#86c2eb&#8220; border_width_all__hover=&#8220;4px&#8220;][et_pb_column type=&#8220;4_4&#8243; _builder_version=&#8220;4.16&#8243; background_color=&#8220;#ffffff&#8220; custom_padding=&#8220;0px|0px|0px|0px&#8220; global_colors_info=&#8220;{}&#8220; custom_padding__hover=&#8220;|||&#8220;][et_pb_image src=&#8220;https:\/\/www.aircomsystem.com\/wp-content\/uploads\/2020\/10\/accessori_1429x1000px.jpg&#8220; title_text=&#8220;accessori_1429x1000px&#8220; show_bottom_space=&#8220;off&#8220; align=&#8220;center&#8220; force_fullwidth=&#8220;on&#8220; align_tablet=&#8220;center&#8220; align_phone=&#8220;&#8220; align_last_edited=&#8220;on|desktop&#8220; _builder_version=&#8220;4.16&#8243; custom_margin=&#8220;0px|0px|0px|0px&#8220; custom_padding=&#8220;0px|0px|0px|0px&#8220; global_colors_info=&#8220;{}&#8220;][\/et_pb_image][\/et_pb_column][\/et_pb_row][et_pb_row use_custom_gutter=&#8220;on&#8220; gutter_width=&#8220;1&#8243; _builder_version=&#8220;4.16&#8243; background_color=&#8220;#292929&#8243; background_size=&#8220;contain&#8220; background_position=&#8220;top_left&#8220; max_width=&#8220;90%&#8220; custom_margin=&#8220;0px||60px|&#8220; custom_padding=&#8220;0px|0px|0px|0px|false|false&#8220; animation_style=&#8220;flip&#8220; border_radii=&#8220;|||16px|16px&#8220; use_custom_width=&#8220;on&#8220; width_unit=&#8220;off&#8220; custom_width_percent=&#8220;90%&#8220; locked=&#8220;off&#8220; global_colors_info=&#8220;{}&#8220; border_color_all__hover=&#8220;#86c2eb&#8220; border_width_all__hover=&#8220;4px&#8220;][et_pb_column type=&#8220;4_4&#8243; _builder_version=&#8220;4.16&#8243; background_color=&#8220;#292929&#8243; custom_padding=&#8220;0px|0px|0px|0px&#8220; global_colors_info=&#8220;{}&#8220; custom_padding__hover=&#8220;|||&#8220;][et_pb_text ul_item_indent=&#8220;19px&#8220; _builder_version=&#8220;4.27.4&#8243; text_font=&#8220;Open Sans||||||||&#8220; text_font_size=&#8220;16px&#8220; ul_font=&#8220;||||||||&#8220; ul_font_size=&#8220;16px&#8220; ul_line_height=&#8220;1.7em&#8220; header_font=&#8220;Rajdhani|500|||||||&#8220; header_text_align=&#8220;left&#8220; header_text_color=&#8220;#86c2eb&#8220; header_2_font=&#8220;Rajdhani|500|||||||&#8220; header_2_text_align=&#8220;left&#8220; header_2_text_color=&#8220;#86c2eb&#8220; header_2_font_size=&#8220;50px&#8220; header_2_line_height=&#8220;1.1em&#8220; header_6_font=&#8220;Open Sans|600|||||||&#8220; header_6_text_align=&#8220;left&#8220; header_6_text_color=&#8220;#86c2eb&#8220; header_6_font_size=&#8220;19px&#8220; header_6_line_height=&#8220;1.5em&#8220; max_width=&#8220;93%&#8220; module_alignment=&#8220;left&#8220; custom_margin=&#8220;||&#8220; custom_margin_last_edited=&#8220;off|desktop&#8220; custom_padding=&#8220;40px|0px|40px|45px&#8220; custom_padding_tablet=&#8220;&#8220; custom_padding_phone=&#8220;|3px||15px&#8220; custom_padding_last_edited=&#8220;on|phone&#8220; hover_enabled=&#8220;0&#8243; global_colors_info=&#8220;{}&#8220; custom_css_main_element__hover_enabled=&#8220;on&#8220; sticky_enabled=&#8220;0&#8243;]<\/p>\n<h2 style=\"text-align: left;\">Zubeh\u00f6r und Werkzeuge<\/h2>\n<h6>Ein komplettes Sortiment f\u00fcr alle Installationsanforderungen.<\/h6>\n<p>Die gro\u00dfe Auswahl an Zubeh\u00f6r und Werkzeugen erm\u00f6glicht nicht nur sicheres Arbeiten, sondern auch eine Optimierung der Installations- und Wartungszeiten.<br \/>\nDas Sortiment umfasst spezielle Schl\u00fcssel f\u00fcr Fittings, spezielle Werkzeuge zum Schneiden, Kalibrieren und Anziehen sowie eine Reihe von speziell entwickelten Werkzeugen f\u00fcr schnelle, pr\u00e4zise und professionelle Eingriffe.<br \/>\nAlle Werkzeuge sind speziell f\u00fcr das <strong>&#8222;Quick Line Aluminium&#8220;<\/strong> und <strong>&#8222;Quick Line HR-Polymer&#8220;<\/strong> und gesteckt und garantieren maximale Effizienz und Langlebigkeit.<\/p>\n<h6>Mehrschichtrohr f\u00fcr Druckluft<\/h6>\n<p>Durch seinen besonderen Aufbau bietet Aircoms Mehrschichtverbundrohr fu\u0308r Druckluftleitungen ausgezeichnete Eigenschaften, typisch fu\u0308r PE-RT.<br \/>\nDie in der Struktur des Mehrschichtverbundrohrs eingebaute Aluminiumschicht sorgt fu\u0308r Widerstandsf\u00e4higkeit gegen hohe<br \/>\nDruckwerte und hohe Betriebstemperaturen.<\/p>\n<p>Dank seiner mehrschichtigen Struktur bietet das AIRCOM-Rohr f\u00fcr Druckluftleitungen hervorragende physikalische und chemische Eigenschaften, wie sie f\u00fcr PE-RT typisch sind.<br \/>\nDie integrierte Aluminiumschicht sorgt f\u00fcr hohe Druckfestigkeit und Best\u00e4ndigkeit gegen hohe Betriebstemperaturen.<\/p>\n<h3>Verf\u00fcgbare Durchmesser: 16 \u2013 20 \u2013 25 mm<\/h3>\n<p>Die einfache Installation in Kombination mit dem geringen Gewicht des Materials erm\u00f6glicht eine flexible Verlegung, selbst in komplexen Bereichen, und erleichtert das \u00dcberwinden von Hindernissen auf einfache Weise.[\/et_pb_text][\/et_pb_column][\/et_pb_row][\/et_pb_section][et_pb_section fb_built=&#8220;1&#8243; _builder_version=&#8220;4.16&#8243; _module_preset=&#8220;default&#8220; background_color=&#8220;gcid-a3e1534f-72b2-4741-bbca-4aa57f5173be&#8220; custom_padding=&#8220;7px||98px|||&#8220; animation_style=&#8220;slide&#8220; global_colors_info=&#8220;{%22gcid-a3e1534f-72b2-4741-bbca-4aa57f5173be%22:%91%22background_color%22%93}&#8220;][et_pb_row use_custom_gutter=&#8220;on&#8220; gutter_width=&#8220;1&#8243; _builder_version=&#8220;4.16&#8243; _module_preset=&#8220;default&#8220; background_color=&#8220;gcid-a3e1534f-72b2-4741-bbca-4aa57f5173be&#8220; max_width=&#8220;90%&#8220; custom_padding=&#8220;1px||1px||true|false&#8220; border_radii=&#8220;on|16px|16px|16px|16px&#8220; global_colors_info=&#8220;{%22gcid-a3e1534f-72b2-4741-bbca-4aa57f5173be%22:%91%22background_color%22%93}&#8220;][et_pb_column type=&#8220;4_4&#8243; _builder_version=&#8220;4.16&#8243; _module_preset=&#8220;default&#8220; background_color=&#8220;gcid-ac848d66-f5e4-442c-9798-22c0ed2d5fb3&#8243; custom_padding=&#8220;||||false|false&#8220; global_colors_info=&#8220;{%22gcid-ac848d66-f5e4-442c-9798-22c0ed2d5fb3%22:%91%22background_color%22%93}&#8220;][et_pb_text ul_item_indent=&#8220;19px&#8220; _builder_version=&#8220;4.16&#8243; _dynamic_attributes=&#8220;link_option_url&#8220; text_font=&#8220;Open Sans||||||||&#8220; text_font_size=&#8220;16px&#8220; ul_font_size=&#8220;16px&#8220; ul_line_height=&#8220;1.7em&#8220; header_font=&#8220;Rajdhani|500|||||||&#8220; header_text_align=&#8220;left&#8220; header_text_color=&#8220;#86c2eb&#8220; header_2_font=&#8220;Rajdhani|600|||||||&#8220; header_2_text_color=&#8220;#86c2eb&#8220; header_2_font_size=&#8220;50px&#8220; header_2_line_height=&#8220;1.1em&#8220; header_3_font=&#8220;Rajdhani|700||on|||||&#8220; header_3_text_align=&#8220;center&#8220; header_3_text_color=&#8220;#86c2eb&#8220; header_3_font_size=&#8220;23px&#8220; header_3_line_height=&#8220;1.7em&#8220; header_6_font=&#8220;Open Sans|600|||||||&#8220; header_6_text_color=&#8220;#86c2eb&#8220; header_6_font_size=&#8220;19px&#8220; header_6_line_height=&#8220;1.5em&#8220; background_color=&#8220;#292929&#8243; text_orientation=&#8220;center&#8220; module_alignment=&#8220;center&#8220; custom_margin_last_edited=&#8220;off|desktop&#8220; custom_padding=&#8220;30px|30px|30px|30px&#8220; custom_padding_phone=&#8220;|||&#8220; custom_padding_last_edited=&#8220;off|desktop&#8220; link_option_url=&#8220;@ET-DC@eyJkeW5hbWljIjp0cnVlLCJjb250ZW50IjoicG9zdF9saW5rX3VybF9wYWdlIiwic2V0dGluZ3MiOnsicG9zdF9pZCI6IjE1NTY4In19@&#8220; link_option_url_new_window=&#8220;on&#8220; border_radii=&#8220;on|16px|16px|16px|16px&#8220; border_width_all=&#8220;4px&#8220; border_color_all=&#8220;#292929&#8243; global_colors_info=&#8220;{}&#8220; custom_css_main_element__hover_enabled=&#8220;on&#8220; custom_padding__hover_enabled=&#8220;on&#8220; border_color_all__hover_enabled=&#8220;on&#8220; border_color_all__hover=&#8220;#86c2eb&#8220; custom_padding__hover=&#8220;30px|30px|30px|30px&#8220;]<\/p>\n<p><i class=\"icone-servizi fas fa-download\"><\/i><\/p>\n<h3>DOWNLOAD AREA<\/h3>\n<p>[\/et_pb_text][\/et_pb_column][\/et_pb_row][\/et_pb_section]<\/p>\n","protected":false},"excerpt":{"rendered":"<p>Zubeh\u00f6r und Werkzeuge Ein komplettes Sortiment f\u00fcr alle Installationsanforderungen.Zubeh\u00f6r und Werkzeuge Ein komplettes Sortiment f\u00fcr alle Installationsanforderungen. Die gro\u00dfe Auswahl an Zubeh\u00f6r und Werkzeugen erm\u00f6glicht nicht nur sicheres Arbeiten, sondern auch eine Optimierung der Installations- und Wartungszeiten. Das Sortiment umfasst spezielle Schl\u00fcssel f\u00fcr Fittings, spezielle Werkzeuge zum Schneiden, Kalibrieren und Anziehen sowie eine Reihe von [&hellip;]<\/p>\n","protected":false},"author":1,"featured_media":0,"parent":11348,"menu_order":0,"comment_status":"closed","ping_status":"closed","template":"","meta":{"_et_pb_use_builder":"on","_et_pb_old_content":"","_et_gb_content_width":"","footnotes":""},"class_list":["post-11353","page","type-page","status-publish","hentry"],"yoast_head":"<!-- This site is optimized with the Yoast SEO plugin v27.4 - https:\/\/yoast.com\/product\/yoast-seo-wordpress\/ -->\n<title>Zubeh\u00f6r und Werkzeuge - AIRCOM<\/title>\n<meta name=\"description\" content=\"Eine breite Palette an Zubeh\u00f6r f\u00fcr unsere Systeme.\" \/>\n<meta name=\"robots\" content=\"index, follow, max-snippet:-1, max-image-preview:large, max-video-preview:-1\" \/>\n<link rel=\"canonical\" href=\"https:\/\/www.aircomsystem.com\/en\/systems\/accessories-and-tools\/\" \/>\n<meta property=\"og:locale\" content=\"de_DE\" \/>\n<meta property=\"og:type\" content=\"article\" \/>\n<meta property=\"og:title\" content=\"Zubeh\u00f6r und Werkzeuge - AIRCOM\" \/>\n<meta property=\"og:description\" content=\"Eine breite Palette an Zubeh\u00f6r f\u00fcr unsere Systeme.\" \/>\n<meta property=\"og:url\" content=\"https:\/\/www.aircomsystem.com\/en\/systems\/accessories-and-tools\/\" \/>\n<meta property=\"og:site_name\" content=\"AIRCOM\" \/>\n<meta property=\"article:modified_time\" content=\"2025-04-16T14:02:37+00:00\" \/>\n<meta name=\"twitter:card\" content=\"summary_large_image\" \/>\n<meta name=\"twitter:label1\" content=\"Gesch\u00e4tzte Lesezeit\" \/>\n\t<meta name=\"twitter:data1\" content=\"1\u00a0Minute\" \/>\n<script type=\"application\/ld+json\" class=\"yoast-schema-graph\">{\"@context\":\"https:\\\/\\\/schema.org\",\"@graph\":[{\"@type\":\"WebPage\",\"@id\":\"https:\\\/\\\/www.aircomsystem.com\\\/en\\\/systems\\\/accessories-and-tools\\\/\",\"url\":\"https:\\\/\\\/www.aircomsystem.com\\\/en\\\/systems\\\/accessories-and-tools\\\/\",\"name\":\"Zubeh\u00f6r und Werkzeuge - AIRCOM\",\"isPartOf\":{\"@id\":\"https:\\\/\\\/www.aircomsystem.com\\\/en\\\/#website\"},\"datePublished\":\"2020-09-27T17:03:28+00:00\",\"dateModified\":\"2025-04-16T14:02:37+00:00\",\"description\":\"Eine breite Palette an Zubeh\u00f6r f\u00fcr unsere Systeme.\",\"breadcrumb\":{\"@id\":\"https:\\\/\\\/www.aircomsystem.com\\\/en\\\/systems\\\/accessories-and-tools\\\/#breadcrumb\"},\"inLanguage\":\"de\",\"potentialAction\":[{\"@type\":\"ReadAction\",\"target\":[\"https:\\\/\\\/www.aircomsystem.com\\\/en\\\/systems\\\/accessories-and-tools\\\/\"]}]},{\"@type\":\"BreadcrumbList\",\"@id\":\"https:\\\/\\\/www.aircomsystem.com\\\/en\\\/systems\\\/accessories-and-tools\\\/#breadcrumb\",\"itemListElement\":[{\"@type\":\"ListItem\",\"position\":1,\"name\":\"Systeme\",\"item\":\"https:\\\/\\\/www.aircomsystem.com\\\/en\\\/systems\\\/\"},{\"@type\":\"ListItem\",\"position\":2,\"name\":\"Zubeh\u00f6r und Werkzeuge\"}]},{\"@type\":\"WebSite\",\"@id\":\"https:\\\/\\\/www.aircomsystem.com\\\/en\\\/#website\",\"url\":\"https:\\\/\\\/www.aircomsystem.com\\\/en\\\/\",\"name\":\"AIRCOM\",\"description\":\"\",\"publisher\":{\"@id\":\"https:\\\/\\\/www.aircomsystem.com\\\/en\\\/#organization\"},\"potentialAction\":[{\"@type\":\"SearchAction\",\"target\":{\"@type\":\"EntryPoint\",\"urlTemplate\":\"https:\\\/\\\/www.aircomsystem.com\\\/en\\\/?s={search_term_string}\"},\"query-input\":{\"@type\":\"PropertyValueSpecification\",\"valueRequired\":true,\"valueName\":\"search_term_string\"}}],\"inLanguage\":\"de\"},{\"@type\":\"Organization\",\"@id\":\"https:\\\/\\\/www.aircomsystem.com\\\/en\\\/#organization\",\"name\":\"AIRCOM\",\"url\":\"https:\\\/\\\/www.aircomsystem.com\\\/en\\\/\",\"logo\":{\"@type\":\"ImageObject\",\"inLanguage\":\"de\",\"@id\":\"https:\\\/\\\/www.aircomsystem.com\\\/en\\\/#\\\/schema\\\/logo\\\/image\\\/\",\"url\":\"https:\\\/\\\/www.aircomsystem.com\\\/wp-content\\\/uploads\\\/2020\\\/10\\\/chi_siamo_logo_aircom_attuale.png\",\"contentUrl\":\"https:\\\/\\\/www.aircomsystem.com\\\/wp-content\\\/uploads\\\/2020\\\/10\\\/chi_siamo_logo_aircom_attuale.png\",\"width\":600,\"height\":395,\"caption\":\"AIRCOM\"},\"image\":{\"@id\":\"https:\\\/\\\/www.aircomsystem.com\\\/en\\\/#\\\/schema\\\/logo\\\/image\\\/\"}}]}<\/script>\n<!-- \/ Yoast SEO plugin. -->","yoast_head_json":{"title":"Zubeh\u00f6r und Werkzeuge - AIRCOM","description":"Eine breite Palette an Zubeh\u00f6r f\u00fcr unsere Systeme.","robots":{"index":"index","follow":"follow","max-snippet":"max-snippet:-1","max-image-preview":"max-image-preview:large","max-video-preview":"max-video-preview:-1"},"canonical":"https:\/\/www.aircomsystem.com\/en\/systems\/accessories-and-tools\/","og_locale":"de_DE","og_type":"article","og_title":"Zubeh\u00f6r und Werkzeuge - AIRCOM","og_description":"Eine breite Palette an Zubeh\u00f6r f\u00fcr unsere Systeme.","og_url":"https:\/\/www.aircomsystem.com\/en\/systems\/accessories-and-tools\/","og_site_name":"AIRCOM","article_modified_time":"2025-04-16T14:02:37+00:00","twitter_card":"summary_large_image","twitter_misc":{"Gesch\u00e4tzte Lesezeit":"1\u00a0Minute"},"schema":{"@context":"https:\/\/schema.org","@graph":[{"@type":"WebPage","@id":"https:\/\/www.aircomsystem.com\/en\/systems\/accessories-and-tools\/","url":"https:\/\/www.aircomsystem.com\/en\/systems\/accessories-and-tools\/","name":"Zubeh\u00f6r und Werkzeuge - AIRCOM","isPartOf":{"@id":"https:\/\/www.aircomsystem.com\/en\/#website"},"datePublished":"2020-09-27T17:03:28+00:00","dateModified":"2025-04-16T14:02:37+00:00","description":"Eine breite Palette an Zubeh\u00f6r f\u00fcr unsere Systeme.","breadcrumb":{"@id":"https:\/\/www.aircomsystem.com\/en\/systems\/accessories-and-tools\/#breadcrumb"},"inLanguage":"de","potentialAction":[{"@type":"ReadAction","target":["https:\/\/www.aircomsystem.com\/en\/systems\/accessories-and-tools\/"]}]},{"@type":"BreadcrumbList","@id":"https:\/\/www.aircomsystem.com\/en\/systems\/accessories-and-tools\/#breadcrumb","itemListElement":[{"@type":"ListItem","position":1,"name":"Systeme","item":"https:\/\/www.aircomsystem.com\/en\/systems\/"},{"@type":"ListItem","position":2,"name":"Zubeh\u00f6r und Werkzeuge"}]},{"@type":"WebSite","@id":"https:\/\/www.aircomsystem.com\/en\/#website","url":"https:\/\/www.aircomsystem.com\/en\/","name":"AIRCOM","description":"","publisher":{"@id":"https:\/\/www.aircomsystem.com\/en\/#organization"},"potentialAction":[{"@type":"SearchAction","target":{"@type":"EntryPoint","urlTemplate":"https:\/\/www.aircomsystem.com\/en\/?s={search_term_string}"},"query-input":{"@type":"PropertyValueSpecification","valueRequired":true,"valueName":"search_term_string"}}],"inLanguage":"de"},{"@type":"Organization","@id":"https:\/\/www.aircomsystem.com\/en\/#organization","name":"AIRCOM","url":"https:\/\/www.aircomsystem.com\/en\/","logo":{"@type":"ImageObject","inLanguage":"de","@id":"https:\/\/www.aircomsystem.com\/en\/#\/schema\/logo\/image\/","url":"https:\/\/www.aircomsystem.com\/wp-content\/uploads\/2020\/10\/chi_siamo_logo_aircom_attuale.png","contentUrl":"https:\/\/www.aircomsystem.com\/wp-content\/uploads\/2020\/10\/chi_siamo_logo_aircom_attuale.png","width":600,"height":395,"caption":"AIRCOM"},"image":{"@id":"https:\/\/www.aircomsystem.com\/en\/#\/schema\/logo\/image\/"}}]}},"jetpack_sharing_enabled":true,"_links":{"self":[{"href":"https:\/\/www.aircomsystem.com\/de\/wp-json\/wp\/v2\/pages\/11353","targetHints":{"allow":["GET"]}}],"collection":[{"href":"https:\/\/www.aircomsystem.com\/de\/wp-json\/wp\/v2\/pages"}],"about":[{"href":"https:\/\/www.aircomsystem.com\/de\/wp-json\/wp\/v2\/types\/page"}],"author":[{"embeddable":true,"href":"https:\/\/www.aircomsystem.com\/de\/wp-json\/wp\/v2\/users\/1"}],"replies":[{"embeddable":true,"href":"https:\/\/www.aircomsystem.com\/de\/wp-json\/wp\/v2\/comments?post=11353"}],"version-history":[{"count":3,"href":"https:\/\/www.aircomsystem.com\/de\/wp-json\/wp\/v2\/pages\/11353\/revisions"}],"predecessor-version":[{"id":16451,"href":"https:\/\/www.aircomsystem.com\/de\/wp-json\/wp\/v2\/pages\/11353\/revisions\/16451"}],"up":[{"embeddable":true,"href":"https:\/\/www.aircomsystem.com\/de\/wp-json\/wp\/v2\/pages\/11348"}],"wp:attachment":[{"href":"https:\/\/www.aircomsystem.com\/de\/wp-json\/wp\/v2\/media?parent=11353"}],"curies":[{"name":"wp","href":"https:\/\/api.w.org\/{rel}","templated":true}]}}