{"id":11331,"date":"2020-09-27T15:03:58","date_gmt":"2020-09-27T14:03:58","guid":{"rendered":"https:\/\/www.aircomsystem.com\/aircom\/"},"modified":"2020-10-18T15:05:02","modified_gmt":"2020-10-18T14:05:02","slug":"aircom","status":"publish","type":"page","link":"https:\/\/www.aircomsystem.com\/es\/aircom\/","title":{"rendered":"Aircom"},"content":{"rendered":"<p>[et_pb_section fb_built=\u00bb1&#8243; _builder_version=\u00bb3.22&#8243; background_color=\u00bb#444444&#8243; custom_padding=\u00bb57px|0|49px|0px|false|false\u00bb][et_pb_row column_structure=\u00bb1_2,1_2&#8243; use_custom_gutter=\u00bbon\u00bb gutter_width=\u00bb2&#8243; module_class=\u00bbbtn-inline \u00bb _builder_version=\u00bb3.25&#8243; custom_margin=\u00bb||60px\u00bb use_custom_width=\u00bbon\u00bb custom_width_px=\u00bb1400px\u00bb][et_pb_column type=\u00bb1_2&#8243; _builder_version=\u00bb3.25&#8243; custom_padding=\u00bb|||\u00bb custom_padding__hover=\u00bb|||\u00bb][et_pb_text ul_item_indent=\u00bb19px\u00bb _builder_version=\u00bb4.6.5&#8243; text_font=\u00bbOpen Sans||||||||\u00bb text_font_size=\u00bb16px\u00bb ul_font_size=\u00bb16px\u00bb ul_line_height=\u00bb1.7em\u00bb header_font=\u00bbRajdhani|500|||||||\u00bb header_text_align=\u00bbleft\u00bb header_text_color=\u00bb#86c2eb\u00bb header_2_font=\u00bbRajdhani|600|||||||\u00bb header_2_text_color=\u00bb#86c2eb\u00bb header_2_font_size=\u00bb50px\u00bb header_2_line_height=\u00bb1.1em\u00bb header_6_font=\u00bbOpen Sans|600|||||||\u00bb header_6_text_color=\u00bb#86c2eb\u00bb header_6_font_size=\u00bb19px\u00bb header_6_line_height=\u00bb1.5em\u00bb module_alignment=\u00bbleft\u00bb custom_margin_last_edited=\u00bboff|desktop\u00bb custom_padding_tablet=\u00bb\u00bb custom_padding_phone=\u00bb|||\u00bb custom_padding_last_edited=\u00bbon|desktop\u00bb animation_style=\u00bbfade\u00bb animation_delay=\u00bb400ms\u00bb z_index_tablet=\u00bb500&#8243; custom_css_main_element__hover_enabled=\u00bbon\u00bb]<\/p>\n<h2 style=\"text-align: left;\">Qui\u00e9nes somos.<\/h2>\n<h6>AIRCOM es una empresa italiana especializada en el dise\u00f1o y en la producci\u00f3n detuber\u00edas y conecciones de alto rendimiento y avanzada tecnolog\u00eda para instalaciones de aire comprimido y fluidos presurizados.<\/h6>\n<p><span>Gracias a un constante estudio y desarrollo de los componentes y el vasto conocimiento t\u00e9cnico adquirido, nuestros servicios de asistencia representan\u00a0<\/span><strong>un punto de referencia para todo el sector a nivel internacional.<\/strong><\/p>\n<p>[\/et_pb_text][et_pb_button button_url=\u00bb@ET-DC@eyJkeW5hbWljIjp0cnVlLCJjb250ZW50IjoicG9zdF9saW5rX3VybF9wYWdlIiwic2V0dGluZ3MiOnsicG9zdF9pZCI6IjEwNzczIn19@\u00bb button_text=\u00bbSISTEMAS\u00bb _builder_version=\u00bb4.6.5&#8243; _dynamic_attributes=\u00bbbutton_url\u00bb custom_button=\u00bbon\u00bb button_text_size=\u00bb14px\u00bb button_text_color=\u00bb#86c2eb\u00bb button_bg_color=\u00bb#444444&#8243; button_border_width=\u00bb2px\u00bb button_border_color=\u00bb#86c2eb\u00bb button_letter_spacing=\u00bb1px\u00bb button_font=\u00bbRajdhani|700||on|||||\u00bb button_use_icon=\u00bboff\u00bb custom_margin=\u00bb||20px\u00bb custom_padding=\u00bb|40px||40px\u00bb animation_style=\u00bbfade\u00bb animation_delay=\u00bb800ms\u00bb button_border_radius__hover_enabled=\u00bbon\u00bb button_bg_color__hover_enabled=\u00bbon\u00bb button_bg_color__hover=\u00bb#86c2eb\u00bb button_border_width__hover_enabled=\u00bbon\u00bb button_border_width__hover=\u00bb2px\u00bb button_text_color__hover_enabled=\u00bbon\u00bb button_text_color__hover=\u00bb#292929&#8243; button_border_color__hover_enabled=\u00bbon\u00bb][\/et_pb_button][\/et_pb_column][et_pb_column type=\u00bb1_2&#8243; _builder_version=\u00bb3.25&#8243; custom_padding=\u00bb|||\u00bb custom_padding__hover=\u00bb|||\u00bb][et_pb_image src=\u00bbhttps:\/\/www.aircomsystem.com\/wp-content\/uploads\/2020\/10\/chi_siamo_01.jpg\u00bb align_tablet=\u00bbcenter\u00bb align_phone=\u00bb\u00bb align_last_edited=\u00bbon|desktop\u00bb _builder_version=\u00bb4.6.6&#8243; animation_style=\u00bbfade\u00bb animation_delay=\u00bb1000ms\u00bb hover_enabled=\u00bb0&#8243; title_text=\u00bbchi_siamo_01&#8243; sticky_enabled=\u00bb0&#8243;][\/et_pb_image][\/et_pb_column][\/et_pb_row][et_pb_row column_structure=\u00bb1_5,3_5,1_5&#8243; use_custom_gutter=\u00bbon\u00bb gutter_width=\u00bb2&#8243; module_id=\u00bbla-storia\u00bb module_class=\u00bbbtn-inline \u00bb _builder_version=\u00bb3.25&#8243; max_width=\u00bb90%\u00bb use_custom_width=\u00bbon\u00bb width_unit=\u00bboff\u00bb custom_width_percent=\u00bb90%\u00bb][et_pb_column type=\u00bb1_5&#8243; _builder_version=\u00bb3.25&#8243; custom_padding=\u00bb|||\u00bb custom_padding__hover=\u00bb|||\u00bb][\/et_pb_column][et_pb_column type=\u00bb3_5&#8243; _builder_version=\u00bb3.25&#8243; custom_padding=\u00bb|||\u00bb custom_padding__hover=\u00bb|||\u00bb][et_pb_text ul_item_indent=\u00bb19px\u00bb _builder_version=\u00bb4.6.5&#8243; text_font=\u00bbOpen Sans||||||||\u00bb text_font_size=\u00bb16px\u00bb ul_font=\u00bb||||||||\u00bb ul_font_size=\u00bb16px\u00bb ul_line_height=\u00bb1.7em\u00bb header_font=\u00bbRajdhani|500|||||||\u00bb header_text_align=\u00bbleft\u00bb header_text_color=\u00bb#86c2eb\u00bb header_2_font=\u00bbRajdhani|600|||||||\u00bb header_2_text_color=\u00bb#86c2eb\u00bb header_2_font_size=\u00bb50px\u00bb header_2_line_height=\u00bb1.1em\u00bb header_6_font=\u00bbOpen Sans|600|||||||\u00bb header_6_text_color=\u00bb#86c2eb\u00bb header_6_font_size=\u00bb19px\u00bb header_6_line_height=\u00bb1.5em\u00bb module_alignment=\u00bbleft\u00bb custom_margin_last_edited=\u00bboff|desktop\u00bb custom_padding_tablet=\u00bb\u00bb custom_padding_phone=\u00bb|||\u00bb custom_padding_last_edited=\u00bbon|desktop\u00bb animation_style=\u00bbfade\u00bb animation_delay=\u00bb400ms\u00bb custom_css_main_element__hover_enabled=\u00bbon\u00bb]<\/p>\n<h2 style=\"text-align: left;\">La historia<\/h2>\n<h6>Marco Di Liberto, padre de Stefano fund\u00f3 en 1953 la FIP, la primera compa\u00f1\u00eda en Europa en desarrollar conexiones y v\u00e1lvulas hechas de pol\u00edmeros para fluidos en presi\u00f3n no solo con juntas mec\u00e1nicas sino que tambi\u00e9n con empalmes mediante soldadura en fr\u00edo.<\/h6>\n<p>Todas las conexiones para \u201cBlue pipe\u201d del mercado actual derivan de las conexiones que fueron proyectadas a finales de los a\u00f1os 60 por Plasson en Israel y por FIP en Italia.<\/p>\n<p><strong>AIRCOM fue fundada en 1996 por Stefano Di Liberto y representa la segunda generaci\u00f3n en el dise\u00f1o y producci\u00f3n de tuber\u00edas, conexiones y accesorios en tecnopol\u00edmero para fluidos en presi\u00f3n.<\/strong><\/p>\n<p>AIRCOM crea y desarrolla gamas completas de productos para la distribuci\u00f3n de aire comprimido y fluidos en presi\u00f3n:<span>\u00a0<\/span><strong>\u201cClassic Line\u201d<\/strong><span>\u00a0<\/span>hecha en tecnopol\u00edmero d\u00factil \u201chigh impact\u201d con tecnolog\u00eda de uni\u00f3n con soldadura en fr\u00edo y<span>\u00a0<\/span><strong>\u201cQuick Line\u201d compuesta de tuber\u00edas en aluminio y conexiones de aluminio o tecnopol\u00edmero HIP \u201chigh impact\u201d.<\/strong><\/p>\n<p>En el 2005 AIRCOM proyecta y produce por cuenta de Atlas Copco la l\u00ednea AIRnet. Dado el gran \u00e9xito obtenido, en 2012 Atlas decide producirla de forma aut\u00f3noma.<\/p>\n<p>Todas las nuevas tecnolog\u00edas dise\u00f1adas por AIRCOM en los \u00faltimos 20 a\u00f1os han permitido a nuestros Clientes mejorar la calidad de sus instalaciones, optimizando los gastos, reduciendo los costos de la energ\u00eda con evidentes beneficios econ\u00f3micos y del medio ambiente.<\/p>\n<p><strong>En la actualidad, AIRCOM ha concentrando todos sus esfuerzos en el desarrollo y expansi\u00f3n de productos espec\u00edficos indispensables para optimizar a\u00fan m\u00e1s el rendimiento de las instalaciones, satisfacer las necesidades de los instaladores y favorecer a los Partners.<\/strong><br \/>Adem\u00e1s, la actualizaci\u00f3n constante de nuestro software de c\u00e1lculo y dimesionamiento tiene como objetivo la asistencia y el soporte t\u00e9cnico para los profesionales del sector.<\/p>\n<p>[\/et_pb_text][\/et_pb_column][et_pb_column type=\u00bb1_5&#8243; _builder_version=\u00bb3.25&#8243; custom_padding=\u00bb|||\u00bb custom_padding__hover=\u00bb|||\u00bb][\/et_pb_column][\/et_pb_row][et_pb_row column_structure=\u00bb1_2,1_2&#8243; use_custom_gutter=\u00bbon\u00bb gutter_width=\u00bb2&#8243; module_id=\u00bbla-storia\u00bb module_class=\u00bbbtn-inline \u00bb _builder_version=\u00bb3.25&#8243; use_custom_width=\u00bbon\u00bb][et_pb_column type=\u00bb1_2&#8243; _builder_version=\u00bb3.25&#8243; custom_padding=\u00bb|||\u00bb custom_padding__hover=\u00bb|||\u00bb][et_pb_image src=\u00bbhttps:\/\/www.aircomsystem.com\/wp-content\/uploads\/2020\/10\/chi_siamo_logo_aircom_vecchio.png\u00bb align_tablet=\u00bbcenter\u00bb align_phone=\u00bb\u00bb align_last_edited=\u00bbon|desktop\u00bb _builder_version=\u00bb4.6.6&#8243; hover_enabled=\u00bb0&#8243; title_text=\u00bbchi_siamo_logo_aircom_vecchio\u00bb sticky_enabled=\u00bb0&#8243;][\/et_pb_image][et_pb_text ul_item_indent=\u00bb19px\u00bb _builder_version=\u00bb4.6.5&#8243; text_font=\u00bbOpen Sans||||||||\u00bb text_font_size=\u00bb16px\u00bb ul_font=\u00bb||||||||\u00bb ul_font_size=\u00bb16px\u00bb ul_line_height=\u00bb1.7em\u00bb header_font=\u00bbRajdhani|500|||||||\u00bb header_text_align=\u00bbcenter\u00bb header_text_color=\u00bb#86c2eb\u00bb header_2_font=\u00bbRajdhani|600|||||||\u00bb header_2_text_color=\u00bb#86c2eb\u00bb header_2_font_size=\u00bb50px\u00bb header_2_line_height=\u00bb1.1em\u00bb header_3_font=\u00bbRajdhani|700||on|||||\u00bb header_3_text_align=\u00bbcenter\u00bb header_3_text_color=\u00bb#86c2eb\u00bb header_3_font_size=\u00bb25px\u00bb header_6_font=\u00bbOpen Sans|600|||||||\u00bb header_6_text_color=\u00bb#86c2eb\u00bb header_6_font_size=\u00bb19px\u00bb header_6_line_height=\u00bb1.5em\u00bb module_alignment=\u00bbleft\u00bb custom_margin_last_edited=\u00bboff|desktop\u00bb custom_padding_tablet=\u00bb\u00bb custom_padding_phone=\u00bb|||\u00bb custom_padding_last_edited=\u00bbon|desktop\u00bb animation_style=\u00bbfade\u00bb animation_delay=\u00bb400ms\u00bb custom_css_main_element__hover_enabled=\u00bbon\u00bb]<\/p>\n<h3>AIRCOM AL PRINCIPIO<\/h3>\n<p>[\/et_pb_text][\/et_pb_column][et_pb_column type=\u00bb1_2&#8243; _builder_version=\u00bb3.25&#8243; custom_padding=\u00bb|||\u00bb custom_padding__hover=\u00bb|||\u00bb][et_pb_image src=\u00bbhttps:\/\/www.aircomsystem.com\/wp-content\/uploads\/2020\/10\/chi_siamo_logo_aircom_attuale.png\u00bb align_tablet=\u00bbcenter\u00bb align_phone=\u00bb\u00bb align_last_edited=\u00bbon|desktop\u00bb _builder_version=\u00bb4.6.6&#8243; hover_enabled=\u00bb0&#8243; title_text=\u00bbchi_siamo_logo_aircom_attuale\u00bb sticky_enabled=\u00bb0&#8243;][\/et_pb_image][et_pb_text ul_item_indent=\u00bb19px\u00bb _builder_version=\u00bb4.6.5&#8243; text_font=\u00bbOpen Sans||||||||\u00bb text_font_size=\u00bb16px\u00bb ul_font=\u00bb||||||||\u00bb ul_font_size=\u00bb16px\u00bb ul_line_height=\u00bb1.7em\u00bb header_font=\u00bbRajdhani|500|||||||\u00bb header_text_align=\u00bbcenter\u00bb header_text_color=\u00bb#86c2eb\u00bb header_2_font=\u00bbRajdhani|600|||||||\u00bb header_2_text_color=\u00bb#86c2eb\u00bb header_2_font_size=\u00bb50px\u00bb header_2_line_height=\u00bb1.1em\u00bb header_3_font=\u00bbRajdhani|700||on|||||\u00bb header_3_text_align=\u00bbcenter\u00bb header_3_text_color=\u00bb#86c2eb\u00bb header_3_font_size=\u00bb25px\u00bb header_6_font=\u00bbOpen Sans|600|||||||\u00bb header_6_text_color=\u00bb#86c2eb\u00bb header_6_font_size=\u00bb19px\u00bb header_6_line_height=\u00bb1.5em\u00bb module_alignment=\u00bbleft\u00bb custom_margin_last_edited=\u00bboff|desktop\u00bb custom_padding_tablet=\u00bb\u00bb custom_padding_phone=\u00bb|||\u00bb custom_padding_last_edited=\u00bbon|desktop\u00bb animation_style=\u00bbfade\u00bb animation_delay=\u00bb400ms\u00bb custom_css_main_element__hover_enabled=\u00bbon\u00bb]<\/p>\n<h3>AIRCOM HOY<\/h3>\n<p>[\/et_pb_text][\/et_pb_column][\/et_pb_row][\/et_pb_section]<\/p>\n","protected":false},"excerpt":{"rendered":"<p>Qui\u00e9nes somos. AIRCOM es una empresa italiana especializada en el dise\u00f1o y en la producci\u00f3n detuber\u00edas y conecciones de alto rendimiento y avanzada tecnolog\u00eda para instalaciones de aire comprimido y fluidos presurizados. Gracias a un constante estudio y desarrollo de los componentes y el vasto conocimiento t\u00e9cnico adquirido, nuestros servicios de asistencia representan\u00a0un punto de [&hellip;]<\/p>\n","protected":false},"author":1,"featured_media":0,"parent":0,"menu_order":0,"comment_status":"closed","ping_status":"closed","template":"","meta":{"_et_pb_use_builder":"on","_et_pb_old_content":"","_et_gb_content_width":"","footnotes":""},"class_list":["post-11331","page","type-page","status-publish","hentry"],"yoast_head":"<!-- This site is optimized with the Yoast SEO plugin v27.4 - https:\/\/yoast.com\/product\/yoast-seo-wordpress\/ -->\n<title>Aircom - AIRCOM<\/title>\n<meta name=\"description\" content=\"Gracias a un constante estudio y desarrollo de los componentes y el vasto conocimiento t\u00e9cnico adquirido, nuestros servicios de asistencia representan un punto de referencia para todo el sector a nivel internacional.\" \/>\n<meta name=\"robots\" content=\"index, follow, max-snippet:-1, max-image-preview:large, max-video-preview:-1\" \/>\n<link rel=\"canonical\" href=\"https:\/\/www.aircomsystem.com\/es\/aircom\/\" \/>\n<meta property=\"og:locale\" content=\"es_ES\" \/>\n<meta property=\"og:type\" content=\"article\" \/>\n<meta property=\"og:title\" content=\"Aircom - AIRCOM\" \/>\n<meta property=\"og:description\" content=\"Gracias a un constante estudio y desarrollo de los componentes y el vasto conocimiento t\u00e9cnico adquirido, nuestros servicios de asistencia representan un punto de referencia para todo el sector a nivel internacional.\" \/>\n<meta property=\"og:url\" content=\"https:\/\/www.aircomsystem.com\/es\/aircom\/\" \/>\n<meta property=\"og:site_name\" content=\"AIRCOM\" \/>\n<meta property=\"article:modified_time\" content=\"2020-10-18T14:05:02+00:00\" \/>\n<meta name=\"twitter:card\" content=\"summary_large_image\" \/>\n<meta name=\"twitter:label1\" content=\"Tiempo de lectura\" \/>\n\t<meta name=\"twitter:data1\" content=\"7 minutos\" \/>\n<script type=\"application\/ld+json\" class=\"yoast-schema-graph\">{\"@context\":\"https:\\\/\\\/schema.org\",\"@graph\":[{\"@type\":\"WebPage\",\"@id\":\"https:\\\/\\\/www.aircomsystem.com\\\/es\\\/aircom\\\/\",\"url\":\"https:\\\/\\\/www.aircomsystem.com\\\/es\\\/aircom\\\/\",\"name\":\"Aircom - AIRCOM\",\"isPartOf\":{\"@id\":\"https:\\\/\\\/www.aircomsystem.com\\\/en\\\/#website\"},\"datePublished\":\"2020-09-27T14:03:58+00:00\",\"dateModified\":\"2020-10-18T14:05:02+00:00\",\"description\":\"Gracias a un constante estudio y desarrollo de los componentes y el vasto conocimiento t\u00e9cnico adquirido, nuestros servicios de asistencia representan un punto de referencia para todo el sector a nivel internacional.\",\"inLanguage\":\"es\",\"potentialAction\":[{\"@type\":\"ReadAction\",\"target\":[\"https:\\\/\\\/www.aircomsystem.com\\\/es\\\/aircom\\\/\"]}]},{\"@type\":\"WebSite\",\"@id\":\"https:\\\/\\\/www.aircomsystem.com\\\/en\\\/#website\",\"url\":\"https:\\\/\\\/www.aircomsystem.com\\\/en\\\/\",\"name\":\"AIRCOM\",\"description\":\"\",\"publisher\":{\"@id\":\"https:\\\/\\\/www.aircomsystem.com\\\/en\\\/#organization\"},\"potentialAction\":[{\"@type\":\"SearchAction\",\"target\":{\"@type\":\"EntryPoint\",\"urlTemplate\":\"https:\\\/\\\/www.aircomsystem.com\\\/en\\\/?s={search_term_string}\"},\"query-input\":{\"@type\":\"PropertyValueSpecification\",\"valueRequired\":true,\"valueName\":\"search_term_string\"}}],\"inLanguage\":\"es\"},{\"@type\":\"Organization\",\"@id\":\"https:\\\/\\\/www.aircomsystem.com\\\/en\\\/#organization\",\"name\":\"AIRCOM\",\"url\":\"https:\\\/\\\/www.aircomsystem.com\\\/en\\\/\",\"logo\":{\"@type\":\"ImageObject\",\"inLanguage\":\"es\",\"@id\":\"https:\\\/\\\/www.aircomsystem.com\\\/en\\\/#\\\/schema\\\/logo\\\/image\\\/\",\"url\":\"https:\\\/\\\/www.aircomsystem.com\\\/wp-content\\\/uploads\\\/2020\\\/10\\\/chi_siamo_logo_aircom_attuale.png\",\"contentUrl\":\"https:\\\/\\\/www.aircomsystem.com\\\/wp-content\\\/uploads\\\/2020\\\/10\\\/chi_siamo_logo_aircom_attuale.png\",\"width\":600,\"height\":395,\"caption\":\"AIRCOM\"},\"image\":{\"@id\":\"https:\\\/\\\/www.aircomsystem.com\\\/en\\\/#\\\/schema\\\/logo\\\/image\\\/\"}}]}<\/script>\n<!-- \/ Yoast SEO plugin. -->","yoast_head_json":{"title":"Aircom - AIRCOM","description":"Gracias a un constante estudio y desarrollo de los componentes y el vasto conocimiento t\u00e9cnico adquirido, nuestros servicios de asistencia representan un punto de referencia para todo el sector a nivel internacional.","robots":{"index":"index","follow":"follow","max-snippet":"max-snippet:-1","max-image-preview":"max-image-preview:large","max-video-preview":"max-video-preview:-1"},"canonical":"https:\/\/www.aircomsystem.com\/es\/aircom\/","og_locale":"es_ES","og_type":"article","og_title":"Aircom - AIRCOM","og_description":"Gracias a un constante estudio y desarrollo de los componentes y el vasto conocimiento t\u00e9cnico adquirido, nuestros servicios de asistencia representan un punto de referencia para todo el sector a nivel internacional.","og_url":"https:\/\/www.aircomsystem.com\/es\/aircom\/","og_site_name":"AIRCOM","article_modified_time":"2020-10-18T14:05:02+00:00","twitter_card":"summary_large_image","twitter_misc":{"Tiempo de lectura":"7 minutos"},"schema":{"@context":"https:\/\/schema.org","@graph":[{"@type":"WebPage","@id":"https:\/\/www.aircomsystem.com\/es\/aircom\/","url":"https:\/\/www.aircomsystem.com\/es\/aircom\/","name":"Aircom - AIRCOM","isPartOf":{"@id":"https:\/\/www.aircomsystem.com\/en\/#website"},"datePublished":"2020-09-27T14:03:58+00:00","dateModified":"2020-10-18T14:05:02+00:00","description":"Gracias a un constante estudio y desarrollo de los componentes y el vasto conocimiento t\u00e9cnico adquirido, nuestros servicios de asistencia representan un punto de referencia para todo el sector a nivel internacional.","inLanguage":"es","potentialAction":[{"@type":"ReadAction","target":["https:\/\/www.aircomsystem.com\/es\/aircom\/"]}]},{"@type":"WebSite","@id":"https:\/\/www.aircomsystem.com\/en\/#website","url":"https:\/\/www.aircomsystem.com\/en\/","name":"AIRCOM","description":"","publisher":{"@id":"https:\/\/www.aircomsystem.com\/en\/#organization"},"potentialAction":[{"@type":"SearchAction","target":{"@type":"EntryPoint","urlTemplate":"https:\/\/www.aircomsystem.com\/en\/?s={search_term_string}"},"query-input":{"@type":"PropertyValueSpecification","valueRequired":true,"valueName":"search_term_string"}}],"inLanguage":"es"},{"@type":"Organization","@id":"https:\/\/www.aircomsystem.com\/en\/#organization","name":"AIRCOM","url":"https:\/\/www.aircomsystem.com\/en\/","logo":{"@type":"ImageObject","inLanguage":"es","@id":"https:\/\/www.aircomsystem.com\/en\/#\/schema\/logo\/image\/","url":"https:\/\/www.aircomsystem.com\/wp-content\/uploads\/2020\/10\/chi_siamo_logo_aircom_attuale.png","contentUrl":"https:\/\/www.aircomsystem.com\/wp-content\/uploads\/2020\/10\/chi_siamo_logo_aircom_attuale.png","width":600,"height":395,"caption":"AIRCOM"},"image":{"@id":"https:\/\/www.aircomsystem.com\/en\/#\/schema\/logo\/image\/"}}]}},"jetpack_sharing_enabled":true,"_links":{"self":[{"href":"https:\/\/www.aircomsystem.com\/es\/wp-json\/wp\/v2\/pages\/11331","targetHints":{"allow":["GET"]}}],"collection":[{"href":"https:\/\/www.aircomsystem.com\/es\/wp-json\/wp\/v2\/pages"}],"about":[{"href":"https:\/\/www.aircomsystem.com\/es\/wp-json\/wp\/v2\/types\/page"}],"author":[{"embeddable":true,"href":"https:\/\/www.aircomsystem.com\/es\/wp-json\/wp\/v2\/users\/1"}],"replies":[{"embeddable":true,"href":"https:\/\/www.aircomsystem.com\/es\/wp-json\/wp\/v2\/comments?post=11331"}],"version-history":[{"count":0,"href":"https:\/\/www.aircomsystem.com\/es\/wp-json\/wp\/v2\/pages\/11331\/revisions"}],"wp:attachment":[{"href":"https:\/\/www.aircomsystem.com\/es\/wp-json\/wp\/v2\/media?parent=11331"}],"curies":[{"name":"wp","href":"https:\/\/api.w.org\/{rel}","templated":true}]}}