{"id":11345,"date":"2020-09-27T15:00:38","date_gmt":"2020-09-27T14:00:38","guid":{"rendered":"https:\/\/www.aircomsystem.com\/services\/"},"modified":"2020-10-14T15:44:35","modified_gmt":"2020-10-14T14:44:35","slug":"servicios","status":"publish","type":"page","link":"https:\/\/www.aircomsystem.com\/es\/servicios\/","title":{"rendered":"Services"},"content":{"rendered":"\n[et_pb_section fb_built=\u00bb1&#8243; _builder_version=\u00bb3.22&#8243; background_color=\u00bb#444444&#8243; custom_padding=\u00bb0|10px|49.9062px|0px|false|false\u00bb][et_pb_row _builder_version=\u00bb3.25&#8243; background_size=\u00bbinitial\u00bb background_position=\u00bbtop_left\u00bb background_repeat=\u00bbrepeat\u00bb custom_margin=\u00bb100px||\u00bb custom_margin_tablet=\u00bb100px|||\u00bb custom_margin_phone=\u00bb1px|||\u00bb custom_margin_last_edited=\u00bboff|desktop\u00bb custom_padding=\u00bb0px|0px|0|0px|false|false\u00bb][et_pb_column type=\u00bb4_4&#8243; _builder_version=\u00bb3.25&#8243; custom_padding=\u00bb|||\u00bb custom_padding__hover=\u00bb|||\u00bb][et_pb_text ul_item_indent=\u00bb19px\u00bb _builder_version=\u00bb4.6.5&#8243; text_font=\u00bbOpen Sans||||||||\u00bb text_font_size=\u00bb16px\u00bb ul_font_size=\u00bb16px\u00bb ul_line_height=\u00bb1.7em\u00bb header_font=\u00bbRajdhani|500|||||||\u00bb header_text_align=\u00bbcenter\u00bb header_text_color=\u00bb#86c2eb\u00bb header_2_font=\u00bbRajdhani|600|||||||\u00bb header_2_text_align=\u00bbcenter\u00bb header_2_text_color=\u00bb#86c2eb\u00bb header_2_font_size=\u00bb50px\u00bb header_2_line_height=\u00bb1.1em\u00bb header_6_font=\u00bbOpen Sans|600|||||||\u00bb header_6_text_align=\u00bbcenter\u00bb header_6_text_color=\u00bb#86c2eb\u00bb header_6_font_size=\u00bb19px\u00bb header_6_line_height=\u00bb1.5em\u00bb text_orientation=\u00bbcenter\u00bb module_alignment=\u00bbleft\u00bb custom_margin_last_edited=\u00bboff|desktop\u00bb custom_padding_tablet=\u00bb\u00bb custom_padding_phone=\u00bb|||\u00bb custom_padding_last_edited=\u00bbon|desktop\u00bb animation_style=\u00bbfade\u00bb animation_delay=\u00bb400ms\u00bb hover_enabled=\u00bb0&#8243; custom_css_main_element__hover_enabled=\u00bbon\u00bb sticky_enabled=\u00bb0&#8243;]<h2>Nuestros servicios.<\/h2>\n<p>Los servicios AIRCOM acompa\u00f1an a nuestros clientes durante todo el ciclo de vida de la instalaci\u00f3n:\ndesde el asesoramiento inicial al apoyo durante la elaboraci\u00f3n del proyecto.<\/p>[\/et_pb_text][\/et_pb_column][\/et_pb_row][et_pb_row column_structure=\u00bb1_4,3_4&#8243; use_custom_gutter=\u00bbon\u00bb gutter_width=\u00bb1&#8243; _builder_version=\u00bb3.25&#8243; max_width=\u00bb800px\u00bb custom_margin=\u00bb||\u00bb animation_style=\u00bbfade\u00bb use_custom_width=\u00bbon\u00bb custom_width_px=\u00bb800px\u00bb][et_pb_column type=\u00bb1_4&#8243; _builder_version=\u00bb3.25&#8243; custom_padding=\u00bb15px||10px|\u00bb custom_padding__hover=\u00bb|||\u00bb][et_pb_text ul_item_indent=\u00bb19px\u00bb _builder_version=\u00bb4.6.5&#8243; text_font=\u00bbOpen Sans||||||||\u00bb text_font_size=\u00bb16px\u00bb ul_font_size=\u00bb16px\u00bb ul_line_height=\u00bb1.7em\u00bb header_font=\u00bbRajdhani|700|||||||\u00bb header_text_align=\u00bbcenter\u00bb header_text_color=\u00bb#ffffff\u00bb header_font_size=\u00bb75px\u00bb header_line_height=\u00bb0em\u00bb header_2_font=\u00bbRajdhani|600|||||||\u00bb header_2_text_color=\u00bb#86c2eb\u00bb header_2_font_size=\u00bb50px\u00bb header_2_line_height=\u00bb1.1em\u00bb header_3_font=\u00bbRajdhani|700||on|||||\u00bb header_3_text_align=\u00bbleft\u00bb header_3_text_color=\u00bb#86c2eb\u00bb header_3_font_size=\u00bb25px\u00bb header_4_font=\u00bbRajdhani|700|||||||\u00bb header_4_text_align=\u00bbcenter\u00bb header_4_font_size=\u00bb69px\u00bb header_6_font=\u00bbOpen Sans|600|||||||\u00bb header_6_text_color=\u00bb#86c2eb\u00bb header_6_font_size=\u00bb19px\u00bb header_6_line_height=\u00bb1.5em\u00bb text_orientation=\u00bbcenter\u00bb module_alignment=\u00bbleft\u00bb custom_margin_last_edited=\u00bboff|desktop\u00bb custom_padding=\u00bb||\u00bb custom_padding_phone=\u00bb|||\u00bb custom_padding_last_edited=\u00bboff|desktop\u00bb custom_css_main_element__hover_enabled=\u00bbon\u00bb custom_padding__hover_enabled=\u00bbon\u00bb border_color_all__hover_enabled=\u00bbon\u00bb border_color_all__hover=\u00bb#86c2eb\u00bb]<i class=\"icone-servizi fas fa-users\"><\/i>[\/et_pb_text][\/et_pb_column][et_pb_column type=\u00bb3_4&#8243; _builder_version=\u00bb3.25&#8243; custom_padding=\u00bb15px|20px|15px|20px\u00bb custom_padding__hover=\u00bb|||\u00bb][et_pb_text ul_item_indent=\u00bb19px\u00bb _builder_version=\u00bb4.6.5&#8243; text_font=\u00bbOpen Sans||||||||\u00bb text_text_color=\u00bb#ffffff\u00bb text_font_size=\u00bb16px\u00bb ul_font_size=\u00bb16px\u00bb ul_line_height=\u00bb1.7em\u00bb header_font=\u00bbRajdhani|600|||||||\u00bb header_text_align=\u00bbcenter\u00bb header_text_color=\u00bb#ffffff\u00bb header_font_size=\u00bb71px\u00bb header_2_font=\u00bbRajdhani|600|||||||\u00bb header_2_text_color=\u00bb#86c2eb\u00bb header_2_font_size=\u00bb50px\u00bb header_2_line_height=\u00bb1.1em\u00bb header_3_font=\u00bbRajdhani|700||on|||||\u00bb header_3_text_align=\u00bbleft\u00bb header_3_text_color=\u00bb#86c2eb\u00bb header_3_font_size=\u00bb25px\u00bb header_4_font=\u00bbRajdhani|600|||||||\u00bb header_4_text_align=\u00bbcenter\u00bb header_4_font_size=\u00bb66px\u00bb header_6_font=\u00bbOpen Sans|600|||||||\u00bb header_6_text_color=\u00bb#86c2eb\u00bb header_6_font_size=\u00bb19px\u00bb header_6_line_height=\u00bb1.5em\u00bb module_alignment=\u00bbleft\u00bb custom_margin_last_edited=\u00bboff|desktop\u00bb custom_padding=\u00bb||\u00bb custom_padding_phone=\u00bb|||\u00bb custom_padding_last_edited=\u00bboff|desktop\u00bb hover_enabled=\u00bb0&#8243; custom_css_main_element__hover_enabled=\u00bbon\u00bb custom_padding__hover_enabled=\u00bbon\u00bb border_color_all__hover_enabled=\u00bbon\u00bb border_color_all__hover=\u00bb#86c2eb\u00bb sticky_enabled=\u00bb0&#8243;]<h3>FORMACI\u00d3N DE LOS T\u00c9CNICOS<\/h3>\n<p><span>Organizamos peri\u00f3dicamente\u00a0<\/span><strong>cursos avanzados de capacitaci\u00f3n y actualizaci\u00f3n<\/strong><span>\u00a0para el personal t\u00e9cnico de nuestros clientes (proyectistas, instaladores, distribuidores).<\/span><\/p>\n[\/et_pb_text][\/et_pb_column][\/et_pb_row][et_pb_row column_structure=\u00bb1_4,3_4&#8243; use_custom_gutter=\u00bbon\u00bb gutter_width=\u00bb1&#8243; _builder_version=\u00bb3.25&#8243; max_width=\u00bb800px\u00bb custom_margin=\u00bb||\u00bb animation_style=\u00bbfade\u00bb use_custom_width=\u00bbon\u00bb custom_width_px=\u00bb800px\u00bb][et_pb_column type=\u00bb1_4&#8243; _builder_version=\u00bb3.25&#8243; custom_padding=\u00bb15px||10px|\u00bb custom_padding__hover=\u00bb|||\u00bb][et_pb_text ul_item_indent=\u00bb19px\u00bb _builder_version=\u00bb4.6.5&#8243; text_font=\u00bbOpen Sans||||||||\u00bb text_font_size=\u00bb16px\u00bb ul_font_size=\u00bb16px\u00bb ul_line_height=\u00bb1.7em\u00bb header_font=\u00bbRajdhani|700|||||||\u00bb header_text_align=\u00bbcenter\u00bb header_text_color=\u00bb#ffffff\u00bb header_font_size=\u00bb75px\u00bb header_line_height=\u00bb0em\u00bb header_2_font=\u00bbRajdhani|600|||||||\u00bb header_2_text_color=\u00bb#86c2eb\u00bb header_2_font_size=\u00bb50px\u00bb header_2_line_height=\u00bb1.1em\u00bb header_3_font=\u00bbRajdhani|700||on|||||\u00bb header_3_text_align=\u00bbleft\u00bb header_3_text_color=\u00bb#86c2eb\u00bb header_3_font_size=\u00bb25px\u00bb header_4_font=\u00bbRajdhani|700|||||||\u00bb header_4_text_align=\u00bbcenter\u00bb header_4_font_size=\u00bb69px\u00bb header_6_font=\u00bbOpen Sans|600|||||||\u00bb header_6_text_color=\u00bb#86c2eb\u00bb header_6_font_size=\u00bb19px\u00bb header_6_line_height=\u00bb1.5em\u00bb text_orientation=\u00bbcenter\u00bb module_alignment=\u00bbleft\u00bb custom_margin_last_edited=\u00bboff|desktop\u00bb custom_padding=\u00bb||\u00bb custom_padding_phone=\u00bb|||\u00bb custom_padding_last_edited=\u00bboff|desktop\u00bb custom_css_main_element__hover_enabled=\u00bbon\u00bb custom_padding__hover_enabled=\u00bbon\u00bb border_color_all__hover_enabled=\u00bbon\u00bb border_color_all__hover=\u00bb#86c2eb\u00bb]<i class=\"icone-servizi fas fa-comments\"><\/i>[\/et_pb_text][\/et_pb_column][et_pb_column type=\u00bb3_4&#8243; _builder_version=\u00bb3.25&#8243; custom_padding=\u00bb15px|20px|15px|20px\u00bb custom_padding__hover=\u00bb|||\u00bb][et_pb_text ul_item_indent=\u00bb19px\u00bb _builder_version=\u00bb4.6.5&#8243; text_font=\u00bbOpen Sans||||||||\u00bb text_text_color=\u00bb#ffffff\u00bb text_font_size=\u00bb16px\u00bb ul_font_size=\u00bb16px\u00bb ul_line_height=\u00bb1.7em\u00bb header_font=\u00bbRajdhani|600|||||||\u00bb header_text_align=\u00bbcenter\u00bb header_text_color=\u00bb#ffffff\u00bb header_font_size=\u00bb71px\u00bb header_2_font=\u00bbRajdhani|600|||||||\u00bb header_2_text_color=\u00bb#86c2eb\u00bb header_2_font_size=\u00bb50px\u00bb header_2_line_height=\u00bb1.1em\u00bb header_3_font=\u00bbRajdhani|700||on|||||\u00bb header_3_text_align=\u00bbleft\u00bb header_3_text_color=\u00bb#86c2eb\u00bb header_3_font_size=\u00bb25px\u00bb header_4_font=\u00bbRajdhani|600|||||||\u00bb header_4_text_align=\u00bbcenter\u00bb header_4_font_size=\u00bb66px\u00bb header_6_font=\u00bbOpen Sans|600|||||||\u00bb header_6_text_color=\u00bb#86c2eb\u00bb header_6_font_size=\u00bb19px\u00bb header_6_line_height=\u00bb1.5em\u00bb module_alignment=\u00bbleft\u00bb custom_margin_last_edited=\u00bboff|desktop\u00bb custom_padding=\u00bb||\u00bb custom_padding_phone=\u00bb|||\u00bb custom_padding_last_edited=\u00bboff|desktop\u00bb hover_enabled=\u00bb0&#8243; custom_css_main_element__hover_enabled=\u00bbon\u00bb custom_padding__hover_enabled=\u00bbon\u00bb border_color_all__hover_enabled=\u00bbon\u00bb border_color_all__hover=\u00bb#86c2eb\u00bb sticky_enabled=\u00bb0&#8243;]<h3>ASISTENCIA A LOS PROYECTISTAS<\/h3>\n<p><span>Acompa\u00f1amos a nuestros clientes en cada proyecto, desde las instalaciones m\u00e1s simples a las m\u00e1s complejas\u00a0<\/span><strong>ayud\u00e1ndolos en la preparaci\u00f3n de nuevos proyectos<\/strong><span>\u00a0o en la\u00a0<\/span><strong>actualizaci\u00f3n<\/strong><span>\u00a0de estructuras preexistentes.<\/span><\/p>\n[\/et_pb_text][\/et_pb_column][\/et_pb_row][et_pb_row column_structure=\u00bb1_4,3_4&#8243; use_custom_gutter=\u00bbon\u00bb gutter_width=\u00bb1&#8243; _builder_version=\u00bb3.25&#8243; max_width=\u00bb800px\u00bb custom_margin=\u00bb||\u00bb animation_style=\u00bbfade\u00bb use_custom_width=\u00bbon\u00bb custom_width_px=\u00bb800px\u00bb][et_pb_column type=\u00bb1_4&#8243; _builder_version=\u00bb3.25&#8243; custom_padding=\u00bb15px||10px|\u00bb custom_padding__hover=\u00bb|||\u00bb][et_pb_text ul_item_indent=\u00bb19px\u00bb _builder_version=\u00bb4.6.5&#8243; text_font=\u00bbOpen Sans||||||||\u00bb text_font_size=\u00bb16px\u00bb ul_font_size=\u00bb16px\u00bb ul_line_height=\u00bb1.7em\u00bb header_font=\u00bbRajdhani|700|||||||\u00bb header_text_align=\u00bbcenter\u00bb header_text_color=\u00bb#ffffff\u00bb header_font_size=\u00bb75px\u00bb header_line_height=\u00bb0em\u00bb header_2_font=\u00bbRajdhani|600|||||||\u00bb header_2_text_color=\u00bb#86c2eb\u00bb header_2_font_size=\u00bb50px\u00bb header_2_line_height=\u00bb1.1em\u00bb header_3_font=\u00bbRajdhani|700||on|||||\u00bb header_3_text_align=\u00bbleft\u00bb header_3_text_color=\u00bb#86c2eb\u00bb header_3_font_size=\u00bb25px\u00bb header_4_font=\u00bbRajdhani|700|||||||\u00bb header_4_text_align=\u00bbcenter\u00bb header_4_font_size=\u00bb69px\u00bb header_6_font=\u00bbOpen Sans|600|||||||\u00bb header_6_text_color=\u00bb#86c2eb\u00bb header_6_font_size=\u00bb19px\u00bb header_6_line_height=\u00bb1.5em\u00bb text_orientation=\u00bbcenter\u00bb module_alignment=\u00bbleft\u00bb custom_margin_last_edited=\u00bboff|desktop\u00bb custom_padding=\u00bb||\u00bb custom_padding_phone=\u00bb|||\u00bb custom_padding_last_edited=\u00bboff|desktop\u00bb custom_css_main_element__hover_enabled=\u00bbon\u00bb custom_padding__hover_enabled=\u00bbon\u00bb border_color_all__hover_enabled=\u00bbon\u00bb border_color_all__hover=\u00bb#86c2eb\u00bb]<i class=\"icone-servizi fas fa-leaf\"><\/i>[\/et_pb_text][\/et_pb_column][et_pb_column type=\u00bb3_4&#8243; _builder_version=\u00bb3.25&#8243; custom_padding=\u00bb15px|20px|15px|20px\u00bb custom_padding__hover=\u00bb|||\u00bb][et_pb_text ul_item_indent=\u00bb19px\u00bb _builder_version=\u00bb4.6.5&#8243; text_font=\u00bbOpen Sans||||||||\u00bb text_text_color=\u00bb#ffffff\u00bb text_font_size=\u00bb16px\u00bb ul_font_size=\u00bb16px\u00bb ul_line_height=\u00bb1.7em\u00bb header_font=\u00bbRajdhani|600|||||||\u00bb header_text_align=\u00bbcenter\u00bb header_text_color=\u00bb#ffffff\u00bb header_font_size=\u00bb71px\u00bb header_2_font=\u00bbRajdhani|600|||||||\u00bb header_2_text_color=\u00bb#86c2eb\u00bb header_2_font_size=\u00bb50px\u00bb header_2_line_height=\u00bb1.1em\u00bb header_3_font=\u00bbRajdhani|700||on|||||\u00bb header_3_text_align=\u00bbleft\u00bb header_3_text_color=\u00bb#86c2eb\u00bb header_3_font_size=\u00bb25px\u00bb header_4_font=\u00bbRajdhani|600|||||||\u00bb header_4_text_align=\u00bbcenter\u00bb header_4_font_size=\u00bb66px\u00bb header_6_font=\u00bbOpen Sans|600|||||||\u00bb header_6_text_color=\u00bb#86c2eb\u00bb header_6_font_size=\u00bb19px\u00bb header_6_line_height=\u00bb1.5em\u00bb module_alignment=\u00bbleft\u00bb custom_margin_last_edited=\u00bboff|desktop\u00bb custom_padding=\u00bb||\u00bb custom_padding_phone=\u00bb|||\u00bb custom_padding_last_edited=\u00bboff|desktop\u00bb hover_enabled=\u00bb0&#8243; custom_css_main_element__hover_enabled=\u00bbon\u00bb custom_padding__hover_enabled=\u00bbon\u00bb border_color_all__hover_enabled=\u00bbon\u00bb border_color_all__hover=\u00bb#86c2eb\u00bb sticky_enabled=\u00bb0&#8243;]<h3>RACIONALIZACI\u00d3N DEL CONSUMO DE ENERG\u00cdA<\/h3>\n<p><span>Gracias a la amplia gama de componentes, a la versatilidad del sistema y a las simulaciones inform\u00e1ticas, nuestras instalaciones permiten\u00a0<\/span><strong>reducir al m\u00ednimo el costo de energ\u00eda y de manera constante en el tiempo. El sistema se amortiza solo.<\/strong><\/p>\n[\/et_pb_text][\/et_pb_column][\/et_pb_row][et_pb_row column_structure=\u00bb1_4,3_4&#8243; use_custom_gutter=\u00bbon\u00bb gutter_width=\u00bb1&#8243; _builder_version=\u00bb3.25&#8243; max_width=\u00bb800px\u00bb custom_margin=\u00bb||\u00bb animation_style=\u00bbfade\u00bb use_custom_width=\u00bbon\u00bb custom_width_px=\u00bb800px\u00bb][et_pb_column type=\u00bb1_4&#8243; _builder_version=\u00bb3.25&#8243; custom_padding=\u00bb15px||10px|\u00bb custom_padding__hover=\u00bb|||\u00bb][et_pb_text ul_item_indent=\u00bb19px\u00bb _builder_version=\u00bb4.6.5&#8243; text_font=\u00bbOpen Sans||||||||\u00bb text_font_size=\u00bb16px\u00bb ul_font_size=\u00bb16px\u00bb ul_line_height=\u00bb1.7em\u00bb header_font=\u00bbRajdhani|700|||||||\u00bb header_text_align=\u00bbcenter\u00bb header_text_color=\u00bb#ffffff\u00bb header_font_size=\u00bb75px\u00bb header_line_height=\u00bb0em\u00bb header_2_font=\u00bbRajdhani|600|||||||\u00bb header_2_text_color=\u00bb#86c2eb\u00bb header_2_font_size=\u00bb50px\u00bb header_2_line_height=\u00bb1.1em\u00bb header_3_font=\u00bbRajdhani|700||on|||||\u00bb header_3_text_align=\u00bbleft\u00bb header_3_text_color=\u00bb#86c2eb\u00bb header_3_font_size=\u00bb25px\u00bb header_4_font=\u00bbRajdhani|700|||||||\u00bb header_4_text_align=\u00bbcenter\u00bb header_4_font_size=\u00bb69px\u00bb header_6_font=\u00bbOpen Sans|600|||||||\u00bb header_6_text_color=\u00bb#86c2eb\u00bb header_6_font_size=\u00bb19px\u00bb header_6_line_height=\u00bb1.5em\u00bb text_orientation=\u00bbcenter\u00bb module_alignment=\u00bbleft\u00bb custom_margin_last_edited=\u00bboff|desktop\u00bb custom_padding=\u00bb||\u00bb custom_padding_phone=\u00bb|||\u00bb custom_padding_last_edited=\u00bboff|desktop\u00bb custom_css_main_element__hover_enabled=\u00bbon\u00bb custom_padding__hover_enabled=\u00bbon\u00bb border_color_all__hover_enabled=\u00bbon\u00bb border_color_all__hover=\u00bb#86c2eb\u00bb]<i class=\"icone-servizi fab fa-apple\"> <\/i> <i class=\"icone-servizi fab fa-windows\"><\/i>[\/et_pb_text][\/et_pb_column][et_pb_column type=\u00bb3_4&#8243; _builder_version=\u00bb3.25&#8243; custom_padding=\u00bb15px|20px|15px|20px\u00bb custom_padding__hover=\u00bb|||\u00bb][et_pb_text ul_item_indent=\u00bb19px\u00bb _builder_version=\u00bb4.6.5&#8243; text_font=\u00bbOpen Sans||||||||\u00bb text_text_color=\u00bb#ffffff\u00bb text_font_size=\u00bb16px\u00bb ul_font_size=\u00bb16px\u00bb ul_line_height=\u00bb1.7em\u00bb header_font=\u00bbRajdhani|600|||||||\u00bb header_text_align=\u00bbcenter\u00bb header_text_color=\u00bb#ffffff\u00bb header_font_size=\u00bb71px\u00bb header_2_font=\u00bbRajdhani|600|||||||\u00bb header_2_text_color=\u00bb#86c2eb\u00bb header_2_font_size=\u00bb50px\u00bb header_2_line_height=\u00bb1.1em\u00bb header_3_font=\u00bbRajdhani|700||on|||||\u00bb header_3_text_align=\u00bbleft\u00bb header_3_text_color=\u00bb#86c2eb\u00bb header_3_font_size=\u00bb25px\u00bb header_4_font=\u00bbRajdhani|600|||||||\u00bb header_4_text_align=\u00bbcenter\u00bb header_4_font_size=\u00bb66px\u00bb header_6_font=\u00bbOpen Sans|600|||||||\u00bb header_6_text_color=\u00bb#86c2eb\u00bb header_6_font_size=\u00bb19px\u00bb header_6_line_height=\u00bb1.5em\u00bb module_alignment=\u00bbleft\u00bb custom_margin_last_edited=\u00bboff|desktop\u00bb custom_padding=\u00bb||\u00bb custom_padding_phone=\u00bb|||\u00bb custom_padding_last_edited=\u00bboff|desktop\u00bb hover_enabled=\u00bb0&#8243; custom_css_main_element__hover_enabled=\u00bbon\u00bb custom_padding__hover_enabled=\u00bbon\u00bb border_color_all__hover_enabled=\u00bbon\u00bb border_color_all__hover=\u00bb#86c2eb\u00bb sticky_enabled=\u00bb0&#8243;]<h3>SOFTWARES AVANZADOS<\/h3>\n<span>Hemos desarrollado\u00a0<\/span><strong>software espec\u00edficos<\/strong><span>\u00a0para ofrecer asistencia durante el dimensionamiento y el dise\u00f1o de la instalaci\u00f3n in situ. Gracias a estos software, nuestros clientes pueden ofrecer respectivamente al consumidor final un servicio completo, eficiente y personalizado.<\/span>[\/et_pb_text][\/et_pb_column][\/et_pb_row][\/et_pb_section]\n","protected":false},"excerpt":{"rendered":"<p>Nuestros servicios. Los servicios AIRCOM acompa\u00f1an a nuestros clientes durante todo el ciclo de vida de la instalaci\u00f3n: desde el asesoramiento inicial al apoyo durante la elaboraci\u00f3n del proyecto.FORMACI\u00d3N DE LOS T\u00c9CNICOS Organizamos peri\u00f3dicamente\u00a0cursos avanzados de capacitaci\u00f3n y actualizaci\u00f3n\u00a0para el personal t\u00e9cnico de nuestros clientes (proyectistas, instaladores, distribuidores). ASISTENCIA A LOS PROYECTISTAS Acompa\u00f1amos a nuestros [&hellip;]<\/p>\n","protected":false},"author":1,"featured_media":0,"parent":0,"menu_order":0,"comment_status":"closed","ping_status":"closed","template":"","meta":{"_et_pb_use_builder":"on","_et_pb_old_content":"","_et_gb_content_width":"","footnotes":""},"class_list":["post-11345","page","type-page","status-publish","hentry"],"yoast_head":"<!-- This site is optimized with the Yoast SEO plugin v27.4 - https:\/\/yoast.com\/product\/yoast-seo-wordpress\/ -->\n<title>Services - AIRCOM<\/title>\n<meta name=\"description\" content=\"Los servicios AIRCOM acompa\u00f1an a nuestros clientes durante todo el ciclo de vida de la instalaci\u00f3n:desde el asesoramiento inicial al apoyo durante la elaboraci\u00f3n del proyecto.\" \/>\n<meta name=\"robots\" content=\"index, follow, max-snippet:-1, max-image-preview:large, max-video-preview:-1\" \/>\n<link rel=\"canonical\" href=\"https:\/\/www.aircomsystem.com\/es\/servicios\/\" \/>\n<meta property=\"og:locale\" content=\"es_ES\" \/>\n<meta property=\"og:type\" content=\"article\" \/>\n<meta property=\"og:title\" content=\"Services - AIRCOM\" \/>\n<meta property=\"og:description\" content=\"Los servicios AIRCOM acompa\u00f1an a nuestros clientes durante todo el ciclo de vida de la instalaci\u00f3n:desde el asesoramiento inicial al apoyo durante la elaboraci\u00f3n del proyecto.\" \/>\n<meta property=\"og:url\" content=\"https:\/\/www.aircomsystem.com\/es\/servicios\/\" \/>\n<meta property=\"og:site_name\" content=\"AIRCOM\" \/>\n<meta property=\"article:modified_time\" content=\"2020-10-14T14:44:35+00:00\" \/>\n<meta name=\"twitter:card\" content=\"summary_large_image\" \/>\n<meta name=\"twitter:label1\" content=\"Tiempo de lectura\" \/>\n\t<meta name=\"twitter:data1\" content=\"9 minutos\" \/>\n<script type=\"application\/ld+json\" class=\"yoast-schema-graph\">{\"@context\":\"https:\\\/\\\/schema.org\",\"@graph\":[{\"@type\":\"WebPage\",\"@id\":\"https:\\\/\\\/www.aircomsystem.com\\\/es\\\/servicios\\\/\",\"url\":\"https:\\\/\\\/www.aircomsystem.com\\\/es\\\/servicios\\\/\",\"name\":\"Services - AIRCOM\",\"isPartOf\":{\"@id\":\"https:\\\/\\\/www.aircomsystem.com\\\/en\\\/#website\"},\"datePublished\":\"2020-09-27T14:00:38+00:00\",\"dateModified\":\"2020-10-14T14:44:35+00:00\",\"description\":\"Los servicios AIRCOM acompa\u00f1an a nuestros clientes durante todo el ciclo de vida de la instalaci\u00f3n:desde el asesoramiento inicial al apoyo durante la elaboraci\u00f3n del proyecto.\",\"inLanguage\":\"es\",\"potentialAction\":[{\"@type\":\"ReadAction\",\"target\":[\"https:\\\/\\\/www.aircomsystem.com\\\/es\\\/servicios\\\/\"]}]},{\"@type\":\"WebSite\",\"@id\":\"https:\\\/\\\/www.aircomsystem.com\\\/en\\\/#website\",\"url\":\"https:\\\/\\\/www.aircomsystem.com\\\/en\\\/\",\"name\":\"AIRCOM\",\"description\":\"\",\"publisher\":{\"@id\":\"https:\\\/\\\/www.aircomsystem.com\\\/en\\\/#organization\"},\"potentialAction\":[{\"@type\":\"SearchAction\",\"target\":{\"@type\":\"EntryPoint\",\"urlTemplate\":\"https:\\\/\\\/www.aircomsystem.com\\\/en\\\/?s={search_term_string}\"},\"query-input\":{\"@type\":\"PropertyValueSpecification\",\"valueRequired\":true,\"valueName\":\"search_term_string\"}}],\"inLanguage\":\"es\"},{\"@type\":\"Organization\",\"@id\":\"https:\\\/\\\/www.aircomsystem.com\\\/en\\\/#organization\",\"name\":\"AIRCOM\",\"url\":\"https:\\\/\\\/www.aircomsystem.com\\\/en\\\/\",\"logo\":{\"@type\":\"ImageObject\",\"inLanguage\":\"es\",\"@id\":\"https:\\\/\\\/www.aircomsystem.com\\\/en\\\/#\\\/schema\\\/logo\\\/image\\\/\",\"url\":\"https:\\\/\\\/www.aircomsystem.com\\\/wp-content\\\/uploads\\\/2020\\\/10\\\/chi_siamo_logo_aircom_attuale.png\",\"contentUrl\":\"https:\\\/\\\/www.aircomsystem.com\\\/wp-content\\\/uploads\\\/2020\\\/10\\\/chi_siamo_logo_aircom_attuale.png\",\"width\":600,\"height\":395,\"caption\":\"AIRCOM\"},\"image\":{\"@id\":\"https:\\\/\\\/www.aircomsystem.com\\\/en\\\/#\\\/schema\\\/logo\\\/image\\\/\"}}]}<\/script>\n<!-- \/ Yoast SEO plugin. -->","yoast_head_json":{"title":"Services - AIRCOM","description":"Los servicios AIRCOM acompa\u00f1an a nuestros clientes durante todo el ciclo de vida de la instalaci\u00f3n:desde el asesoramiento inicial al apoyo durante la elaboraci\u00f3n del proyecto.","robots":{"index":"index","follow":"follow","max-snippet":"max-snippet:-1","max-image-preview":"max-image-preview:large","max-video-preview":"max-video-preview:-1"},"canonical":"https:\/\/www.aircomsystem.com\/es\/servicios\/","og_locale":"es_ES","og_type":"article","og_title":"Services - AIRCOM","og_description":"Los servicios AIRCOM acompa\u00f1an a nuestros clientes durante todo el ciclo de vida de la instalaci\u00f3n:desde el asesoramiento inicial al apoyo durante la elaboraci\u00f3n del proyecto.","og_url":"https:\/\/www.aircomsystem.com\/es\/servicios\/","og_site_name":"AIRCOM","article_modified_time":"2020-10-14T14:44:35+00:00","twitter_card":"summary_large_image","twitter_misc":{"Tiempo de lectura":"9 minutos"},"schema":{"@context":"https:\/\/schema.org","@graph":[{"@type":"WebPage","@id":"https:\/\/www.aircomsystem.com\/es\/servicios\/","url":"https:\/\/www.aircomsystem.com\/es\/servicios\/","name":"Services - AIRCOM","isPartOf":{"@id":"https:\/\/www.aircomsystem.com\/en\/#website"},"datePublished":"2020-09-27T14:00:38+00:00","dateModified":"2020-10-14T14:44:35+00:00","description":"Los servicios AIRCOM acompa\u00f1an a nuestros clientes durante todo el ciclo de vida de la instalaci\u00f3n:desde el asesoramiento inicial al apoyo durante la elaboraci\u00f3n del proyecto.","inLanguage":"es","potentialAction":[{"@type":"ReadAction","target":["https:\/\/www.aircomsystem.com\/es\/servicios\/"]}]},{"@type":"WebSite","@id":"https:\/\/www.aircomsystem.com\/en\/#website","url":"https:\/\/www.aircomsystem.com\/en\/","name":"AIRCOM","description":"","publisher":{"@id":"https:\/\/www.aircomsystem.com\/en\/#organization"},"potentialAction":[{"@type":"SearchAction","target":{"@type":"EntryPoint","urlTemplate":"https:\/\/www.aircomsystem.com\/en\/?s={search_term_string}"},"query-input":{"@type":"PropertyValueSpecification","valueRequired":true,"valueName":"search_term_string"}}],"inLanguage":"es"},{"@type":"Organization","@id":"https:\/\/www.aircomsystem.com\/en\/#organization","name":"AIRCOM","url":"https:\/\/www.aircomsystem.com\/en\/","logo":{"@type":"ImageObject","inLanguage":"es","@id":"https:\/\/www.aircomsystem.com\/en\/#\/schema\/logo\/image\/","url":"https:\/\/www.aircomsystem.com\/wp-content\/uploads\/2020\/10\/chi_siamo_logo_aircom_attuale.png","contentUrl":"https:\/\/www.aircomsystem.com\/wp-content\/uploads\/2020\/10\/chi_siamo_logo_aircom_attuale.png","width":600,"height":395,"caption":"AIRCOM"},"image":{"@id":"https:\/\/www.aircomsystem.com\/en\/#\/schema\/logo\/image\/"}}]}},"jetpack_sharing_enabled":true,"_links":{"self":[{"href":"https:\/\/www.aircomsystem.com\/es\/wp-json\/wp\/v2\/pages\/11345","targetHints":{"allow":["GET"]}}],"collection":[{"href":"https:\/\/www.aircomsystem.com\/es\/wp-json\/wp\/v2\/pages"}],"about":[{"href":"https:\/\/www.aircomsystem.com\/es\/wp-json\/wp\/v2\/types\/page"}],"author":[{"embeddable":true,"href":"https:\/\/www.aircomsystem.com\/es\/wp-json\/wp\/v2\/users\/1"}],"replies":[{"embeddable":true,"href":"https:\/\/www.aircomsystem.com\/es\/wp-json\/wp\/v2\/comments?post=11345"}],"version-history":[{"count":0,"href":"https:\/\/www.aircomsystem.com\/es\/wp-json\/wp\/v2\/pages\/11345\/revisions"}],"wp:attachment":[{"href":"https:\/\/www.aircomsystem.com\/es\/wp-json\/wp\/v2\/media?parent=11345"}],"curies":[{"name":"wp","href":"https:\/\/api.w.org\/{rel}","templated":true}]}}