{"id":11355,"date":"2020-09-27T18:03:28","date_gmt":"2020-09-27T17:03:28","guid":{"rendered":"https:\/\/www.aircomsystem.com\/systems\/accessories\/"},"modified":"2025-04-16T15:29:51","modified_gmt":"2025-04-16T14:29:51","slug":"accesorios-y-herramientas","status":"publish","type":"page","link":"https:\/\/www.aircomsystem.com\/es\/sistemas\/accesorios-y-herramientas\/","title":{"rendered":"Accesorios y Herramientas"},"content":{"rendered":"<p>[et_pb_section fb_built=\u00bb1&#8243; _builder_version=\u00bb4.16&#8243; background_color=\u00bb#444444&#8243; custom_padding=\u00bb0|0|0|0px|false|false\u00bb global_colors_info=\u00bb{}\u00bb][et_pb_row _builder_version=\u00bb4.16&#8243; custom_padding=\u00bb0|0px|0|0px|false|false\u00bb global_colors_info=\u00bb{}\u00bb][et_pb_column type=\u00bb4_4&#8243; _builder_version=\u00bb4.16&#8243; custom_padding=\u00bb|||\u00bb global_colors_info=\u00bb{}\u00bb custom_padding__hover=\u00bb|||\u00bb][et_pb_text ul_item_indent=\u00bb19px\u00bb _builder_version=\u00bb4.16&#8243; text_font=\u00bbOpen Sans||||||||\u00bb text_text_color=\u00bb#ffffff\u00bb text_font_size=\u00bb16px\u00bb ul_font=\u00bb||||||||\u00bb ul_font_size=\u00bb16px\u00bb ul_line_height=\u00bb1.7em\u00bb header_font=\u00bbRajdhani|500|||||||\u00bb header_text_align=\u00bbleft\u00bb header_text_color=\u00bb#86c2eb\u00bb header_2_font=\u00bbRajdhani|500|||||||\u00bb header_2_text_align=\u00bbleft\u00bb header_2_text_color=\u00bb#86c2eb\u00bb header_2_font_size=\u00bb50px\u00bb header_2_line_height=\u00bb1.1em\u00bb header_6_font=\u00bbOpen Sans|600|||||||\u00bb header_6_text_align=\u00bbleft\u00bb header_6_text_color=\u00bb#86c2eb\u00bb header_6_font_size=\u00bb19px\u00bb header_6_line_height=\u00bb1.5em\u00bb text_orientation=\u00bbcenter\u00bb max_width=\u00bb93%\u00bb module_alignment=\u00bbleft\u00bb custom_margin=\u00bb||\u00bb custom_margin_last_edited=\u00bboff|desktop\u00bb custom_padding=\u00bb40px|0px|0px|45px\u00bb custom_padding_tablet=\u00bb\u00bb custom_padding_phone=\u00bb|3px||15px\u00bb custom_padding_last_edited=\u00bbon|desktop\u00bb global_colors_info=\u00bb{}\u00bb custom_css_main_element__hover_enabled=\u00bbon\u00bb][\/et_pb_text][et_pb_text ul_item_indent=\u00bb19px\u00bb _builder_version=\u00bb4.27.4&#8243; text_font=\u00bbOpen Sans||||||||\u00bb text_font_size=\u00bb16px\u00bb ul_font=\u00bb||||||||\u00bb ul_font_size=\u00bb16px\u00bb ul_line_height=\u00bb1.7em\u00bb header_font=\u00bbRajdhani|600|||||||\u00bb header_text_align=\u00bbcenter\u00bb header_text_color=\u00bb#86c2eb\u00bb header_font_size=\u00bb57px\u00bb header_2_font=\u00bbRajdhani|500|||||||\u00bb header_2_text_align=\u00bbcenter\u00bb header_2_text_color=\u00bb#86c2eb\u00bb header_2_font_size=\u00bb50px\u00bb header_2_line_height=\u00bb1.1em\u00bb header_6_font=\u00bbOpen Sans|600|||||||\u00bb header_6_text_align=\u00bbcenter\u00bb header_6_text_color=\u00bb#86c2eb\u00bb header_6_font_size=\u00bb19px\u00bb text_orientation=\u00bbcenter\u00bb max_width=\u00bb93%\u00bb module_alignment=\u00bbleft\u00bb custom_margin=\u00bb||\u00bb custom_margin_last_edited=\u00bboff|desktop\u00bb custom_padding=\u00bb0px|0px|0px|45px\u00bb custom_padding_tablet=\u00bb\u00bb custom_padding_phone=\u00bb|3px||15px\u00bb custom_padding_last_edited=\u00bbon|desktop\u00bb hover_enabled=\u00bb0&#8243; global_colors_info=\u00bb{}\u00bb custom_css_main_element__hover_enabled=\u00bbon\u00bb sticky_enabled=\u00bb0&#8243;]<\/p>\n<h1>Accesorios y Herramientas<\/h1>\n<h6>Una gama completa para cada necesidad de instalaci\u00f3n.<\/h6>\n<p>[\/et_pb_text][\/et_pb_column][\/et_pb_row][et_pb_row use_custom_gutter=\u00bbon\u00bb gutter_width=\u00bb1&#8243; _builder_version=\u00bb4.16&#8243; background_color=\u00bb#ffffff\u00bb background_size=\u00bbcontain\u00bb background_position=\u00bbtop_left\u00bb max_width=\u00bb90%\u00bb custom_margin=\u00bb60px||0px|\u00bb custom_padding=\u00bb0px|0px|0px|0px|false|false\u00bb animation_style=\u00bbflip\u00bb border_radii=\u00bb|16px|16px||\u00bb use_custom_width=\u00bbon\u00bb width_unit=\u00bboff\u00bb custom_width_percent=\u00bb90%\u00bb locked=\u00bboff\u00bb global_colors_info=\u00bb{}\u00bb border_color_all__hover=\u00bb#86c2eb\u00bb border_width_all__hover=\u00bb4px\u00bb][et_pb_column type=\u00bb4_4&#8243; _builder_version=\u00bb4.16&#8243; background_color=\u00bb#ffffff\u00bb custom_padding=\u00bb0px|0px|0px|0px\u00bb global_colors_info=\u00bb{}\u00bb custom_padding__hover=\u00bb|||\u00bb][et_pb_image src=\u00bbhttps:\/\/www.aircomsystem.com\/wp-content\/uploads\/2020\/10\/accessori_1429x1000px.jpg\u00bb title_text=\u00bbaccessori_1429x1000px\u00bb show_bottom_space=\u00bboff\u00bb align=\u00bbcenter\u00bb force_fullwidth=\u00bbon\u00bb align_tablet=\u00bbcenter\u00bb align_phone=\u00bb\u00bb align_last_edited=\u00bbon|desktop\u00bb _builder_version=\u00bb4.16&#8243; custom_margin=\u00bb0px|0px|0px|0px\u00bb custom_padding=\u00bb0px|0px|0px|0px\u00bb global_colors_info=\u00bb{}\u00bb][\/et_pb_image][\/et_pb_column][\/et_pb_row][et_pb_row use_custom_gutter=\u00bbon\u00bb gutter_width=\u00bb1&#8243; _builder_version=\u00bb4.16&#8243; background_color=\u00bb#292929&#8243; background_size=\u00bbcontain\u00bb background_position=\u00bbtop_left\u00bb max_width=\u00bb90%\u00bb custom_margin=\u00bb0px||60px|\u00bb custom_padding=\u00bb0px|0px|0px|0px|false|false\u00bb animation_style=\u00bbflip\u00bb border_radii=\u00bb|||16px|16px\u00bb use_custom_width=\u00bbon\u00bb width_unit=\u00bboff\u00bb custom_width_percent=\u00bb90%\u00bb locked=\u00bboff\u00bb global_colors_info=\u00bb{}\u00bb border_color_all__hover=\u00bb#86c2eb\u00bb border_width_all__hover=\u00bb4px\u00bb][et_pb_column type=\u00bb4_4&#8243; _builder_version=\u00bb4.16&#8243; background_color=\u00bb#292929&#8243; custom_padding=\u00bb0px|0px|0px|0px\u00bb global_colors_info=\u00bb{}\u00bb custom_padding__hover=\u00bb|||\u00bb][et_pb_text ul_item_indent=\u00bb19px\u00bb _builder_version=\u00bb4.27.4&#8243; text_font=\u00bbOpen Sans||||||||\u00bb text_font_size=\u00bb16px\u00bb ul_font=\u00bb||||||||\u00bb ul_font_size=\u00bb16px\u00bb ul_line_height=\u00bb1.7em\u00bb header_font=\u00bbRajdhani|500|||||||\u00bb header_text_align=\u00bbleft\u00bb header_text_color=\u00bb#86c2eb\u00bb header_2_font=\u00bbRajdhani|500|||||||\u00bb header_2_text_align=\u00bbleft\u00bb header_2_text_color=\u00bb#86c2eb\u00bb header_2_font_size=\u00bb50px\u00bb header_2_line_height=\u00bb1.1em\u00bb header_6_font=\u00bbOpen Sans|600|||||||\u00bb header_6_text_align=\u00bbleft\u00bb header_6_text_color=\u00bb#86c2eb\u00bb header_6_font_size=\u00bb19px\u00bb header_6_line_height=\u00bb1.5em\u00bb max_width=\u00bb93%\u00bb module_alignment=\u00bbleft\u00bb custom_margin=\u00bb||\u00bb custom_margin_last_edited=\u00bboff|desktop\u00bb custom_padding=\u00bb40px|0px|40px|45px\u00bb custom_padding_tablet=\u00bb\u00bb custom_padding_phone=\u00bb|3px||15px\u00bb custom_padding_last_edited=\u00bbon|phone\u00bb hover_enabled=\u00bb0&#8243; global_colors_info=\u00bb{}\u00bb custom_css_main_element__hover_enabled=\u00bbon\u00bb sticky_enabled=\u00bb0&#8243;]<\/p>\n<h2 style=\"text-align: left;\">Accesorios y Herramientas<\/h2>\n<h6>Una gama completa para cada necesidad de instalaci\u00f3n.<\/h6>\n<p>La amplia selecci\u00f3n de accesorios y herramientas no solo te permitir\u00e1 trabajar con total seguridad, sino tambi\u00e9n optimizar los tiempos de instalaci\u00f3n y mantenimiento de las instalaciones.<br \/>\nLa gama incluye llaves espec\u00edficas para racores, herramientas especiales para cortar, calibrar y apretar, as\u00ed como una serie de herramientas dise\u00f1adas a medida para garantizar intervenciones r\u00e1pidas, precisas y profesionales.<br \/>\nTodas las herramientas est\u00e1n dise\u00f1adas y desarrolladas espec\u00edficamente para los sistemas <strong>Quick Line Aluminium<\/strong> y <strong>Quick Line HR-Polymer Composite<\/strong>, ofreciendo la m\u00e1xima eficiencia y fiabilidad.<\/p>\n<h6>Tubo multicapa para aire comprimido<\/h6>\n<p>Gracias a su estructura multicapa, el tubo AIRCOM para instalaciones de aire comprimido ofrece excelentes propiedades f\u00edsicas y qu\u00edmicas, propias del PE-RT.<br \/>\nLa capa de aluminio integrada proporciona una gran resistencia a la presi\u00f3n y a las altas temperaturas de funcionamiento.<\/p>\n<h3>Di\u00e1metros disponibles: 16-20-25 mm<\/h3>\n<p>La facilidad de instalaci\u00f3n, junto con la ligereza del material, permite modelar f\u00e1cilmente las secciones del tubo incluso en \u00e1reas complejas, facilitando el paso por obst\u00e1culos de la forma m\u00e1s sencilla.[\/et_pb_text][\/et_pb_column][\/et_pb_row][\/et_pb_section][et_pb_section fb_built=\u00bb1&#8243; _builder_version=\u00bb4.16&#8243; _module_preset=\u00bbdefault\u00bb background_color=\u00bbgcid-a3e1534f-72b2-4741-bbca-4aa57f5173be\u00bb custom_padding=\u00bb7px||98px|||\u00bb animation_style=\u00bbslide\u00bb global_colors_info=\u00bb{%22gcid-a3e1534f-72b2-4741-bbca-4aa57f5173be%22:%91%22background_color%22%93}\u00bb][et_pb_row use_custom_gutter=\u00bbon\u00bb gutter_width=\u00bb1&#8243; _builder_version=\u00bb4.16&#8243; _module_preset=\u00bbdefault\u00bb background_color=\u00bbgcid-a3e1534f-72b2-4741-bbca-4aa57f5173be\u00bb max_width=\u00bb90%\u00bb custom_padding=\u00bb1px||1px||true|false\u00bb border_radii=\u00bbon|16px|16px|16px|16px\u00bb global_colors_info=\u00bb{%22gcid-a3e1534f-72b2-4741-bbca-4aa57f5173be%22:%91%22background_color%22%93}\u00bb][et_pb_column type=\u00bb4_4&#8243; _builder_version=\u00bb4.16&#8243; _module_preset=\u00bbdefault\u00bb background_color=\u00bbgcid-ac848d66-f5e4-442c-9798-22c0ed2d5fb3&#8243; custom_padding=\u00bb||||false|false\u00bb global_colors_info=\u00bb{%22gcid-ac848d66-f5e4-442c-9798-22c0ed2d5fb3%22:%91%22background_color%22%93}\u00bb][et_pb_text ul_item_indent=\u00bb19px\u00bb _builder_version=\u00bb4.16&#8243; _dynamic_attributes=\u00bblink_option_url\u00bb text_font=\u00bbOpen Sans||||||||\u00bb text_font_size=\u00bb16px\u00bb ul_font_size=\u00bb16px\u00bb ul_line_height=\u00bb1.7em\u00bb header_font=\u00bbRajdhani|500|||||||\u00bb header_text_align=\u00bbleft\u00bb header_text_color=\u00bb#86c2eb\u00bb header_2_font=\u00bbRajdhani|600|||||||\u00bb header_2_text_color=\u00bb#86c2eb\u00bb header_2_font_size=\u00bb50px\u00bb header_2_line_height=\u00bb1.1em\u00bb header_3_font=\u00bbRajdhani|700||on|||||\u00bb header_3_text_align=\u00bbcenter\u00bb header_3_text_color=\u00bb#86c2eb\u00bb header_3_font_size=\u00bb23px\u00bb header_3_line_height=\u00bb1.7em\u00bb header_6_font=\u00bbOpen Sans|600|||||||\u00bb header_6_text_color=\u00bb#86c2eb\u00bb header_6_font_size=\u00bb19px\u00bb header_6_line_height=\u00bb1.5em\u00bb background_color=\u00bb#292929&#8243; text_orientation=\u00bbcenter\u00bb module_alignment=\u00bbcenter\u00bb custom_margin_last_edited=\u00bboff|desktop\u00bb custom_padding=\u00bb30px|30px|30px|30px\u00bb custom_padding_phone=\u00bb|||\u00bb custom_padding_last_edited=\u00bboff|desktop\u00bb link_option_url=\u00bb@ET-DC@eyJkeW5hbWljIjp0cnVlLCJjb250ZW50IjoicG9zdF9saW5rX3VybF9wYWdlIiwic2V0dGluZ3MiOnsicG9zdF9pZCI6IjE1NTY4In19@\u00bb link_option_url_new_window=\u00bbon\u00bb border_radii=\u00bbon|16px|16px|16px|16px\u00bb border_width_all=\u00bb4px\u00bb border_color_all=\u00bb#292929&#8243; global_colors_info=\u00bb{}\u00bb custom_css_main_element__hover_enabled=\u00bbon\u00bb custom_padding__hover_enabled=\u00bbon\u00bb border_color_all__hover_enabled=\u00bbon\u00bb border_color_all__hover=\u00bb#86c2eb\u00bb custom_padding__hover=\u00bb30px|30px|30px|30px\u00bb]<\/p>\n<p><i class=\"icone-servizi fas fa-download\"><\/i><\/p>\n<h3>DOWNLOAD AREA<\/h3>\n<p>[\/et_pb_text][\/et_pb_column][\/et_pb_row][\/et_pb_section]<\/p>\n","protected":false},"excerpt":{"rendered":"<p>Accesorios y Herramientas Una gama completa para cada necesidad de instalaci\u00f3n.Accesorios y Herramientas Una gama completa para cada necesidad de instalaci\u00f3n. La amplia selecci\u00f3n de accesorios y herramientas no solo te permitir\u00e1 trabajar con total seguridad, sino tambi\u00e9n optimizar los tiempos de instalaci\u00f3n y mantenimiento de las instalaciones. La gama incluye llaves espec\u00edficas para racores, [&hellip;]<\/p>\n","protected":false},"author":1,"featured_media":0,"parent":11350,"menu_order":0,"comment_status":"closed","ping_status":"closed","template":"","meta":{"_et_pb_use_builder":"on","_et_pb_old_content":"","_et_gb_content_width":"","footnotes":""},"class_list":["post-11355","page","type-page","status-publish","hentry"],"yoast_head":"<!-- This site is optimized with the Yoast SEO plugin v27.4 - https:\/\/yoast.com\/product\/yoast-seo-wordpress\/ -->\n<title>Accesorios y Herramientas - AIRCOM<\/title>\n<meta name=\"description\" content=\"Gama completa de accesorios.\" \/>\n<meta name=\"robots\" content=\"index, follow, max-snippet:-1, max-image-preview:large, max-video-preview:-1\" \/>\n<link rel=\"canonical\" href=\"https:\/\/www.aircomsystem.com\/en\/systems\/accessories-and-tools\/\" \/>\n<meta property=\"og:locale\" content=\"es_ES\" \/>\n<meta property=\"og:type\" content=\"article\" \/>\n<meta property=\"og:title\" content=\"Accesorios y Herramientas - AIRCOM\" \/>\n<meta property=\"og:description\" content=\"Gama completa de accesorios.\" \/>\n<meta property=\"og:url\" content=\"https:\/\/www.aircomsystem.com\/en\/systems\/accessories-and-tools\/\" \/>\n<meta property=\"og:site_name\" content=\"AIRCOM\" \/>\n<meta property=\"article:modified_time\" content=\"2025-04-16T14:29:51+00:00\" \/>\n<meta name=\"twitter:card\" content=\"summary_large_image\" \/>\n<meta name=\"twitter:label1\" content=\"Tiempo de lectura\" \/>\n\t<meta name=\"twitter:data1\" content=\"2 minutos\" \/>\n<script type=\"application\/ld+json\" class=\"yoast-schema-graph\">{\"@context\":\"https:\\\/\\\/schema.org\",\"@graph\":[{\"@type\":\"WebPage\",\"@id\":\"https:\\\/\\\/www.aircomsystem.com\\\/en\\\/systems\\\/accessories-and-tools\\\/\",\"url\":\"https:\\\/\\\/www.aircomsystem.com\\\/en\\\/systems\\\/accessories-and-tools\\\/\",\"name\":\"Accesorios y Herramientas - AIRCOM\",\"isPartOf\":{\"@id\":\"https:\\\/\\\/www.aircomsystem.com\\\/en\\\/#website\"},\"datePublished\":\"2020-09-27T17:03:28+00:00\",\"dateModified\":\"2025-04-16T14:29:51+00:00\",\"description\":\"Gama completa de accesorios.\",\"breadcrumb\":{\"@id\":\"https:\\\/\\\/www.aircomsystem.com\\\/en\\\/systems\\\/accessories-and-tools\\\/#breadcrumb\"},\"inLanguage\":\"es\",\"potentialAction\":[{\"@type\":\"ReadAction\",\"target\":[\"https:\\\/\\\/www.aircomsystem.com\\\/en\\\/systems\\\/accessories-and-tools\\\/\"]}]},{\"@type\":\"BreadcrumbList\",\"@id\":\"https:\\\/\\\/www.aircomsystem.com\\\/en\\\/systems\\\/accessories-and-tools\\\/#breadcrumb\",\"itemListElement\":[{\"@type\":\"ListItem\",\"position\":1,\"name\":\"Sistemas\",\"item\":\"https:\\\/\\\/www.aircomsystem.com\\\/en\\\/systems\\\/\"},{\"@type\":\"ListItem\",\"position\":2,\"name\":\"Accesorios y Herramientas\"}]},{\"@type\":\"WebSite\",\"@id\":\"https:\\\/\\\/www.aircomsystem.com\\\/en\\\/#website\",\"url\":\"https:\\\/\\\/www.aircomsystem.com\\\/en\\\/\",\"name\":\"AIRCOM\",\"description\":\"\",\"publisher\":{\"@id\":\"https:\\\/\\\/www.aircomsystem.com\\\/en\\\/#organization\"},\"potentialAction\":[{\"@type\":\"SearchAction\",\"target\":{\"@type\":\"EntryPoint\",\"urlTemplate\":\"https:\\\/\\\/www.aircomsystem.com\\\/en\\\/?s={search_term_string}\"},\"query-input\":{\"@type\":\"PropertyValueSpecification\",\"valueRequired\":true,\"valueName\":\"search_term_string\"}}],\"inLanguage\":\"es\"},{\"@type\":\"Organization\",\"@id\":\"https:\\\/\\\/www.aircomsystem.com\\\/en\\\/#organization\",\"name\":\"AIRCOM\",\"url\":\"https:\\\/\\\/www.aircomsystem.com\\\/en\\\/\",\"logo\":{\"@type\":\"ImageObject\",\"inLanguage\":\"es\",\"@id\":\"https:\\\/\\\/www.aircomsystem.com\\\/en\\\/#\\\/schema\\\/logo\\\/image\\\/\",\"url\":\"https:\\\/\\\/www.aircomsystem.com\\\/wp-content\\\/uploads\\\/2020\\\/10\\\/chi_siamo_logo_aircom_attuale.png\",\"contentUrl\":\"https:\\\/\\\/www.aircomsystem.com\\\/wp-content\\\/uploads\\\/2020\\\/10\\\/chi_siamo_logo_aircom_attuale.png\",\"width\":600,\"height\":395,\"caption\":\"AIRCOM\"},\"image\":{\"@id\":\"https:\\\/\\\/www.aircomsystem.com\\\/en\\\/#\\\/schema\\\/logo\\\/image\\\/\"}}]}<\/script>\n<!-- \/ Yoast SEO plugin. -->","yoast_head_json":{"title":"Accesorios y Herramientas - AIRCOM","description":"Gama completa de accesorios.","robots":{"index":"index","follow":"follow","max-snippet":"max-snippet:-1","max-image-preview":"max-image-preview:large","max-video-preview":"max-video-preview:-1"},"canonical":"https:\/\/www.aircomsystem.com\/en\/systems\/accessories-and-tools\/","og_locale":"es_ES","og_type":"article","og_title":"Accesorios y Herramientas - AIRCOM","og_description":"Gama completa de accesorios.","og_url":"https:\/\/www.aircomsystem.com\/en\/systems\/accessories-and-tools\/","og_site_name":"AIRCOM","article_modified_time":"2025-04-16T14:29:51+00:00","twitter_card":"summary_large_image","twitter_misc":{"Tiempo de lectura":"2 minutos"},"schema":{"@context":"https:\/\/schema.org","@graph":[{"@type":"WebPage","@id":"https:\/\/www.aircomsystem.com\/en\/systems\/accessories-and-tools\/","url":"https:\/\/www.aircomsystem.com\/en\/systems\/accessories-and-tools\/","name":"Accesorios y Herramientas - AIRCOM","isPartOf":{"@id":"https:\/\/www.aircomsystem.com\/en\/#website"},"datePublished":"2020-09-27T17:03:28+00:00","dateModified":"2025-04-16T14:29:51+00:00","description":"Gama completa de accesorios.","breadcrumb":{"@id":"https:\/\/www.aircomsystem.com\/en\/systems\/accessories-and-tools\/#breadcrumb"},"inLanguage":"es","potentialAction":[{"@type":"ReadAction","target":["https:\/\/www.aircomsystem.com\/en\/systems\/accessories-and-tools\/"]}]},{"@type":"BreadcrumbList","@id":"https:\/\/www.aircomsystem.com\/en\/systems\/accessories-and-tools\/#breadcrumb","itemListElement":[{"@type":"ListItem","position":1,"name":"Sistemas","item":"https:\/\/www.aircomsystem.com\/en\/systems\/"},{"@type":"ListItem","position":2,"name":"Accesorios y Herramientas"}]},{"@type":"WebSite","@id":"https:\/\/www.aircomsystem.com\/en\/#website","url":"https:\/\/www.aircomsystem.com\/en\/","name":"AIRCOM","description":"","publisher":{"@id":"https:\/\/www.aircomsystem.com\/en\/#organization"},"potentialAction":[{"@type":"SearchAction","target":{"@type":"EntryPoint","urlTemplate":"https:\/\/www.aircomsystem.com\/en\/?s={search_term_string}"},"query-input":{"@type":"PropertyValueSpecification","valueRequired":true,"valueName":"search_term_string"}}],"inLanguage":"es"},{"@type":"Organization","@id":"https:\/\/www.aircomsystem.com\/en\/#organization","name":"AIRCOM","url":"https:\/\/www.aircomsystem.com\/en\/","logo":{"@type":"ImageObject","inLanguage":"es","@id":"https:\/\/www.aircomsystem.com\/en\/#\/schema\/logo\/image\/","url":"https:\/\/www.aircomsystem.com\/wp-content\/uploads\/2020\/10\/chi_siamo_logo_aircom_attuale.png","contentUrl":"https:\/\/www.aircomsystem.com\/wp-content\/uploads\/2020\/10\/chi_siamo_logo_aircom_attuale.png","width":600,"height":395,"caption":"AIRCOM"},"image":{"@id":"https:\/\/www.aircomsystem.com\/en\/#\/schema\/logo\/image\/"}}]}},"jetpack_sharing_enabled":true,"_links":{"self":[{"href":"https:\/\/www.aircomsystem.com\/es\/wp-json\/wp\/v2\/pages\/11355","targetHints":{"allow":["GET"]}}],"collection":[{"href":"https:\/\/www.aircomsystem.com\/es\/wp-json\/wp\/v2\/pages"}],"about":[{"href":"https:\/\/www.aircomsystem.com\/es\/wp-json\/wp\/v2\/types\/page"}],"author":[{"embeddable":true,"href":"https:\/\/www.aircomsystem.com\/es\/wp-json\/wp\/v2\/users\/1"}],"replies":[{"embeddable":true,"href":"https:\/\/www.aircomsystem.com\/es\/wp-json\/wp\/v2\/comments?post=11355"}],"version-history":[{"count":3,"href":"https:\/\/www.aircomsystem.com\/es\/wp-json\/wp\/v2\/pages\/11355\/revisions"}],"predecessor-version":[{"id":16458,"href":"https:\/\/www.aircomsystem.com\/es\/wp-json\/wp\/v2\/pages\/11355\/revisions\/16458"}],"up":[{"embeddable":true,"href":"https:\/\/www.aircomsystem.com\/es\/wp-json\/wp\/v2\/pages\/11350"}],"wp:attachment":[{"href":"https:\/\/www.aircomsystem.com\/es\/wp-json\/wp\/v2\/media?parent=11355"}],"curies":[{"name":"wp","href":"https:\/\/api.w.org\/{rel}","templated":true}]}}