{"id":15838,"date":"2022-04-14T15:09:48","date_gmt":"2022-04-14T14:09:48","guid":{"rendered":"https:\/\/www.aircomsystem.com\/privacy-us\/"},"modified":"2022-04-14T15:09:48","modified_gmt":"2022-04-14T14:09:48","slug":"privacy-us","status":"publish","type":"page","link":"https:\/\/www.aircomsystem.com\/es\/privacy-us\/","title":{"rendered":"Privacy (US)"},"content":{"rendered":"\n<!-- Legal document generated by Complianz | GDPR\/CCPA Cookie Consent https:\/\/wordpress.org\/plugins\/complianz-gdpr -->\n<div id=\"cmplz-document\" class=\"cmplz-document privacy-statement cmplz-document-us\"><p><i>This privacy statement was last changed on 17 de septiembre de 2025, last checked on 17 de septiembre de 2025, and applies to citizens and legal permanent residents of the United States.<\/i><br \/><br \/><\/p><p>In this privacy statement, we explain what we do with the data we obtain about you via <a href=\"https:\/\/www.aircomsystem.com\/es\/\">https:\/\/www.aircomsystem.com\/es\/<\/a>. We recommend you carefully read this statement. In our processing we comply with the requirements of privacy legislation. That means, among other things, that:<ul>\n                <li>we clearly state the purposes for which we process personal data. We do this by means of this privacy statement;<\/li>\n                <li>we aim to limit our collection of personal data to only the personal data required for legitimate purposes;<\/li>\n                <li>we first request your explicit consent to process your personal data in cases requiring your consent;<\/li>\n                <li>we take appropriate security measures to protect your personal data and also require this from parties that process personal data on our behalf;<\/li>\n                <li>we respect your right to access your personal data or have it corrected or deleted, at your request.<\/li>\n            <\/ul><\/p><p>If you have any questions, or want to know exactly what data we keep of you, please contact us.<\/p><h2>1. Finalidad y categor\u00edas de datos<\/h2><p>Podemos recopilar o recibir informaci\u00f3n personal para un n\u00famero de prop\u00f3sitos relacionados con nuestras operaciones comerciales, que pueden incluir lo siguiente: (haga clic para expandir) <\/b><\/p><details class=\"cmplz-dropdown dropdown-privacy-statement\"><summary><div><h3>1.1 Boletines de noticias<\/h3><\/div><\/summary><p class=\"cmplz-subtitle\">Las siguientes categor\u00edas de datos son recopiladas<\/p><p><ul><li>Un nombre y apellido<\/li><li>Una direcci\u00f3n de casa u otra direcci\u00f3n f\u00edsica, incluyendo el nombre de la calle y el nombre de una ciudad o pueblo<\/li><li>Una direcci\u00f3n de correo electr\u00f3nico<\/li><li>Un n\u00famero de tel\u00e9fono<\/li><li>Direcci\u00f3n IP<\/li><li>Fecha de nacimiento<\/li><li>Sexo<\/li><\/ul><\/p><p class=\"cmplz-subtitle\">Per\u00edodo de retenci\u00f3n<\/p><p>Retendremos estos datos hasta que el servicio sea cancelado.<\/p><\/details><details class=\"cmplz-dropdown dropdown-privacy-statement\"><summary><div><h3>1.2 Para dar soporte a servicios o productos que un cliente quiere comprar o ha comprado<\/h3><\/div><\/summary><p class=\"cmplz-subtitle\">Las siguientes categor\u00edas de datos son recopiladas<\/p><p><ul><li>Un nombre y apellido<\/li><li>Una direcci\u00f3n de casa u otra direcci\u00f3n f\u00edsica, incluyendo el nombre de la calle y el nombre de una ciudad o pueblo<\/li><li>Una direcci\u00f3n de correo electr\u00f3nico<\/li><li>Un n\u00famero de tel\u00e9fono<\/li><li>Direcci\u00f3n IP<\/li><li>Fecha de nacimiento<\/li><li>Sexo<\/li><\/ul><\/p><p class=\"cmplz-subtitle\">Per\u00edodo de retenci\u00f3n<\/p><p>Retendremos estos datos hasta que el servicio sea cancelado.<\/p><\/details><details class=\"cmplz-dropdown dropdown-privacy-statement\"><summary><div><h3>1.3 Para poder cumplir con las obligaciones legales<\/h3><\/div><\/summary><p class=\"cmplz-subtitle\">Las siguientes categor\u00edas de datos son recopiladas<\/p><p><ul><li>Direcci\u00f3n IP<\/li><li>Datos de geolocalizaci\u00f3n<\/li><\/ul><\/p><p class=\"cmplz-subtitle\">Per\u00edodo de retenci\u00f3n<\/p><p>Retendremos estos datos hasta que el servicio sea cancelado.<\/p><\/details><details class=\"cmplz-dropdown dropdown-privacy-statement\"><summary><div><h3>1.4 Recopilaci\u00f3n y an\u00e1lisis de estad\u00edsticas para la mejora de la web.<\/h3><\/div><\/summary><p class=\"cmplz-subtitle\">Las siguientes categor\u00edas de datos son recopiladas<\/p><p><ul><li>Direcci\u00f3n IP<\/li><li>Datos de geolocalizaci\u00f3n<\/li><\/ul><\/p><p class=\"cmplz-subtitle\">Per\u00edodo de retenci\u00f3n<\/p><p>Retendremos estos datos hasta que el servicio sea cancelado.<\/p><\/details><details class=\"cmplz-dropdown dropdown-privacy-statement\"><summary><div><h3>1.5 Para poder ofrecer productos y servicios personalizados.<\/h3><\/div><\/summary><p class=\"cmplz-subtitle\">Las siguientes categor\u00edas de datos son recopiladas<\/p><p><ul><li>Un nombre y apellido<\/li><li>Una direcci\u00f3n de casa u otra direcci\u00f3n f\u00edsica, incluyendo el nombre de la calle y el nombre de una ciudad o pueblo<\/li><li>Una direcci\u00f3n de correo electr\u00f3nico<\/li><li>Un n\u00famero de tel\u00e9fono<\/li><li>Direcci\u00f3n IP<\/li><li>Fecha de nacimiento<\/li><li>Sexo<\/li><\/ul><\/p><p class=\"cmplz-subtitle\">Per\u00edodo de retenci\u00f3n<\/p><p>Retendremos estos datos hasta que el servicio sea cancelado.<\/p><\/details><h2>2. Sharing with other parties<\/h2><p>We only share or disclose this data to other recipients for the following purposes:<\/p><h2>3. Disclosure practices<\/h2><p><p>Divulgamos informaci\u00f3n personal si nos lo exige la ley o una orden judicial, en respuesta a un organismo encargado de hacer cumplir la ley, en la medida en que lo permitan otras disposiciones legales, para proporcionar informaci\u00f3n o para una investigaci\u00f3n sobre un asunto relacionado con la seguridad p\u00fablica.<\/p><p>Si nuestro sitio web o nuestra organizaci\u00f3n son adquiridos, vendidos o participan en una fusi\u00f3n o adquisici\u00f3n, sus datos podr\u00e1n ser revelados a nuestros asesores y a los posibles compradores, y se transmitir\u00e1n a los nuevos propietarios.<\/p><\/p><h2>4. How we respond to Do Not Track signals &amp; Global Privacy Control <\/h2><p>Our website responds to and supports the Do Not Track (DNT) header request field. If you turn DNT on in your browser, those preferences are communicated to us in the HTTP request header, and we will not track your browsing behavior.<\/p><h2>5. Cookies<\/h2><p>Our website uses cookies. For more information about cookies, please refer to our Cookie Policy on our <a href=\"https:\/\/www.aircomsystem.com\/es\/cookie-policy-us\/\">Cookie Policy (US)<\/a> webpage.&nbsp;<\/p><h2>6. Security<\/h2><p>We are committed to the security of personal data. We take appropriate security measures to limit abuse of and unauthorized access to personal data. This ensures that only the necessary persons have access to your data, that access to the data is protected, and that our security measures are regularly reviewed.<\/p><h2>7. Third-party websites<\/h2><p>This privacy statement does not apply to third-party websites connected by links on our website. We cannot guarantee that these third parties handle your personal data in a reliable or secure manner. We recommend you read the privacy statements of these websites prior to making use of these websites.<\/p><h2>8. Amendments to this privacy statement<\/h2><p>We reserve the right to make amendments to this privacy statement. It is recommended that you consult this privacy statement regularly in order to be aware of any changes. In addition, we will actively inform you wherever possible.<\/p><h2>9. Accessing and modifying your data<\/h2><p>If you have any questions or want to know which personal data we have about you, please contact us. Please make sure to always clearly state who you are, so that we can be certain that we do not modify or delete any data of the wrong person. We shall provide the requested information only upon receipt of a verifiable consumer request. You can contact us by using the information below. You have the following rights:<\/p><p class=\"cmplz-subtitle\">9.1 You have the following rights with respect to your personal data<\/p><ol class=\"alphabetic\">\n                        <li>You may submit a request for access to the data we process about you.<\/li>\n                        <li>You may object to the processing.<\/li>\n                        <li>You may request an overview, in a commonly used format, of the data we process about you.<\/li>\n                        <li>You may request correction or deletion of the data if it is incorrect or not or no longer relevant, or to ask to restrict the processing of the data.<\/li>\n                        <li>You may appeal our decision whenever we refuse to take action on a request and submit a complaint with the competent authority if your appeal is denied.<\/li>\n                      <\/ol><p class=\"cmplz-subtitle\">9.2 Supplements<\/p><p>This section, which supplements the rest of this Privacy Statement, applies to citizens and legal permanent residents of California (CPRA)<\/p><details class=\"cmplz-dropdown dropdown-privacy-statement\"><summary><div><h3>California<\/h3><\/div><\/summary>\n      <h4>Right to know what personal information is being collected about you<\/h4>\n      <p>A consumer shall have the right to request that a business that collects personal information about the consumer disclose to the consumer the following:<\/p>\n      <ol class=\"alphabetic\">\n      <li>The categories of personal information it has collected about that consumer.<\/li>\n      <li>The categories of sources from which the personal information is collected.<\/li>\n      <li>The business or commercial purpose for collecting or selling personal information.<\/li>\n      <li>The categories of third parties with whom the business shares personal information.<\/li>\n      <li>The specific pieces of personal information it has collected about that consumer.<\/li>\n      <\/ol>\n      <br \/>\n\n      <h4>The right to know whether personal information is sold or disclosed and to whom<\/h4>\n      <p>A consumer shall have the right to request that a business that sells the consumer\u2019s personal information, or that discloses it for a business purpose, disclose to that consumer:<\/p>\n      <ol class=\"alphabetic\">\n      <li>The categories of personal information that the business collected about the consumer.<\/li>\n      <li>The categories of personal information that the business sold about the consumer and the categories of third parties to whom the personal information was sold, by category or categories of personal information for each third party to whom the personal information was sold.<\/li>\n      <li>The categories of personal information that the business disclosed about the consumer for a business purpose.<\/li>\n      <\/ol>\n      <br \/>\n      <h4>The Right to equal service and price, even if you exercise your privacy rights<\/h4>\n      <br \/>\n      <p>A consumer shall have the right to request that a business delete any personal information about the consumer which the business has collected from the consumer.<\/p>\n      <br \/>\n      <p>A business that receives a verifiable request from a consumer to delete the consumer\u2019s personal information pursuant to subdivision (a) of this section shall delete the consumer\u2019s personal information from its records and direct any service providers to delete the consumer\u2019s personal information from their records.<\/p>\n      <br \/>\n      <p>A business or a service provider shall not be required to comply with a consumer\u2019s request to delete the consumer\u2019s personal information if it is necessary for the business or service provider to maintain the consumer\u2019s personal information in order to:<\/p>\n      <ol class=\"alphabetic\">\n      <li>Complete the transaction for which the personal information was collected, provide a good or service requested by the consumer, or reasonably anticipated within the context of a business\u2019s ongoing business relationship with the consumer, or otherwise perform a contract between the business and the consumer.<\/li>\n      <li>Detect security incidents, protect against malicious, deceptive, fraudulent, or illegal activity; or prosecute those responsible for that activity.<\/li>\n      <li>Debug to identify and repair errors that impair existing intended functionality.<\/li>\n      <li>Exercise free speech, ensure the right of another consumer to exercise his or her right of free speech, or exercise another right provided for by law.<\/li>\n      <li>Comply with the California Electronic Communications Privacy Act pursuant to Chapter 3.6 (commencing with Section 1546) of Title 12 of Part 2 of the Penal Code.<\/li>\n      <li>Engage in public or peer-reviewed scientific, historical, or statistical research in the public interest that adheres to all other applicable ethics and privacy laws, when the businesses\u2019 deletion of the information is likely to render impossible or seriously impair the achievement of such research, if the consumer has provided informed consent.<\/li>\n      <li>Exercise free speech, ensure the right of another consumer to exercise his or her right of free speech, or exercise another right provided for by law.<\/li>\n      <li>To enable solely internal uses that are reasonably aligned with the expectations of the consumer based on the consumer\u2019s relationship with the business.<\/li>\n      <li>Comply with a legal obligation.<\/li>\n      <li>Otherwise use the consumer\u2019s personal information, internally, in a lawful manner that is compatible with the context in which the consumer provided the information.<\/li>\n      <\/ol>\n\n      <h4>Right to opt-out<\/h4>\n      <p>You may submit a request directing us not to make certain disclosures of personal information we maintain about you. For more information about the possibility of submitting an opt-out request, please refer to our Opt-out preferences page.<\/p>\n      <h4>Financial incentives<\/h4><p><h4>Selling of personal data to third parties<\/h4>\n  \t\t<p>We have not sold consumers\u2019 personal data in the preceding 12 months<\/p><\/p><p>We have not disclosed consumers\u2019 personal information for a business purpose in the preceding 12 months.<\/p><p><ul><\/ul><\/p><\/details><h2>10. Children<\/h2><p>Our website is not designed to attract children and it is not our intent to collect personal data from children under the age of consent in their country of residence. We therefore request that children under the age of consent do not submit any personal data to us.<\/p><h2>11. Contact details<\/h2><p>AIRCOM s.r.l.<br \/>\n        Sede legale: Via Trattato di Maastricht, 13 \u2013 15067 Novi Ligure (AL) \u2013 Italia<br \/>\n        Italia<br \/>\n        Website: <a href=\"https:\/\/www.aircomsystem.com\/es\/\">https:\/\/www.aircomsystem.com\/es\/<\/a> <br \/>\n        Email: <span class=\"cmplz-obfuscate\">i&#110;f&#111;@<span class=\"cmplz-fmail-domain\">&#101;x.c&#111;m<\/span>&#097;&#105;r&#099;&#111;&#109;s&#121;ste&#109;&#046;c&#111;&#109;<\/span> <br \/>\n        <br \/>\n        N\u00famero de tel\u00e9fono: +39 0143 329502<\/p><h2>Annex<\/h2><p><h3>WPML<\/h3>\r\nWPML utilizza i cookie per identificare la lingua del visitatore corrente, quella dell'ultima visita e quella degli utenti che hanno effettuato l'accesso.\r\n\r\nQuando si utilizza il plugin, WPML condivider\u00e0 i dati relativi al sito tramite il programma di installazione. Non verr\u00e0 condiviso nessun dato personale dell'utente.\r\n<h3>iThemes Security<\/h3>\r\n<div class=\"wp-suggested-text\">\r\n<h2>What personal data we collect and why we collect it<\/h2>\r\n<h3>Cookies<\/h3>\r\n<strong>Suggested text: <\/strong> Some forms on this site require the use of Google's reCAPTCHA service before they can be submitted. If you consent to use Google's reCAPTCHA service, a cookie is created that stores your consent. This cookie deletes itself after thirty days.\r\n\r\n<strong>Suggested text: <\/strong> Visiting the login page sets a temporary cookie that aids compatibility with some alternate login methods. This cookie contains no personal data and expires after 1 hour.\r\n<h3>Security Logs<\/h3>\r\n<strong>Suggested text: <\/strong> The IP address of visitors, user ID of logged in users, and username of login attempts are conditionally logged to check for malicious activity and to protect the site from specific kinds of attacks. Examples of conditions when logging occurs include login attempts, log out requests, requests for suspicious URLs, changes to site content, and password updates. This information is retained for 60 days.\r\n<h2>Who we share your data with<\/h2>\r\n<strong>Suggested text: <\/strong> Some forms on this site require the use of Google's reCAPTCHA service before they can be submitted. Use of the reCAPTCHA service is subject to the Google <a href=\"https:\/\/policies.google.com\/privacy\">Privacy Policy<\/a> and <a href=\"https:\/\/policies.google.com\/terms\">Terms of Use<\/a>.\r\n<p class=\"privacy-policy-tutorial\">When running Security Check, ithemes.com will be contacted as part of a process to determine if the site supports TLS\/SSL requests. No personal data is sent to ithemes.com as part of this process. Requests to ithemes.com include the site's URL. For ithemes.com privacy policy details, please see the <a href=\"https:\/\/ithemes.com\/privacy-policy\/\">iThemes Privacy Policy<\/a>.<\/p>\r\n<strong>Suggested text: <\/strong> This site is scanned for potential malware and vulnerabilities by the iThemes Site Scanner. We do not send personal information to the scanner; however, the scanner could find personal information posted publicly (such as in comments) during the scan.\r\n<p class=\"privacy-policy-tutorial\">In order to ensure file integrity, iThemes Security pulls data from wordpress.org, ithemes.com, and amazonaws.com. No personal data is sent to these sites. Requests to wordpress.org include the WordPress version, the site's locale, a list of installed plugins, and a list of each plugin's version. Requests to ithemes.com and amazonaws.com include the installed iThemes products and their versions. For wordpress.org privacy policy details, please see the <a href=\"https:\/\/wordpress.org\/about\/privacy\/\">WordPress Privacy Policy<\/a>. For ithemes.com privacy policy details, please see the <a href=\"https:\/\/ithemes.com\/privacy-policy\/\">iThemes Privacy Policy<\/a>. Requests to amazonaws.com are to content added and managed by iThemes which is covered by the <a href=\"https:\/\/aws.amazon.com\/compliance\/data-privacy-faq\/\">Amazon Web Services Data Privacy policy<\/a>.<\/p>\r\n\r\n<h2>How long we retain your data<\/h2>\r\n<strong>Suggested text: <\/strong> Security logs are retained for 60 days.\r\n<h2>Where we send your data<\/h2>\r\n<strong>Suggested text: <\/strong> This site is part of a network of sites that protect against distributed brute force attacks. To enable this protection, the IP address of visitors attempting to log into the site is shared with a service provided by ithemes.com. For privacy policy details, please see the <a href=\"https:\/\/ithemes.com\/privacy-policy\">iThemes Privacy Policy<\/a>.\r\n\r\n<\/div>\r\n<h3>WPML Translation Management<\/h3>\r\nWPML Translation Management invier\u00e0 l'indirizzo e-mail e il nome di ciascun responsabile e traduttore assegnato, nonch\u00e9 gli stessi contenuti all'editor di traduzione avanzato e ai servizi di traduzione utilizzati.\r\n<h3>WPML String Translation<\/h3>\r\nWPML String Translation invier\u00e0 tutte le stringhe all'editor di traduzione avanzato di WPML e ai servizi di traduzione utilizzati.\r\n<h3>Complianz | The Privacy Suite for WordPress<\/h3>\r\nQuesto sito web utilizza la Privacy Suite per WordPress di Complianz per raccogliere record di consenso.\u00a0Per questa funzionalit\u00e0 il tuo indirizzo IP \u00e8 reso anonimo e memorizzato nel nostro database.\u00a0Per ulteriori informazioni, vedere la <a href=\"https:\/\/complianz.io\/privacy-statement\/\" target=\"_blank\" rel=\"noopener\">Dichiarazione sulla Privacy<\/a> di Complianz.<\/p><\/div>\n","protected":false},"excerpt":{"rendered":"","protected":false},"author":1,"featured_media":0,"parent":0,"menu_order":0,"comment_status":"closed","ping_status":"closed","template":"","meta":{"_et_pb_use_builder":"","_et_pb_old_content":"","_et_gb_content_width":"","footnotes":""},"class_list":["post-15838","page","type-page","status-publish","hentry"],"yoast_head":"<!-- This site is optimized with the Yoast SEO plugin v27.4 - https:\/\/yoast.com\/product\/yoast-seo-wordpress\/ -->\n<title>Privacy (US) - AIRCOM<\/title>\n<meta name=\"robots\" content=\"index, follow, max-snippet:-1, max-image-preview:large, max-video-preview:-1\" \/>\n<link rel=\"canonical\" href=\"https:\/\/www.aircomsystem.com\/es\/privacy-us\/\" \/>\n<meta property=\"og:locale\" content=\"es_ES\" \/>\n<meta property=\"og:type\" content=\"article\" \/>\n<meta property=\"og:title\" content=\"Privacy (US) - AIRCOM\" \/>\n<meta property=\"og:url\" content=\"https:\/\/www.aircomsystem.com\/es\/privacy-us\/\" \/>\n<meta property=\"og:site_name\" content=\"AIRCOM\" \/>\n<meta name=\"twitter:card\" content=\"summary_large_image\" \/>\n<script type=\"application\/ld+json\" class=\"yoast-schema-graph\">{\"@context\":\"https:\\\/\\\/schema.org\",\"@graph\":[{\"@type\":\"WebPage\",\"@id\":\"https:\\\/\\\/www.aircomsystem.com\\\/es\\\/privacy-us\\\/\",\"url\":\"https:\\\/\\\/www.aircomsystem.com\\\/es\\\/privacy-us\\\/\",\"name\":\"Privacy (US) - AIRCOM\",\"isPartOf\":{\"@id\":\"https:\\\/\\\/www.aircomsystem.com\\\/en\\\/#website\"},\"datePublished\":\"2022-04-14T14:09:48+00:00\",\"inLanguage\":\"es\",\"potentialAction\":[{\"@type\":\"ReadAction\",\"target\":[\"https:\\\/\\\/www.aircomsystem.com\\\/es\\\/privacy-us\\\/\"]}]},{\"@type\":\"WebSite\",\"@id\":\"https:\\\/\\\/www.aircomsystem.com\\\/en\\\/#website\",\"url\":\"https:\\\/\\\/www.aircomsystem.com\\\/en\\\/\",\"name\":\"AIRCOM\",\"description\":\"\",\"publisher\":{\"@id\":\"https:\\\/\\\/www.aircomsystem.com\\\/en\\\/#organization\"},\"potentialAction\":[{\"@type\":\"SearchAction\",\"target\":{\"@type\":\"EntryPoint\",\"urlTemplate\":\"https:\\\/\\\/www.aircomsystem.com\\\/en\\\/?s={search_term_string}\"},\"query-input\":{\"@type\":\"PropertyValueSpecification\",\"valueRequired\":true,\"valueName\":\"search_term_string\"}}],\"inLanguage\":\"es\"},{\"@type\":\"Organization\",\"@id\":\"https:\\\/\\\/www.aircomsystem.com\\\/en\\\/#organization\",\"name\":\"AIRCOM\",\"url\":\"https:\\\/\\\/www.aircomsystem.com\\\/en\\\/\",\"logo\":{\"@type\":\"ImageObject\",\"inLanguage\":\"es\",\"@id\":\"https:\\\/\\\/www.aircomsystem.com\\\/en\\\/#\\\/schema\\\/logo\\\/image\\\/\",\"url\":\"https:\\\/\\\/www.aircomsystem.com\\\/wp-content\\\/uploads\\\/2020\\\/10\\\/chi_siamo_logo_aircom_attuale.png\",\"contentUrl\":\"https:\\\/\\\/www.aircomsystem.com\\\/wp-content\\\/uploads\\\/2020\\\/10\\\/chi_siamo_logo_aircom_attuale.png\",\"width\":600,\"height\":395,\"caption\":\"AIRCOM\"},\"image\":{\"@id\":\"https:\\\/\\\/www.aircomsystem.com\\\/en\\\/#\\\/schema\\\/logo\\\/image\\\/\"}}]}<\/script>\n<!-- \/ Yoast SEO plugin. -->","yoast_head_json":{"title":"Privacy (US) - AIRCOM","robots":{"index":"index","follow":"follow","max-snippet":"max-snippet:-1","max-image-preview":"max-image-preview:large","max-video-preview":"max-video-preview:-1"},"canonical":"https:\/\/www.aircomsystem.com\/es\/privacy-us\/","og_locale":"es_ES","og_type":"article","og_title":"Privacy (US) - AIRCOM","og_url":"https:\/\/www.aircomsystem.com\/es\/privacy-us\/","og_site_name":"AIRCOM","twitter_card":"summary_large_image","schema":{"@context":"https:\/\/schema.org","@graph":[{"@type":"WebPage","@id":"https:\/\/www.aircomsystem.com\/es\/privacy-us\/","url":"https:\/\/www.aircomsystem.com\/es\/privacy-us\/","name":"Privacy (US) - AIRCOM","isPartOf":{"@id":"https:\/\/www.aircomsystem.com\/en\/#website"},"datePublished":"2022-04-14T14:09:48+00:00","inLanguage":"es","potentialAction":[{"@type":"ReadAction","target":["https:\/\/www.aircomsystem.com\/es\/privacy-us\/"]}]},{"@type":"WebSite","@id":"https:\/\/www.aircomsystem.com\/en\/#website","url":"https:\/\/www.aircomsystem.com\/en\/","name":"AIRCOM","description":"","publisher":{"@id":"https:\/\/www.aircomsystem.com\/en\/#organization"},"potentialAction":[{"@type":"SearchAction","target":{"@type":"EntryPoint","urlTemplate":"https:\/\/www.aircomsystem.com\/en\/?s={search_term_string}"},"query-input":{"@type":"PropertyValueSpecification","valueRequired":true,"valueName":"search_term_string"}}],"inLanguage":"es"},{"@type":"Organization","@id":"https:\/\/www.aircomsystem.com\/en\/#organization","name":"AIRCOM","url":"https:\/\/www.aircomsystem.com\/en\/","logo":{"@type":"ImageObject","inLanguage":"es","@id":"https:\/\/www.aircomsystem.com\/en\/#\/schema\/logo\/image\/","url":"https:\/\/www.aircomsystem.com\/wp-content\/uploads\/2020\/10\/chi_siamo_logo_aircom_attuale.png","contentUrl":"https:\/\/www.aircomsystem.com\/wp-content\/uploads\/2020\/10\/chi_siamo_logo_aircom_attuale.png","width":600,"height":395,"caption":"AIRCOM"},"image":{"@id":"https:\/\/www.aircomsystem.com\/en\/#\/schema\/logo\/image\/"}}]}},"jetpack_sharing_enabled":true,"_links":{"self":[{"href":"https:\/\/www.aircomsystem.com\/es\/wp-json\/wp\/v2\/pages\/15838","targetHints":{"allow":["GET"]}}],"collection":[{"href":"https:\/\/www.aircomsystem.com\/es\/wp-json\/wp\/v2\/pages"}],"about":[{"href":"https:\/\/www.aircomsystem.com\/es\/wp-json\/wp\/v2\/types\/page"}],"author":[{"embeddable":true,"href":"https:\/\/www.aircomsystem.com\/es\/wp-json\/wp\/v2\/users\/1"}],"replies":[{"embeddable":true,"href":"https:\/\/www.aircomsystem.com\/es\/wp-json\/wp\/v2\/comments?post=15838"}],"version-history":[{"count":0,"href":"https:\/\/www.aircomsystem.com\/es\/wp-json\/wp\/v2\/pages\/15838\/revisions"}],"wp:attachment":[{"href":"https:\/\/www.aircomsystem.com\/es\/wp-json\/wp\/v2\/media?parent=15838"}],"curies":[{"name":"wp","href":"https:\/\/api.w.org\/{rel}","templated":true}]}}