{"id":11328,"date":"2020-09-27T15:03:58","date_gmt":"2020-09-27T14:03:58","guid":{"rendered":"https:\/\/www.aircomsystem.com\/aircom\/"},"modified":"2020-10-18T12:25:51","modified_gmt":"2020-10-18T11:25:51","slug":"aircom","status":"publish","type":"page","link":"https:\/\/www.aircomsystem.com\/fr\/aircom\/","title":{"rendered":"Aircom"},"content":{"rendered":"<p>[et_pb_section fb_built=\u00a0\u00bb1&Prime; _builder_version=\u00a0\u00bb3.22&Prime; background_color=\u00a0\u00bb#444444&Prime; custom_padding=\u00a0\u00bb57px|0|49px|0px|false|false\u00a0\u00bb][et_pb_row column_structure=\u00a0\u00bb1_2,1_2&Prime; use_custom_gutter=\u00a0\u00bbon\u00a0\u00bb gutter_width=\u00a0\u00bb2&Prime; module_class=\u00a0\u00bbbtn-inline \u00a0\u00bb _builder_version=\u00a0\u00bb3.25&Prime; custom_margin=\u00a0\u00bb||60px\u00a0\u00bb use_custom_width=\u00a0\u00bbon\u00a0\u00bb custom_width_px=\u00a0\u00bb1400px\u00a0\u00bb][et_pb_column type=\u00a0\u00bb1_2&Prime; _builder_version=\u00a0\u00bb3.25&Prime; custom_padding=\u00a0\u00bb|||\u00a0\u00bb custom_padding__hover=\u00a0\u00bb|||\u00a0\u00bb][et_pb_text ul_item_indent=\u00a0\u00bb19px\u00a0\u00bb _builder_version=\u00a0\u00bb4.6.5&Prime; text_font=\u00a0\u00bbOpen Sans||||||||\u00a0\u00bb text_font_size=\u00a0\u00bb16px\u00a0\u00bb ul_font_size=\u00a0\u00bb16px\u00a0\u00bb ul_line_height=\u00a0\u00bb1.7em\u00a0\u00bb header_font=\u00a0\u00bbRajdhani|500|||||||\u00a0\u00bb header_text_align=\u00a0\u00bbleft\u00a0\u00bb header_text_color=\u00a0\u00bb#86c2eb\u00a0\u00bb header_2_font=\u00a0\u00bbRajdhani|600|||||||\u00a0\u00bb header_2_text_color=\u00a0\u00bb#86c2eb\u00a0\u00bb header_2_font_size=\u00a0\u00bb50px\u00a0\u00bb header_2_line_height=\u00a0\u00bb1.1em\u00a0\u00bb header_6_font=\u00a0\u00bbOpen Sans|600|||||||\u00a0\u00bb header_6_text_color=\u00a0\u00bb#86c2eb\u00a0\u00bb header_6_font_size=\u00a0\u00bb19px\u00a0\u00bb header_6_line_height=\u00a0\u00bb1.5em\u00a0\u00bb module_alignment=\u00a0\u00bbleft\u00a0\u00bb custom_margin_last_edited=\u00a0\u00bboff|desktop\u00a0\u00bb custom_padding_tablet=\u00a0\u00bb\u00a0\u00bb custom_padding_phone=\u00a0\u00bb|||\u00a0\u00bb custom_padding_last_edited=\u00a0\u00bbon|desktop\u00a0\u00bb animation_style=\u00a0\u00bbfade\u00a0\u00bb animation_delay=\u00a0\u00bb400ms\u00a0\u00bb z_index_tablet=\u00a0\u00bb500&Prime; custom_css_main_element__hover_enabled=\u00a0\u00bbon\u00a0\u00bb]<\/p>\n<h2 style=\"text-align: left;\">Qui sommes nous.<\/h2>\n<h6>AIRCOM est une entreprise italienne sp\u00e9cialis\u00e9e dans la conception et la production deconduites, de raccords de haute qualit\u00e9 et de technologies avanc\u00e9es pour installations \u00e0 air comprim\u00e9 et fluides sous pression.<\/h6>\n<p><span>Gr\u00e2ce au d\u00e9veloppement interne des composants et au grand savoir-faire technique m\u00fbri au fil du temps au sein de notre entreprise, nos services d\u2019assistance \u00e0 nos partenaires sont devenus\u00a0<\/span><strong>une r\u00e9f\u00e9rence internationale dans le secteur.<\/strong><\/p>\n<p>[\/et_pb_text][et_pb_button button_url=\u00a0\u00bb@ET-DC@eyJkeW5hbWljIjp0cnVlLCJjb250ZW50IjoicG9zdF9saW5rX3VybF9wYWdlIiwic2V0dGluZ3MiOnsicG9zdF9pZCI6IjEwNzczIn19@\u00a0\u00bb button_text=\u00a0\u00bbSyst\u00e8mes\u00a0\u00bb _builder_version=\u00a0\u00bb4.6.5&Prime; _dynamic_attributes=\u00a0\u00bbbutton_url\u00a0\u00bb custom_button=\u00a0\u00bbon\u00a0\u00bb button_text_size=\u00a0\u00bb14px\u00a0\u00bb button_text_color=\u00a0\u00bb#86c2eb\u00a0\u00bb button_bg_color=\u00a0\u00bb#444444&Prime; button_border_width=\u00a0\u00bb2px\u00a0\u00bb button_border_color=\u00a0\u00bb#86c2eb\u00a0\u00bb button_letter_spacing=\u00a0\u00bb1px\u00a0\u00bb button_font=\u00a0\u00bbRajdhani|700||on|||||\u00a0\u00bb button_use_icon=\u00a0\u00bboff\u00a0\u00bb custom_margin=\u00a0\u00bb||20px\u00a0\u00bb custom_padding=\u00a0\u00bb|40px||40px\u00a0\u00bb animation_style=\u00a0\u00bbfade\u00a0\u00bb animation_delay=\u00a0\u00bb800ms\u00a0\u00bb button_border_radius__hover_enabled=\u00a0\u00bbon\u00a0\u00bb button_bg_color__hover_enabled=\u00a0\u00bbon\u00a0\u00bb button_bg_color__hover=\u00a0\u00bb#86c2eb\u00a0\u00bb button_border_width__hover_enabled=\u00a0\u00bbon\u00a0\u00bb button_border_width__hover=\u00a0\u00bb2px\u00a0\u00bb button_text_color__hover_enabled=\u00a0\u00bbon\u00a0\u00bb button_text_color__hover=\u00a0\u00bb#292929&Prime; button_border_color__hover_enabled=\u00a0\u00bbon\u00a0\u00bb][\/et_pb_button][\/et_pb_column][et_pb_column type=\u00a0\u00bb1_2&Prime; _builder_version=\u00a0\u00bb3.25&Prime; custom_padding=\u00a0\u00bb|||\u00a0\u00bb custom_padding__hover=\u00a0\u00bb|||\u00a0\u00bb][et_pb_image src=\u00a0\u00bbhttps:\/\/www.aircomsystem.com\/wp-content\/uploads\/2020\/10\/chi_siamo_01.jpg\u00a0\u00bb align_tablet=\u00a0\u00bbcenter\u00a0\u00bb align_phone=\u00a0\u00bb\u00a0\u00bb align_last_edited=\u00a0\u00bbon|desktop\u00a0\u00bb _builder_version=\u00a0\u00bb4.6.6&Prime; animation_style=\u00a0\u00bbfade\u00a0\u00bb animation_delay=\u00a0\u00bb1000ms\u00a0\u00bb hover_enabled=\u00a0\u00bb0&Prime; title_text=\u00a0\u00bbchi_siamo_01&Prime; sticky_enabled=\u00a0\u00bb0&Prime;][\/et_pb_image][\/et_pb_column][\/et_pb_row][et_pb_row column_structure=\u00a0\u00bb1_5,3_5,1_5&Prime; use_custom_gutter=\u00a0\u00bbon\u00a0\u00bb gutter_width=\u00a0\u00bb2&Prime; module_id=\u00a0\u00bbla-storia\u00a0\u00bb module_class=\u00a0\u00bbbtn-inline \u00a0\u00bb _builder_version=\u00a0\u00bb3.25&Prime; max_width=\u00a0\u00bb90%\u00a0\u00bb use_custom_width=\u00a0\u00bbon\u00a0\u00bb width_unit=\u00a0\u00bboff\u00a0\u00bb custom_width_percent=\u00a0\u00bb90%\u00a0\u00bb][et_pb_column type=\u00a0\u00bb1_5&Prime; _builder_version=\u00a0\u00bb3.25&Prime; custom_padding=\u00a0\u00bb|||\u00a0\u00bb custom_padding__hover=\u00a0\u00bb|||\u00a0\u00bb][\/et_pb_column][et_pb_column type=\u00a0\u00bb3_5&Prime; _builder_version=\u00a0\u00bb3.25&Prime; custom_padding=\u00a0\u00bb|||\u00a0\u00bb custom_padding__hover=\u00a0\u00bb|||\u00a0\u00bb][et_pb_text ul_item_indent=\u00a0\u00bb19px\u00a0\u00bb _builder_version=\u00a0\u00bb4.6.5&Prime; text_font=\u00a0\u00bbOpen Sans||||||||\u00a0\u00bb text_font_size=\u00a0\u00bb16px\u00a0\u00bb ul_font=\u00a0\u00bb||||||||\u00a0\u00bb ul_font_size=\u00a0\u00bb16px\u00a0\u00bb ul_line_height=\u00a0\u00bb1.7em\u00a0\u00bb header_font=\u00a0\u00bbRajdhani|500|||||||\u00a0\u00bb header_text_align=\u00a0\u00bbleft\u00a0\u00bb header_text_color=\u00a0\u00bb#86c2eb\u00a0\u00bb header_2_font=\u00a0\u00bbRajdhani|600|||||||\u00a0\u00bb header_2_text_color=\u00a0\u00bb#86c2eb\u00a0\u00bb header_2_font_size=\u00a0\u00bb50px\u00a0\u00bb header_2_line_height=\u00a0\u00bb1.1em\u00a0\u00bb header_6_font=\u00a0\u00bbOpen Sans|600|||||||\u00a0\u00bb header_6_text_color=\u00a0\u00bb#86c2eb\u00a0\u00bb header_6_font_size=\u00a0\u00bb19px\u00a0\u00bb header_6_line_height=\u00a0\u00bb1.5em\u00a0\u00bb module_alignment=\u00a0\u00bbleft\u00a0\u00bb custom_margin_last_edited=\u00a0\u00bboff|desktop\u00a0\u00bb custom_padding_tablet=\u00a0\u00bb\u00a0\u00bb custom_padding_phone=\u00a0\u00bb|||\u00a0\u00bb custom_padding_last_edited=\u00a0\u00bbon|desktop\u00a0\u00bb animation_style=\u00a0\u00bbfade\u00a0\u00bb animation_delay=\u00a0\u00bb400ms\u00a0\u00bb custom_css_main_element__hover_enabled=\u00a0\u00bbon\u00a0\u00bb]<\/p>\n<h2 style=\"text-align: left;\">Notre Histoire<\/h2>\n<h6>AIRCOM a \u00e9t\u00e9 fond\u00e9e en 1996 par Stefano Di Liberto, qui a suivi les traces de son p\u00e8re dans la conception et la production de tuyaux, raccords et accessoires en polym\u00e8re technique et en mat\u00e9riaux composites pour fluides sous pression.<\/h6>\n<p><strong>En 1953, le p\u00e8re de Stefano, Marco, avait fond\u00e9 la FIP, la premi\u00e8re entreprise en Europe \u00e0 d\u00e9velopper des raccords et des valves r\u00e9alis\u00e9es en polym\u00e8re pour fluides sous pression,<\/strong><span>\u00a0<\/span>avec joints m\u00e9caniques ou soudures \u00e0 froid. Tous les raccords pour tuyaux bleus (\u00ab Blu pipes \u00bb) qui existent aujourd\u2019hui sont issus des raccords con\u00e7us et mis au point \u00e0 la fin des ann\u00e9es 60 par Plasson en Isra\u00ebl et par FIP en Italie.<\/p>\n<p>Depuis 1996, AIRCOM a cr\u00e9\u00e9 et d\u00e9velopp\u00e9 une s\u00e9rie de gammes compl\u00e8tes pour la distribution d\u2019air comprim\u00e9 et d\u2019autres fluides sous pression : de la<span>\u00a0<\/span><strong>Classic Line r\u00e9alis\u00e9e en polym\u00e8re technique ductile haute r\u00e9sistance<\/strong><span>\u00a0<\/span>avec technologie d\u2019assemblage par soudure \u00e0 froid, \u00e0 la<span>\u00a0<\/span><strong>Quick line compos\u00e9e de tuyaux et raccords en aluminium ou en polym\u00e8re HIP (haute r\u00e9sistance)<\/strong>.<\/p>\n<p>En 2005, AIRCOM est devenu le concepteur et producteur de la ligne AIRnet, pour le compte de Atlas Copco.<br \/>En raison du succ\u00e8s remport\u00e9 par cette ligne, en 2012 Atlas a d\u00e9cid\u00e9 de la produire de fa\u00e7on ind\u00e9pendante.<br \/>Toutes les nouvelles technologies con\u00e7ues et d\u00e9velopp\u00e9es par AIRCOM ces 20 derni\u00e8res ann\u00e9es ont permis \u00e0 nos clients d\u2019am\u00e9liorer la qualit\u00e9 de leurs \u00e9quipements, de r\u00e9duire sensiblement leur co\u00fbt et le co\u00fbt des futures installations et enfin, de r\u00e9duire de fa\u00e7on importante aussi bien les frais d\u2019\u00e9nergie que les montants investis pour la production d\u2019air comprim\u00e9, avec des avantages aussi bien \u00e9conomiques qu\u2019environnementaux.<\/p>\n<p>Actuellement, AIRCOM concentre ses efforts sur une \u00e9volution constante et sur l\u2019\u00e9largissement de sa gamme de produits afin de satisfaire les exigences des installateurs, ainsi que sur le d\u00e9veloppement de logiciels de calcul et de dessin pour continuer \u00e0 am\u00e9liorer l\u2019aide \u00e0 la conception d\u2019installations, dans le but d\u2019augmenter les avantages offerts \u00e0 nos partenaires.<\/p>\n<p><strong>Nos projets futurs visent \u00e0 \u00e9tendre constamment nos gammes de produits et \u00e0 d\u00e9velopper fortement tous les syst\u00e8mes de conception et de contr\u00f4le des installations afin d\u2019offrir toujours plus \u00e0 nos partenaires.<\/strong><span>\u00a0<\/span>Les \u00e9conomies d\u2019\u00e9nergie, ainsi que la r\u00e9duction des puissances install\u00e9es, gr\u00e2ce \u00e0 l\u2019optimisation des lignes de transport et de distribution d\u2019air comprim\u00e9, seront au centre de tous nos efforts.<\/p>\n<p>[\/et_pb_text][\/et_pb_column][et_pb_column type=\u00a0\u00bb1_5&Prime; _builder_version=\u00a0\u00bb3.25&Prime; custom_padding=\u00a0\u00bb|||\u00a0\u00bb custom_padding__hover=\u00a0\u00bb|||\u00a0\u00bb][\/et_pb_column][\/et_pb_row][et_pb_row column_structure=\u00a0\u00bb1_2,1_2&Prime; use_custom_gutter=\u00a0\u00bbon\u00a0\u00bb gutter_width=\u00a0\u00bb2&Prime; module_id=\u00a0\u00bbla-storia\u00a0\u00bb module_class=\u00a0\u00bbbtn-inline \u00a0\u00bb _builder_version=\u00a0\u00bb3.25&Prime; use_custom_width=\u00a0\u00bbon\u00a0\u00bb][et_pb_column type=\u00a0\u00bb1_2&Prime; _builder_version=\u00a0\u00bb3.25&Prime; custom_padding=\u00a0\u00bb|||\u00a0\u00bb custom_padding__hover=\u00a0\u00bb|||\u00a0\u00bb][et_pb_image src=\u00a0\u00bbhttps:\/\/www.aircomsystem.com\/wp-content\/uploads\/2020\/10\/chi_siamo_logo_aircom_vecchio.png\u00a0\u00bb align_tablet=\u00a0\u00bbcenter\u00a0\u00bb align_phone=\u00a0\u00bb\u00a0\u00bb align_last_edited=\u00a0\u00bbon|desktop\u00a0\u00bb _builder_version=\u00a0\u00bb4.6.6&Prime; hover_enabled=\u00a0\u00bb0&Prime; title_text=\u00a0\u00bbchi_siamo_logo_aircom_vecchio\u00a0\u00bb sticky_enabled=\u00a0\u00bb0&Prime;][\/et_pb_image][et_pb_text ul_item_indent=\u00a0\u00bb19px\u00a0\u00bb _builder_version=\u00a0\u00bb4.6.5&Prime; text_font=\u00a0\u00bbOpen Sans||||||||\u00a0\u00bb text_font_size=\u00a0\u00bb16px\u00a0\u00bb ul_font=\u00a0\u00bb||||||||\u00a0\u00bb ul_font_size=\u00a0\u00bb16px\u00a0\u00bb ul_line_height=\u00a0\u00bb1.7em\u00a0\u00bb header_font=\u00a0\u00bbRajdhani|500|||||||\u00a0\u00bb header_text_align=\u00a0\u00bbcenter\u00a0\u00bb header_text_color=\u00a0\u00bb#86c2eb\u00a0\u00bb header_2_font=\u00a0\u00bbRajdhani|600|||||||\u00a0\u00bb header_2_text_color=\u00a0\u00bb#86c2eb\u00a0\u00bb header_2_font_size=\u00a0\u00bb50px\u00a0\u00bb header_2_line_height=\u00a0\u00bb1.1em\u00a0\u00bb header_3_font=\u00a0\u00bbRajdhani|700||on|||||\u00a0\u00bb header_3_text_align=\u00a0\u00bbcenter\u00a0\u00bb header_3_text_color=\u00a0\u00bb#86c2eb\u00a0\u00bb header_3_font_size=\u00a0\u00bb25px\u00a0\u00bb header_6_font=\u00a0\u00bbOpen Sans|600|||||||\u00a0\u00bb header_6_text_color=\u00a0\u00bb#86c2eb\u00a0\u00bb header_6_font_size=\u00a0\u00bb19px\u00a0\u00bb header_6_line_height=\u00a0\u00bb1.5em\u00a0\u00bb module_alignment=\u00a0\u00bbleft\u00a0\u00bb custom_margin_last_edited=\u00a0\u00bboff|desktop\u00a0\u00bb custom_padding_tablet=\u00a0\u00bb\u00a0\u00bb custom_padding_phone=\u00a0\u00bb|||\u00a0\u00bb custom_padding_last_edited=\u00a0\u00bbon|desktop\u00a0\u00bb animation_style=\u00a0\u00bbfade\u00a0\u00bb animation_delay=\u00a0\u00bb400ms\u00a0\u00bb hover_enabled=\u00a0\u00bb0&Prime; custom_css_main_element__hover_enabled=\u00a0\u00bbon\u00a0\u00bb sticky_enabled=\u00a0\u00bb0&Prime;]<\/p>\n<h3>AIRCOM AU D\u00c9BUT<\/h3>\n<p>[\/et_pb_text][\/et_pb_column][et_pb_column type=\u00a0\u00bb1_2&Prime; _builder_version=\u00a0\u00bb3.25&Prime; custom_padding=\u00a0\u00bb|||\u00a0\u00bb custom_padding__hover=\u00a0\u00bb|||\u00a0\u00bb][et_pb_image src=\u00a0\u00bbhttps:\/\/www.aircomsystem.com\/wp-content\/uploads\/2020\/10\/chi_siamo_logo_aircom_attuale.png\u00a0\u00bb align_tablet=\u00a0\u00bbcenter\u00a0\u00bb align_phone=\u00a0\u00bb\u00a0\u00bb align_last_edited=\u00a0\u00bbon|desktop\u00a0\u00bb _builder_version=\u00a0\u00bb4.6.6&Prime; hover_enabled=\u00a0\u00bb0&Prime; title_text=\u00a0\u00bbchi_siamo_logo_aircom_attuale\u00a0\u00bb sticky_enabled=\u00a0\u00bb0&Prime;][\/et_pb_image][et_pb_text ul_item_indent=\u00a0\u00bb19px\u00a0\u00bb _builder_version=\u00a0\u00bb4.6.5&Prime; text_font=\u00a0\u00bbOpen Sans||||||||\u00a0\u00bb text_font_size=\u00a0\u00bb16px\u00a0\u00bb ul_font=\u00a0\u00bb||||||||\u00a0\u00bb ul_font_size=\u00a0\u00bb16px\u00a0\u00bb ul_line_height=\u00a0\u00bb1.7em\u00a0\u00bb header_font=\u00a0\u00bbRajdhani|500|||||||\u00a0\u00bb header_text_align=\u00a0\u00bbcenter\u00a0\u00bb header_text_color=\u00a0\u00bb#86c2eb\u00a0\u00bb header_2_font=\u00a0\u00bbRajdhani|600|||||||\u00a0\u00bb header_2_text_color=\u00a0\u00bb#86c2eb\u00a0\u00bb header_2_font_size=\u00a0\u00bb50px\u00a0\u00bb header_2_line_height=\u00a0\u00bb1.1em\u00a0\u00bb header_3_font=\u00a0\u00bbRajdhani|700||on|||||\u00a0\u00bb header_3_text_align=\u00a0\u00bbcenter\u00a0\u00bb header_3_text_color=\u00a0\u00bb#86c2eb\u00a0\u00bb header_3_font_size=\u00a0\u00bb25px\u00a0\u00bb header_6_font=\u00a0\u00bbOpen Sans|600|||||||\u00a0\u00bb header_6_text_color=\u00a0\u00bb#86c2eb\u00a0\u00bb header_6_font_size=\u00a0\u00bb19px\u00a0\u00bb header_6_line_height=\u00a0\u00bb1.5em\u00a0\u00bb module_alignment=\u00a0\u00bbleft\u00a0\u00bb custom_margin_last_edited=\u00a0\u00bboff|desktop\u00a0\u00bb custom_padding_tablet=\u00a0\u00bb\u00a0\u00bb custom_padding_phone=\u00a0\u00bb|||\u00a0\u00bb custom_padding_last_edited=\u00a0\u00bbon|desktop\u00a0\u00bb animation_style=\u00a0\u00bbfade\u00a0\u00bb animation_delay=\u00a0\u00bb400ms\u00a0\u00bb custom_css_main_element__hover_enabled=\u00a0\u00bbon\u00a0\u00bb]<\/p>\n<h3>AIRCOM AUJOURD\u2019HUI<\/h3>\n<p>[\/et_pb_text][\/et_pb_column][\/et_pb_row][\/et_pb_section]<\/p>\n","protected":false},"excerpt":{"rendered":"<p>Qui sommes nous. AIRCOM est une entreprise italienne sp\u00e9cialis\u00e9e dans la conception et la production deconduites, de raccords de haute qualit\u00e9 et de technologies avanc\u00e9es pour installations \u00e0 air comprim\u00e9 et fluides sous pression. Gr\u00e2ce au d\u00e9veloppement interne des composants et au grand savoir-faire technique m\u00fbri au fil du temps au sein de notre entreprise, [&hellip;]<\/p>\n","protected":false},"author":1,"featured_media":0,"parent":0,"menu_order":0,"comment_status":"closed","ping_status":"closed","template":"","meta":{"_et_pb_use_builder":"on","_et_pb_old_content":"","_et_gb_content_width":"","footnotes":""},"class_list":["post-11328","page","type-page","status-publish","hentry"],"yoast_head":"<!-- This site is optimized with the Yoast SEO plugin v27.4 - https:\/\/yoast.com\/product\/yoast-seo-wordpress\/ -->\n<title>Aircom - AIRCOM<\/title>\n<meta name=\"description\" content=\"Gr\u00e2ce au d\u00e9veloppement interne des composants et au grand savoir-faire technique m\u00fbri au fil du temps au sein de notre entreprise, nos services d\u2019assistance \u00e0 nos partenaires sont devenus une r\u00e9f\u00e9rence internationale dans le secteur.\" \/>\n<meta name=\"robots\" content=\"index, follow, max-snippet:-1, max-image-preview:large, max-video-preview:-1\" \/>\n<link rel=\"canonical\" href=\"https:\/\/www.aircomsystem.com\/fr\/aircom\/\" \/>\n<meta property=\"og:locale\" content=\"fr_FR\" \/>\n<meta property=\"og:type\" content=\"article\" \/>\n<meta property=\"og:title\" content=\"Aircom - AIRCOM\" \/>\n<meta property=\"og:description\" content=\"Gr\u00e2ce au d\u00e9veloppement interne des composants et au grand savoir-faire technique m\u00fbri au fil du temps au sein de notre entreprise, nos services d\u2019assistance \u00e0 nos partenaires sont devenus une r\u00e9f\u00e9rence internationale dans le secteur.\" \/>\n<meta property=\"og:url\" content=\"https:\/\/www.aircomsystem.com\/fr\/aircom\/\" \/>\n<meta property=\"og:site_name\" content=\"AIRCOM\" \/>\n<meta property=\"article:modified_time\" content=\"2020-10-18T11:25:51+00:00\" \/>\n<meta name=\"twitter:card\" content=\"summary_large_image\" \/>\n<meta name=\"twitter:label1\" content=\"Dur\u00e9e de lecture estim\u00e9e\" \/>\n\t<meta name=\"twitter:data1\" content=\"7 minutes\" \/>\n<script type=\"application\/ld+json\" class=\"yoast-schema-graph\">{\"@context\":\"https:\\\/\\\/schema.org\",\"@graph\":[{\"@type\":\"WebPage\",\"@id\":\"https:\\\/\\\/www.aircomsystem.com\\\/fr\\\/aircom\\\/\",\"url\":\"https:\\\/\\\/www.aircomsystem.com\\\/fr\\\/aircom\\\/\",\"name\":\"Aircom - AIRCOM\",\"isPartOf\":{\"@id\":\"https:\\\/\\\/www.aircomsystem.com\\\/en\\\/#website\"},\"datePublished\":\"2020-09-27T14:03:58+00:00\",\"dateModified\":\"2020-10-18T11:25:51+00:00\",\"description\":\"Gr\u00e2ce au d\u00e9veloppement interne des composants et au grand savoir-faire technique m\u00fbri au fil du temps au sein de notre entreprise, nos services d\u2019assistance \u00e0 nos partenaires sont devenus une r\u00e9f\u00e9rence internationale dans le secteur.\",\"inLanguage\":\"fr-FR\",\"potentialAction\":[{\"@type\":\"ReadAction\",\"target\":[\"https:\\\/\\\/www.aircomsystem.com\\\/fr\\\/aircom\\\/\"]}]},{\"@type\":\"WebSite\",\"@id\":\"https:\\\/\\\/www.aircomsystem.com\\\/en\\\/#website\",\"url\":\"https:\\\/\\\/www.aircomsystem.com\\\/en\\\/\",\"name\":\"AIRCOM\",\"description\":\"\",\"publisher\":{\"@id\":\"https:\\\/\\\/www.aircomsystem.com\\\/en\\\/#organization\"},\"potentialAction\":[{\"@type\":\"SearchAction\",\"target\":{\"@type\":\"EntryPoint\",\"urlTemplate\":\"https:\\\/\\\/www.aircomsystem.com\\\/en\\\/?s={search_term_string}\"},\"query-input\":{\"@type\":\"PropertyValueSpecification\",\"valueRequired\":true,\"valueName\":\"search_term_string\"}}],\"inLanguage\":\"fr-FR\"},{\"@type\":\"Organization\",\"@id\":\"https:\\\/\\\/www.aircomsystem.com\\\/en\\\/#organization\",\"name\":\"AIRCOM\",\"url\":\"https:\\\/\\\/www.aircomsystem.com\\\/en\\\/\",\"logo\":{\"@type\":\"ImageObject\",\"inLanguage\":\"fr-FR\",\"@id\":\"https:\\\/\\\/www.aircomsystem.com\\\/en\\\/#\\\/schema\\\/logo\\\/image\\\/\",\"url\":\"https:\\\/\\\/www.aircomsystem.com\\\/wp-content\\\/uploads\\\/2020\\\/10\\\/chi_siamo_logo_aircom_attuale.png\",\"contentUrl\":\"https:\\\/\\\/www.aircomsystem.com\\\/wp-content\\\/uploads\\\/2020\\\/10\\\/chi_siamo_logo_aircom_attuale.png\",\"width\":600,\"height\":395,\"caption\":\"AIRCOM\"},\"image\":{\"@id\":\"https:\\\/\\\/www.aircomsystem.com\\\/en\\\/#\\\/schema\\\/logo\\\/image\\\/\"}}]}<\/script>\n<!-- \/ Yoast SEO plugin. -->","yoast_head_json":{"title":"Aircom - AIRCOM","description":"Gr\u00e2ce au d\u00e9veloppement interne des composants et au grand savoir-faire technique m\u00fbri au fil du temps au sein de notre entreprise, nos services d\u2019assistance \u00e0 nos partenaires sont devenus une r\u00e9f\u00e9rence internationale dans le secteur.","robots":{"index":"index","follow":"follow","max-snippet":"max-snippet:-1","max-image-preview":"max-image-preview:large","max-video-preview":"max-video-preview:-1"},"canonical":"https:\/\/www.aircomsystem.com\/fr\/aircom\/","og_locale":"fr_FR","og_type":"article","og_title":"Aircom - AIRCOM","og_description":"Gr\u00e2ce au d\u00e9veloppement interne des composants et au grand savoir-faire technique m\u00fbri au fil du temps au sein de notre entreprise, nos services d\u2019assistance \u00e0 nos partenaires sont devenus une r\u00e9f\u00e9rence internationale dans le secteur.","og_url":"https:\/\/www.aircomsystem.com\/fr\/aircom\/","og_site_name":"AIRCOM","article_modified_time":"2020-10-18T11:25:51+00:00","twitter_card":"summary_large_image","twitter_misc":{"Dur\u00e9e de lecture estim\u00e9e":"7 minutes"},"schema":{"@context":"https:\/\/schema.org","@graph":[{"@type":"WebPage","@id":"https:\/\/www.aircomsystem.com\/fr\/aircom\/","url":"https:\/\/www.aircomsystem.com\/fr\/aircom\/","name":"Aircom - AIRCOM","isPartOf":{"@id":"https:\/\/www.aircomsystem.com\/en\/#website"},"datePublished":"2020-09-27T14:03:58+00:00","dateModified":"2020-10-18T11:25:51+00:00","description":"Gr\u00e2ce au d\u00e9veloppement interne des composants et au grand savoir-faire technique m\u00fbri au fil du temps au sein de notre entreprise, nos services d\u2019assistance \u00e0 nos partenaires sont devenus une r\u00e9f\u00e9rence internationale dans le secteur.","inLanguage":"fr-FR","potentialAction":[{"@type":"ReadAction","target":["https:\/\/www.aircomsystem.com\/fr\/aircom\/"]}]},{"@type":"WebSite","@id":"https:\/\/www.aircomsystem.com\/en\/#website","url":"https:\/\/www.aircomsystem.com\/en\/","name":"AIRCOM","description":"","publisher":{"@id":"https:\/\/www.aircomsystem.com\/en\/#organization"},"potentialAction":[{"@type":"SearchAction","target":{"@type":"EntryPoint","urlTemplate":"https:\/\/www.aircomsystem.com\/en\/?s={search_term_string}"},"query-input":{"@type":"PropertyValueSpecification","valueRequired":true,"valueName":"search_term_string"}}],"inLanguage":"fr-FR"},{"@type":"Organization","@id":"https:\/\/www.aircomsystem.com\/en\/#organization","name":"AIRCOM","url":"https:\/\/www.aircomsystem.com\/en\/","logo":{"@type":"ImageObject","inLanguage":"fr-FR","@id":"https:\/\/www.aircomsystem.com\/en\/#\/schema\/logo\/image\/","url":"https:\/\/www.aircomsystem.com\/wp-content\/uploads\/2020\/10\/chi_siamo_logo_aircom_attuale.png","contentUrl":"https:\/\/www.aircomsystem.com\/wp-content\/uploads\/2020\/10\/chi_siamo_logo_aircom_attuale.png","width":600,"height":395,"caption":"AIRCOM"},"image":{"@id":"https:\/\/www.aircomsystem.com\/en\/#\/schema\/logo\/image\/"}}]}},"jetpack_sharing_enabled":true,"_links":{"self":[{"href":"https:\/\/www.aircomsystem.com\/fr\/wp-json\/wp\/v2\/pages\/11328","targetHints":{"allow":["GET"]}}],"collection":[{"href":"https:\/\/www.aircomsystem.com\/fr\/wp-json\/wp\/v2\/pages"}],"about":[{"href":"https:\/\/www.aircomsystem.com\/fr\/wp-json\/wp\/v2\/types\/page"}],"author":[{"embeddable":true,"href":"https:\/\/www.aircomsystem.com\/fr\/wp-json\/wp\/v2\/users\/1"}],"replies":[{"embeddable":true,"href":"https:\/\/www.aircomsystem.com\/fr\/wp-json\/wp\/v2\/comments?post=11328"}],"version-history":[{"count":0,"href":"https:\/\/www.aircomsystem.com\/fr\/wp-json\/wp\/v2\/pages\/11328\/revisions"}],"wp:attachment":[{"href":"https:\/\/www.aircomsystem.com\/fr\/wp-json\/wp\/v2\/media?parent=11328"}],"curies":[{"name":"wp","href":"https:\/\/api.w.org\/{rel}","templated":true}]}}