{"id":11138,"date":"2020-09-27T17:43:03","date_gmt":"2020-09-27T16:43:03","guid":{"rendered":"https:\/\/www.aircomsystem.com\/privacy\/"},"modified":"2020-10-09T15:59:51","modified_gmt":"2020-10-09T14:59:51","slug":"privacy","status":"publish","type":"page","link":"https:\/\/www.aircomsystem.com\/it\/privacy\/","title":{"rendered":"Privacy"},"content":{"rendered":"<p>[et_pb_section fb_built=&#8221;1&#8243; _builder_version=&#8221;3.22&#8243;][et_pb_row column_structure=&#8221;1_4,3_4&#8243; make_equal=&#8221;off&#8221; _builder_version=&#8221;4.6.5&#8243; background_size=&#8221;initial&#8221; background_position=&#8221;top_left&#8221; background_repeat=&#8221;repeat&#8221;][et_pb_column type=&#8221;1_4&#8243; _builder_version=&#8221;3.25&#8243; custom_padding=&#8221;|||&#8221; custom_padding__hover=&#8221;|||&#8221;][et_pb_code _builder_version=&#8221;4.6.5&#8243; _module_preset=&#8221;default&#8221;]<div id=\"mega-menu-wrap-max_mega_menu_7\" class=\"mega-menu-wrap\"><div class=\"mega-menu-toggle\"><div class=\"mega-toggle-blocks-left\"><\/div><div class=\"mega-toggle-blocks-center\"><\/div><div class=\"mega-toggle-blocks-right\"><div class='mega-toggle-block mega-menu-toggle-block mega-toggle-block-1' id='mega-toggle-block-1'><button class='mega-toggle-standard mega-toggle-label' aria-haspopup='true' aria-expanded='false' aria-controls='mega-menu-max_mega_menu_7'><span class='mega-toggle-label-closed'>MENU<\/span><span class='mega-toggle-label-open'>MENU<\/span><\/button><\/div><\/div><\/div><ul id=\"mega-menu-max_mega_menu_7\" class=\"mega-menu max-mega-menu mega-menu-vertical mega-no-js\" data-event=\"hover_intent\" data-effect=\"fade_up\" data-effect-speed=\"200\" data-effect-mobile=\"disabled\" data-effect-speed-mobile=\"0\" data-mobile-force-width=\"false\" data-second-click=\"go\" data-document-click=\"collapse\" data-vertical-behaviour=\"standard\" data-breakpoint=\"0\" data-unbind=\"true\" data-mobile-state=\"collapse_all\" data-mobile-direction=\"vertical\" data-hover-intent-timeout=\"300\" data-hover-intent-interval=\"100\" data-overlay-desktop=\"false\" data-overlay-mobile=\"false\"><li class=\"mega-menu-item mega-menu-item-type-post_type mega-menu-item-object-page mega-align-bottom-left mega-menu-flyout mega-menu-item-11014\" id=\"mega-menu-item-11014\"><a class=\"mega-menu-link\" href=\"https:\/\/www.aircomsystem.com\/en\/corporate-and-legal-info\/\">Corporate and Legal info<\/a><\/li><li class=\"mega-menu-item mega-menu-item-type-post_type mega-menu-item-object-page mega-align-bottom-left mega-menu-flyout mega-menu-item-11015\" id=\"mega-menu-item-11015\"><a class=\"mega-menu-link\" href=\"https:\/\/www.aircomsystem.com\/en\/privacy\/\">Privacy<\/a><\/li><li class=\"mega-menu-item mega-menu-item-type-post_type mega-menu-item-object-page mega-align-bottom-left mega-menu-flyout mega-menu-item-11013\" id=\"mega-menu-item-11013\"><a class=\"mega-menu-link\" href=\"https:\/\/www.aircomsystem.com\/en\/cookies\/\">Cookies<\/a><\/li><li class=\"mega-menu-item mega-menu-item-type-custom mega-menu-item-object-custom mega-align-bottom-left mega-menu-flyout mega-menu-item-16467\" id=\"mega-menu-item-16467\"><a class=\"mega-menu-link\" href=\"https:\/\/www.aircomsystem.com\/en\/cookie-policy-ue\/?cmplz_region_redirect=true\">Cookie Policy<\/a><\/li><li class=\"mega-menu-item mega-menu-item-type-custom mega-menu-item-object-custom mega-align-bottom-left mega-menu-flyout mega-menu-item-16468\" id=\"mega-menu-item-16468\"><a class=\"mega-menu-link\" href=\"https:\/\/www.aircomsystem.com\/en\/privacy-ue\/?cmplz_region_redirect=true\">Dichiarazione sulla Privacy<\/a><\/li><\/ul><\/div>[\/et_pb_code][\/et_pb_column][et_pb_column type=&#8221;3_4&#8243; _builder_version=&#8221;3.25&#8243; custom_padding=&#8221;|||&#8221; custom_padding__hover=&#8221;|||&#8221;][et_pb_text admin_label=&#8221;Paragraph_Title_Small&#8221; _builder_version=&#8221;4.6.5&#8243; text_font=&#8221;||||||||&#8221; text_text_color=&#8221;#444444&#8243; header_4_text_color=&#8221;#444444&#8243; custom_margin=&#8221;||30px|&#8221; hover_enabled=&#8221;0&#8243; sticky_enabled=&#8221;0&#8243;]<\/p>\n<h4>PRIVACY<\/h4>\n<p class=\"p1\"><b><\/b><\/p>\n<p class=\"p1\"><b>Dichiarazione sul trattamento dei dati personali<\/b><\/p>\n<p class=\"p1\"><span>Il Titolare del trattamento informa in conformit\u00e0 al Regolamento UE 679\/2016 per la protezione dei dati (di seguito \u201cRegolamento\u201d) come proprietario delle informazioni dell\u2019utente (di seguito \u201cUtente\u201d) qualificate come dati personali ai sensi del Regolamento e che proceder\u00e0 al relativo trattamento per le finalit\u00e0 e con le modalit\u00e0 indicate nel presente documento<\/span><\/p>\n<p><b>1. SCOPO DEL TRATTAMENTO<br \/><\/b>Il Titolare del trattamento utilizzer\u00e0 i dati raccolti attraverso questo sito Web esclusivamente per i seguenti scopi:<\/p>\n<p>a. Registrati al sito<br \/>\u00c8 possibile decidere di registrarsi al sito Web creando un account protetto da password con i propri dati personali. Registrandoti al sito, con il tuo consenso, il Titolare del trattamento tratter\u00e0 i tuoi dati in modo da poter usufruire di alcuni servizi come, tra l\u2019altro, vedere i dati degli ordini in corso e quelli che sono stati elaborati o restituiti di recente . Registrandoti puoi anche amministrare il consenso rilasciato per l\u2019iscrizione alla newsletter e alla profilazione.<\/p>\n<p>b. Finalit\u00e0 relative alle attivit\u00e0 di marketing e di profilazione<br \/>Con il tuo specifico consenso, i dati personali rilasciati sulle pagine di iscrizione al servizio di newsletter e la registrazione al sito, saranno utilizzati per le seguenti finalit\u00e0: raccolta, registrazione ed elaborazione dei dati di acquisto, analisi economiche e statistiche, invio di materiale pubblicitario \/ attivit\u00e0 promozionali informative \/ promozionali.<\/p>\n<p><b>2. BASE GIURIDICA DEL TRATTAMENTO<br \/><\/b>Il Titolare del trattamento tratter\u00e0 i tuoi dati personali sulle seguenti basi legali:<\/p>\n<p>a. in base al tuo specifico consenso (ad esempio nei casi di marketing e di profilazione);<br \/>b. perch\u00e9 \u00e8 necessario per gli obblighi contrattuali;<br \/>c. perch\u00e9 \u00e8 necessario perseguire un interesse legittimo (ad esempio per i controlli antifrode nell\u2019uso degli strumenti di pagamento).<\/p>\n<p>Il Titolare manterr\u00e0 i tuoi dati personali solo per il tempo strettamente necessario per la gestione del servizio richiesto o fino a quando richiesto in virt\u00f9 dei nostri obblighi legali e contrattuali in tutto il mondo con le seguenti eccezioni:<\/p>\n<p>b. se hai un account, terremo le tue informazioni personali finch\u00e9 l\u2019account non sar\u00e0 attivo<\/p>\n<p>c. Se sei iscritto al servizio di newsletter, e se hai dato il consenso alla profilazione, manterremo i tuoi dati fino a quando non ci avrai notificato la tua intenzione di cancellare il tuo abbonamento al servizio<\/p>\n<p><b>3. CONDIVIDERE LE INFORMAZIONI CON ALTRI SOGGETTI<\/b><br \/><span>Per le finalit\u00e0 indicate nella presente informativa, i tuoi dati personali potranno essere comunicati ad altre societ\u00e0 controllate dal Titolare o a soggetti terzi che collaborano con il Titolare del trattamento nella fornitura di servizi, debitamente designati come responsabili o incaricati del trattamento.<\/span><br \/><span>Inoltre, per tutte le finalit\u00e0 indicate nell\u2019informativa, i tuoi dati potranno essere comunicati anche all\u2019estero, all\u2019interno o all\u2019esterno dell\u2019Unione Europea, nel rispetto dei diritti e delle garanzie previsti dalla normativa vigente e previa verifica dell\u2019adeguatezza del livello di protezione garantito dal paese terzo.<\/span><br \/><span>Infine, i tuoi dati saranno elaborati da risorse interne negli uffici del proprietario, adeguatamente formati, che lavorano come personale autorizzato per il trattamento dei dati personali.<\/span><\/p>\n<p><b>4. DIRITTI DELLA PARTE INTERESSATA<\/b><br \/><span>Vi informiamo che avete il diritto di chiedere al Titolare del trattamento di accedere ai vostri dati personali e di correggerli qualora siano inesatti, di eliminare o limitare il loro trattamento se le condizioni sono soddisfatte, o di opporsi al loro trattamento per interessi legittimi perseguiti dal nostro societ\u00e0, oltre a ottenere la portabilit\u00e0 dei dati forniti, solo se soggetti ad un trattamento automatizzato basato sul consenso o sul contratto.<\/span><br \/><span>Hai anche il diritto di revocare il consenso dato a fini di elaborazione che lo richiedono, fatta salva la liceit\u00e0 del trattamento effettuato fino al momento della revoca.<\/span><br \/><span>Ti informiamo che puoi esercitare i tuoi diritti contattando il Titolare agli indirizzi indicati al punto 1. Ti ricordiamo inoltre che hai il diritto di presentare un reclamo al Garante per la protezione dei dati personali (www.garanteprivacy.it) .<\/span><\/p>\n<p>[\/et_pb_text][\/et_pb_column][\/et_pb_row][\/et_pb_section]<\/p>\n","protected":false},"excerpt":{"rendered":"<p><div id=\"mega-menu-wrap-max_mega_menu_7\" class=\"mega-menu-wrap\"><div class=\"mega-menu-toggle\"><div class=\"mega-toggle-blocks-left\"><\/div><div class=\"mega-toggle-blocks-center\"><\/div><div class=\"mega-toggle-blocks-right\"><div class='mega-toggle-block mega-menu-toggle-block mega-toggle-block-1' id='mega-toggle-block-1'><button class='mega-toggle-standard mega-toggle-label' aria-haspopup='true' aria-expanded='false' aria-controls='mega-menu-max_mega_menu_7'><span class='mega-toggle-label-closed'>MENU<\/span><span class='mega-toggle-label-open'>MENU<\/span><\/button><\/div><\/div><\/div><ul id=\"mega-menu-max_mega_menu_7\" class=\"mega-menu max-mega-menu mega-menu-vertical mega-no-js\" data-event=\"hover_intent\" data-effect=\"fade_up\" data-effect-speed=\"200\" data-effect-mobile=\"disabled\" data-effect-speed-mobile=\"0\" data-mobile-force-width=\"false\" data-second-click=\"go\" data-document-click=\"collapse\" data-vertical-behaviour=\"standard\" data-breakpoint=\"0\" data-unbind=\"true\" data-mobile-state=\"collapse_all\" data-mobile-direction=\"vertical\" data-hover-intent-timeout=\"300\" data-hover-intent-interval=\"100\" data-overlay-desktop=\"false\" data-overlay-mobile=\"false\"><li class=\"mega-menu-item mega-menu-item-type-post_type mega-menu-item-object-page mega-align-bottom-left mega-menu-flyout mega-menu-item-11014\" id=\"mega-menu-item-11014\"><a class=\"mega-menu-link\" href=\"https:\/\/www.aircomsystem.com\/en\/corporate-and-legal-info\/\">Corporate and Legal info<\/a><\/li><li class=\"mega-menu-item mega-menu-item-type-post_type mega-menu-item-object-page mega-align-bottom-left mega-menu-flyout mega-menu-item-11015\" id=\"mega-menu-item-11015\"><a class=\"mega-menu-link\" href=\"https:\/\/www.aircomsystem.com\/en\/privacy\/\">Privacy<\/a><\/li><li class=\"mega-menu-item mega-menu-item-type-post_type mega-menu-item-object-page mega-align-bottom-left mega-menu-flyout mega-menu-item-11013\" id=\"mega-menu-item-11013\"><a class=\"mega-menu-link\" href=\"https:\/\/www.aircomsystem.com\/en\/cookies\/\">Cookies<\/a><\/li><li class=\"mega-menu-item mega-menu-item-type-custom mega-menu-item-object-custom mega-align-bottom-left mega-menu-flyout mega-menu-item-16467\" id=\"mega-menu-item-16467\"><a class=\"mega-menu-link\" href=\"https:\/\/www.aircomsystem.com\/en\/cookie-policy-ue\/?cmplz_region_redirect=true\">Cookie Policy<\/a><\/li><li class=\"mega-menu-item mega-menu-item-type-custom mega-menu-item-object-custom mega-align-bottom-left mega-menu-flyout mega-menu-item-16468\" id=\"mega-menu-item-16468\"><a class=\"mega-menu-link\" href=\"https:\/\/www.aircomsystem.com\/en\/privacy-ue\/?cmplz_region_redirect=true\">Dichiarazione sulla Privacy<\/a><\/li><\/ul><\/div>PRIVACY Dichiarazione sul trattamento dei dati personali Il Titolare del trattamento informa in conformit\u00e0 al Regolamento UE 679\/2016 per la protezione dei dati (di seguito \u201cRegolamento\u201d) come proprietario delle informazioni dell\u2019utente (di seguito \u201cUtente\u201d) qualificate come dati personali ai sensi del Regolamento e che proceder\u00e0 al relativo trattamento per le finalit\u00e0 e con le [&hellip;]<\/p>\n","protected":false},"author":1,"featured_media":0,"parent":0,"menu_order":0,"comment_status":"closed","ping_status":"closed","template":"","meta":{"_et_pb_use_builder":"on","_et_pb_old_content":"","_et_gb_content_width":"","footnotes":""},"class_list":["post-11138","page","type-page","status-publish","hentry"],"yoast_head":"<!-- This site is optimized with the Yoast SEO plugin v27.4 - https:\/\/yoast.com\/product\/yoast-seo-wordpress\/ -->\n<title>Privacy - AIRCOM<\/title>\n<meta name=\"robots\" content=\"index, follow, max-snippet:-1, max-image-preview:large, max-video-preview:-1\" \/>\n<link rel=\"canonical\" href=\"https:\/\/www.aircomsystem.com\/it\/privacy\/\" \/>\n<meta property=\"og:locale\" content=\"it_IT\" \/>\n<meta property=\"og:type\" content=\"article\" \/>\n<meta property=\"og:title\" content=\"Privacy - AIRCOM\" \/>\n<meta property=\"og:description\" content=\"PRIVACY Dichiarazione sul trattamento dei dati personali Il Titolare del trattamento informa in conformit\u00e0 al Regolamento UE 679\/2016 per la protezione dei dati (di seguito \u201cRegolamento\u201d) come proprietario delle informazioni dell\u2019utente (di seguito \u201cUtente\u201d) qualificate come dati personali ai sensi del Regolamento e che proceder\u00e0 al relativo trattamento per le finalit\u00e0 e con le [&hellip;]\" \/>\n<meta property=\"og:url\" content=\"https:\/\/www.aircomsystem.com\/it\/privacy\/\" \/>\n<meta property=\"og:site_name\" content=\"AIRCOM\" \/>\n<meta property=\"article:modified_time\" content=\"2020-10-09T14:59:51+00:00\" \/>\n<meta name=\"twitter:card\" content=\"summary_large_image\" \/>\n<meta name=\"twitter:label1\" content=\"Tempo di lettura stimato\" \/>\n\t<meta name=\"twitter:data1\" content=\"4 minuti\" \/>\n<script type=\"application\/ld+json\" class=\"yoast-schema-graph\">{\"@context\":\"https:\\\/\\\/schema.org\",\"@graph\":[{\"@type\":\"WebPage\",\"@id\":\"https:\\\/\\\/www.aircomsystem.com\\\/it\\\/privacy\\\/\",\"url\":\"https:\\\/\\\/www.aircomsystem.com\\\/it\\\/privacy\\\/\",\"name\":\"Privacy - AIRCOM\",\"isPartOf\":{\"@id\":\"https:\\\/\\\/www.aircomsystem.com\\\/en\\\/#website\"},\"datePublished\":\"2020-09-27T16:43:03+00:00\",\"dateModified\":\"2020-10-09T14:59:51+00:00\",\"inLanguage\":\"it-IT\",\"potentialAction\":[{\"@type\":\"ReadAction\",\"target\":[\"https:\\\/\\\/www.aircomsystem.com\\\/it\\\/privacy\\\/\"]}]},{\"@type\":\"WebSite\",\"@id\":\"https:\\\/\\\/www.aircomsystem.com\\\/en\\\/#website\",\"url\":\"https:\\\/\\\/www.aircomsystem.com\\\/en\\\/\",\"name\":\"AIRCOM\",\"description\":\"\",\"publisher\":{\"@id\":\"https:\\\/\\\/www.aircomsystem.com\\\/en\\\/#organization\"},\"potentialAction\":[{\"@type\":\"SearchAction\",\"target\":{\"@type\":\"EntryPoint\",\"urlTemplate\":\"https:\\\/\\\/www.aircomsystem.com\\\/en\\\/?s={search_term_string}\"},\"query-input\":{\"@type\":\"PropertyValueSpecification\",\"valueRequired\":true,\"valueName\":\"search_term_string\"}}],\"inLanguage\":\"it-IT\"},{\"@type\":\"Organization\",\"@id\":\"https:\\\/\\\/www.aircomsystem.com\\\/en\\\/#organization\",\"name\":\"AIRCOM\",\"url\":\"https:\\\/\\\/www.aircomsystem.com\\\/en\\\/\",\"logo\":{\"@type\":\"ImageObject\",\"inLanguage\":\"it-IT\",\"@id\":\"https:\\\/\\\/www.aircomsystem.com\\\/en\\\/#\\\/schema\\\/logo\\\/image\\\/\",\"url\":\"https:\\\/\\\/www.aircomsystem.com\\\/wp-content\\\/uploads\\\/2020\\\/10\\\/chi_siamo_logo_aircom_attuale.png\",\"contentUrl\":\"https:\\\/\\\/www.aircomsystem.com\\\/wp-content\\\/uploads\\\/2020\\\/10\\\/chi_siamo_logo_aircom_attuale.png\",\"width\":600,\"height\":395,\"caption\":\"AIRCOM\"},\"image\":{\"@id\":\"https:\\\/\\\/www.aircomsystem.com\\\/en\\\/#\\\/schema\\\/logo\\\/image\\\/\"}}]}<\/script>\n<!-- \/ Yoast SEO plugin. -->","yoast_head_json":{"title":"Privacy - AIRCOM","robots":{"index":"index","follow":"follow","max-snippet":"max-snippet:-1","max-image-preview":"max-image-preview:large","max-video-preview":"max-video-preview:-1"},"canonical":"https:\/\/www.aircomsystem.com\/it\/privacy\/","og_locale":"it_IT","og_type":"article","og_title":"Privacy - AIRCOM","og_description":"PRIVACY Dichiarazione sul trattamento dei dati personali Il Titolare del trattamento informa in conformit\u00e0 al Regolamento UE 679\/2016 per la protezione dei dati (di seguito \u201cRegolamento\u201d) come proprietario delle informazioni dell\u2019utente (di seguito \u201cUtente\u201d) qualificate come dati personali ai sensi del Regolamento e che proceder\u00e0 al relativo trattamento per le finalit\u00e0 e con le [&hellip;]","og_url":"https:\/\/www.aircomsystem.com\/it\/privacy\/","og_site_name":"AIRCOM","article_modified_time":"2020-10-09T14:59:51+00:00","twitter_card":"summary_large_image","twitter_misc":{"Tempo di lettura stimato":"4 minuti"},"schema":{"@context":"https:\/\/schema.org","@graph":[{"@type":"WebPage","@id":"https:\/\/www.aircomsystem.com\/it\/privacy\/","url":"https:\/\/www.aircomsystem.com\/it\/privacy\/","name":"Privacy - AIRCOM","isPartOf":{"@id":"https:\/\/www.aircomsystem.com\/en\/#website"},"datePublished":"2020-09-27T16:43:03+00:00","dateModified":"2020-10-09T14:59:51+00:00","inLanguage":"it-IT","potentialAction":[{"@type":"ReadAction","target":["https:\/\/www.aircomsystem.com\/it\/privacy\/"]}]},{"@type":"WebSite","@id":"https:\/\/www.aircomsystem.com\/en\/#website","url":"https:\/\/www.aircomsystem.com\/en\/","name":"AIRCOM","description":"","publisher":{"@id":"https:\/\/www.aircomsystem.com\/en\/#organization"},"potentialAction":[{"@type":"SearchAction","target":{"@type":"EntryPoint","urlTemplate":"https:\/\/www.aircomsystem.com\/en\/?s={search_term_string}"},"query-input":{"@type":"PropertyValueSpecification","valueRequired":true,"valueName":"search_term_string"}}],"inLanguage":"it-IT"},{"@type":"Organization","@id":"https:\/\/www.aircomsystem.com\/en\/#organization","name":"AIRCOM","url":"https:\/\/www.aircomsystem.com\/en\/","logo":{"@type":"ImageObject","inLanguage":"it-IT","@id":"https:\/\/www.aircomsystem.com\/en\/#\/schema\/logo\/image\/","url":"https:\/\/www.aircomsystem.com\/wp-content\/uploads\/2020\/10\/chi_siamo_logo_aircom_attuale.png","contentUrl":"https:\/\/www.aircomsystem.com\/wp-content\/uploads\/2020\/10\/chi_siamo_logo_aircom_attuale.png","width":600,"height":395,"caption":"AIRCOM"},"image":{"@id":"https:\/\/www.aircomsystem.com\/en\/#\/schema\/logo\/image\/"}}]}},"jetpack_sharing_enabled":true,"_links":{"self":[{"href":"https:\/\/www.aircomsystem.com\/it\/wp-json\/wp\/v2\/pages\/11138","targetHints":{"allow":["GET"]}}],"collection":[{"href":"https:\/\/www.aircomsystem.com\/it\/wp-json\/wp\/v2\/pages"}],"about":[{"href":"https:\/\/www.aircomsystem.com\/it\/wp-json\/wp\/v2\/types\/page"}],"author":[{"embeddable":true,"href":"https:\/\/www.aircomsystem.com\/it\/wp-json\/wp\/v2\/users\/1"}],"replies":[{"embeddable":true,"href":"https:\/\/www.aircomsystem.com\/it\/wp-json\/wp\/v2\/comments?post=11138"}],"version-history":[{"count":0,"href":"https:\/\/www.aircomsystem.com\/it\/wp-json\/wp\/v2\/pages\/11138\/revisions"}],"wp:attachment":[{"href":"https:\/\/www.aircomsystem.com\/it\/wp-json\/wp\/v2\/media?parent=11138"}],"curies":[{"name":"wp","href":"https:\/\/api.w.org\/{rel}","templated":true}]}}